{"id":38548,"date":"2018-06-12T20:19:47","date_gmt":"2018-06-12T18:19:47","guid":{"rendered":"http:\/\/www.libraria-occitana.org\/product\/peta-li-ques-la-balada\/"},"modified":"2026-04-26T03:11:46","modified_gmt":"2026-04-26T01:11:46","slug":"peta-li-ques-la-balada","status":"publish","type":"product","link":"https:\/\/www.libraria-occitana.org\/en\/product\/peta-li-ques-la-balada\/","title":{"rendered":"Peta-li&#8230; qu&#8217;es la balada !"},"content":{"rendered":"<p><strong>Titres :<\/strong><br \/>\n1. La cha\u00eene vals\u00e9e &#8211; La chadena valsada 1&#8217;41<br \/>\n2. Bour\u00e9es : Quand les poires \/ Pare le loup &#8211; Borr\u00e9ias : E quand las peras&#8230; \/ Para lo lop 3&#8217;15<br \/>\n3. Scottish &#8220;\u00e0 Gavinet&#8221; \/ Scottish de Glanges &#8211; Escotisha &#8220;de Gavinet&#8221; \/ de Glanjas 2&#8217;16<br \/>\n4. Les femmes du bourg de Glanges &#8211; Las femnas dau borg de Glanjas&#8230; 5&#8217;30<br \/>\n5. Trois bourr\u00e9es : Je suis gar\u00e7on&#8230; \/ Bourr\u00e9e d&#8217;Espartignac \/ Bourr\u00e9e des bouteilles &#8211; Tres borr\u00e9ias : Ieu sei gar\u00e7on&#8230; \/ Borr\u00e9ia d&#8217;Espartinhac \/ Borr\u00e9ia de las botelhas 3&#8217;33<br \/>\n6. La corneille &#8211; La graula 1&#8217;58<br \/>\n7. Le p\u00e9l\u00e9l\u00e9 \/ La bourr\u00e9e des rubans &#8211; Lo pelele \/ La borr\u00e9ia daus ribans 3&#8217;19<br \/>\n8. Les amours d&#8217;Henri IV&#8230; Chant 2&#8217;24<br \/>\n9. La Corr\u00e9zienne 2&#8217;00<br \/>\n10. Le vicaire \/ L&#8217;eau de roche &#8211; Lo vicari \/ L&#8217;aiga de r\u00f2cha 2&#8217;51<br \/>\n11. Bourr\u00e9es : La caille \/ La tournijaire &#8211; Borr\u00e9ias : La calha \/ La tornijaira 2&#8217;30<br \/>\n12. Le tinton &#8211; Lo tinton&#8230; Chant 2&#8217;34<br \/>\n13. Deux sauti\u00e8res : De Villac \/ Pas vengut &#8211; Doas sautieras : De Vilhac \/ Pas vengut 2&#8217;27<br \/>\n14. Le grand Martial &#8211; Lo grand Mar\u00e7au&#8230; Chant 4&#8217;09<br \/>\n15. Trois bourr\u00e9es : De Saint-Gilles \/ La Carr\u00e9e \/ La Montagnarde &#8211; Tres borr\u00e9ias : De Sant-G\u00e9li \/ La Carada \/ La Montanharda 3&#8217;33<br \/>\n16. Trois polkas : Pour aller voir les filles&#8230; \/ La petite polka \/ De Ch\u00e2teau-Chervix &#8211; Tres polc\u00e0s : Per &#8216;nar veire las filhas&#8230; \/ La pita polc\u00e0 \/ La polc\u00e0 de Chasteu-Chervic 4&#8217;35<br \/>\n17. Le petit chariot &#8211; Lo charreton 2&#8217;22<br \/>\n18. Le Mont-Gargan &#8211; Lo Mont-Gargan 2&#8217;58<br \/>\n19. La polka de La Croisille &#8211; La polc\u00e0 de La Crosilha 2&#8217;29<\/p>\n","protected":false},"excerpt":{"rendered":"<p>Titres : 1. La cha\u00eene vals\u00e9e &#8211; La chadena valsada 1&#8217;41 2. Bour\u00e9es : Quand les poires \/ Pare le loup &#8211; Borr\u00e9ias : E quand las peras&#8230; \/ Para lo lop 3&#8217;15 3. Scottish &#8220;\u00e0 Gavinet&#8221; \/ Scottish de Glanges &#8211; Escotisha &#8220;de Gavinet&#8221; \/ de Glanjas 2&#8217;16 4. Les femmes du bourg de [&hellip;]<\/p>\n","protected":false},"featured_media":38549,"template":"","meta":{"_acf_changed":false,"_genesis_hide_title":false,"_genesis_hide_breadcrumbs":false,"_genesis_hide_singular_image":false,"_genesis_hide_footer_widgets":false,"_genesis_custom_body_class":"","_genesis_custom_post_class":"","_genesis_layout":""},"product_brand":[],"product_cat":[7228,7216],"product_tag":[],"class_list":{"0":"post-38548","1":"product","2":"type-product","3":"status-publish","4":"has-post-thumbnail","6":"product_cat-modern-folk-en","7":"product_cat-music-en","8":"pa_auteur-escola-dau-mont-gargan-en","9":"pa_editeur-escola-dau-mont-gargan-fr-en","10":"pa_langue-francais-en","11":"pa_langue-occitan-en","12":"pa_langue-occitan-lemosin-en","13":"entry","15":"first","16":"instock","17":"shipping-taxable","18":"purchasable","19":"product-type-simple"},"acf":[],"_links":{"self":[{"href":"https:\/\/www.libraria-occitana.org\/en\/wp-json\/wp\/v2\/product\/38548","targetHints":{"allow":["GET"]}}],"collection":[{"href":"https:\/\/www.libraria-occitana.org\/en\/wp-json\/wp\/v2\/product"}],"about":[{"href":"https:\/\/www.libraria-occitana.org\/en\/wp-json\/wp\/v2\/types\/product"}],"wp:featuredmedia":[{"embeddable":true,"href":"https:\/\/www.libraria-occitana.org\/en\/wp-json\/wp\/v2\/media\/38549"}],"wp:attachment":[{"href":"https:\/\/www.libraria-occitana.org\/en\/wp-json\/wp\/v2\/media?parent=38548"}],"wp:term":[{"taxonomy":"product_brand","embeddable":true,"href":"https:\/\/www.libraria-occitana.org\/en\/wp-json\/wp\/v2\/product_brand?post=38548"},{"taxonomy":"product_cat","embeddable":true,"href":"https:\/\/www.libraria-occitana.org\/en\/wp-json\/wp\/v2\/product_cat?post=38548"},{"taxonomy":"product_tag","embeddable":true,"href":"https:\/\/www.libraria-occitana.org\/en\/wp-json\/wp\/v2\/product_tag?post=38548"}],"curies":[{"name":"wp","href":"https:\/\/api.w.org\/{rel}","templated":true}]}}