{"id":38566,"date":"2016-10-15T15:05:15","date_gmt":"2016-10-15T13:05:15","guid":{"rendered":"http:\/\/www.libraria-occitana.org\/product\/montar-monter\/"},"modified":"2026-04-16T00:07:02","modified_gmt":"2026-04-15T22:07:02","slug":"montar-monter","status":"publish","type":"product","link":"https:\/\/www.libraria-occitana.org\/en\/product\/montar-monter\/","title":{"rendered":"Montar &#8211; Monter"},"content":{"rendered":"<p>Une collection de petits po\u00e8mes inspir\u00e9s par la montagne et la randonn\u00e9e, illustr\u00e9s par les photographies de Max Sagon, photographe \u00e0 Sommi\u00e8res dans le Gard.<\/p>\n<blockquote>\n<p>La cima es dins la t\u00e8sta,<br \/>\nQuauque part dins la t\u00e8sta,<br \/>\nLo viatge comen\u00e7a dins lo pantais,<br \/>\nComen\u00e7a de jorns,<br \/>\nDe setmanas o de mes<br \/>\nAvant lo primier pas.<\/p>\n<p>La cime est dans la t\u00eate,<br \/>\nQuelque part dans la t\u00eate,<br \/>\nLe voyage commence dans le r\u00eave \u00e9veill\u00e9,<br \/>\nIl commence des jours,<br \/>\nDes semaines ou des mois<br \/>\nAvant le premier pas.<\/p>\n<\/blockquote>\n<p>Traduction fran\u00e7aise de l&#8217;auteur.<\/p>\n","protected":false},"excerpt":{"rendered":"<p>Une collection de petits po\u00e8mes inspir\u00e9s par la montagne et la randonn\u00e9e, illustr\u00e9s par les photographies de Max Sagon, photographe \u00e0 Sommi\u00e8res dans le Gard. La cima es dins la t\u00e8sta, Quauque part dins la t\u00e8sta, Lo viatge comen\u00e7a dins lo pantais, Comen\u00e7a de jorns, De setmanas o de mes Avant lo primier pas. La [&hellip;]<\/p>\n","protected":false},"featured_media":38567,"template":"","meta":{"_acf_changed":false,"_genesis_hide_title":false,"_genesis_hide_breadcrumbs":false,"_genesis_hide_singular_image":false,"_genesis_hide_footer_widgets":false,"_genesis_custom_body_class":"","_genesis_custom_post_class":"","_genesis_layout":""},"product_brand":[],"product_cat":[7132,7174,7180],"product_tag":[],"class_list":{"0":"post-38566","1":"product","2":"type-product","3":"status-publish","4":"has-post-thumbnail","6":"product_cat-books","7":"product_cat-literature-en","8":"product_cat-poetry-en","9":"pa_auteur-chabaud-silvan-chabaud-sylvan-en","10":"pa_editeur-lauceu-libre-en","11":"pa_illustrateur-sagon-max-en","12":"pa_langue-occitan-provencau-en","13":"pa_langue-occitan-francais-en","14":"entry","16":"first","17":"instock","18":"shipping-taxable","19":"purchasable","20":"product-type-simple"},"acf":[],"_links":{"self":[{"href":"https:\/\/www.libraria-occitana.org\/en\/wp-json\/wp\/v2\/product\/38566","targetHints":{"allow":["GET"]}}],"collection":[{"href":"https:\/\/www.libraria-occitana.org\/en\/wp-json\/wp\/v2\/product"}],"about":[{"href":"https:\/\/www.libraria-occitana.org\/en\/wp-json\/wp\/v2\/types\/product"}],"wp:featuredmedia":[{"embeddable":true,"href":"https:\/\/www.libraria-occitana.org\/en\/wp-json\/wp\/v2\/media\/38567"}],"wp:attachment":[{"href":"https:\/\/www.libraria-occitana.org\/en\/wp-json\/wp\/v2\/media?parent=38566"}],"wp:term":[{"taxonomy":"product_brand","embeddable":true,"href":"https:\/\/www.libraria-occitana.org\/en\/wp-json\/wp\/v2\/product_brand?post=38566"},{"taxonomy":"product_cat","embeddable":true,"href":"https:\/\/www.libraria-occitana.org\/en\/wp-json\/wp\/v2\/product_cat?post=38566"},{"taxonomy":"product_tag","embeddable":true,"href":"https:\/\/www.libraria-occitana.org\/en\/wp-json\/wp\/v2\/product_tag?post=38566"}],"curies":[{"name":"wp","href":"https:\/\/api.w.org\/{rel}","templated":true}]}}