{"id":38622,"date":"2005-07-15T19:04:16","date_gmt":"2005-07-15T17:04:16","guid":{"rendered":"http:\/\/www.libraria-occitana.org\/product\/obeir\/"},"modified":"2026-04-08T04:46:09","modified_gmt":"2026-04-08T02:46:09","slug":"obeir","status":"publish","type":"product","link":"https:\/\/www.libraria-occitana.org\/en\/product\/obeir\/","title":{"rendered":"Ob\u00e9ir"},"content":{"rendered":"<p>Un meurtre. La guerre est toujours l\u00e0. Des soldats allemands arr\u00eatent un homme, un \u00e9tranger. D&#8217;o\u00f9 vient-il ? Que fait-il ? Serait-ce lui ? Les allemands l&#8217;interrogent. Tout semble enfoui au plus profond d&#8217;un ab\u00eeme de mensonges, d&#8217;horreurs qui ne veulent pas venir \u00e0 la surface. Lui il sait. Tout. Surtout ce qu&#8217;il avait \u00e0 faire, dans le secret de son \u00e2me noire. Ob\u00e9ir. Toujours comme un esclave d&#8217;une cause lamentable. Plus encore, se soumettre jusqu&#8217;\u00e0 la mort&#8230;<\/p>\n","protected":false},"excerpt":{"rendered":"<p>Un meurtre. La guerre est toujours l\u00e0. Des soldats allemands arr\u00eatent un homme, un \u00e9tranger. D&#8217;o\u00f9 vient-il ? Que fait-il ? Serait-ce lui ? Les allemands l&#8217;interrogent. Tout semble enfoui au plus profond d&#8217;un ab\u00eeme de mensonges, d&#8217;horreurs qui ne veulent pas venir \u00e0 la surface. Lui il sait. Tout. Surtout ce qu&#8217;il avait \u00e0 [&hellip;]<\/p>\n","protected":false},"featured_media":38623,"template":"","meta":{"_acf_changed":false,"_genesis_hide_title":false,"_genesis_hide_breadcrumbs":false,"_genesis_hide_singular_image":false,"_genesis_hide_footer_widgets":false,"_genesis_custom_body_class":"","_genesis_custom_post_class":"","_genesis_layout":""},"product_brand":[],"product_cat":[7132,7174,7182,7178],"product_tag":[],"class_list":{"0":"post-38622","1":"product","2":"type-product","3":"status-publish","4":"has-post-thumbnail","6":"product_cat-books","7":"product_cat-literature-en","8":"product_cat-novels-short-stories-en","9":"product_cat-occitan-literature-in-french-en","10":"pa_auteur-manciet-bernat-manciet-bernard-en","11":"pa_editeur-editions-de-latelier-in8-en","12":"pa_illustrateur-comellas-estela-en","13":"pa_langue-francais-en","14":"entry","16":"first","17":"instock","18":"shipping-taxable","19":"purchasable","20":"product-type-simple"},"acf":[],"_links":{"self":[{"href":"https:\/\/www.libraria-occitana.org\/en\/wp-json\/wp\/v2\/product\/38622","targetHints":{"allow":["GET"]}}],"collection":[{"href":"https:\/\/www.libraria-occitana.org\/en\/wp-json\/wp\/v2\/product"}],"about":[{"href":"https:\/\/www.libraria-occitana.org\/en\/wp-json\/wp\/v2\/types\/product"}],"wp:featuredmedia":[{"embeddable":true,"href":"https:\/\/www.libraria-occitana.org\/en\/wp-json\/wp\/v2\/media\/38623"}],"wp:attachment":[{"href":"https:\/\/www.libraria-occitana.org\/en\/wp-json\/wp\/v2\/media?parent=38622"}],"wp:term":[{"taxonomy":"product_brand","embeddable":true,"href":"https:\/\/www.libraria-occitana.org\/en\/wp-json\/wp\/v2\/product_brand?post=38622"},{"taxonomy":"product_cat","embeddable":true,"href":"https:\/\/www.libraria-occitana.org\/en\/wp-json\/wp\/v2\/product_cat?post=38622"},{"taxonomy":"product_tag","embeddable":true,"href":"https:\/\/www.libraria-occitana.org\/en\/wp-json\/wp\/v2\/product_tag?post=38622"}],"curies":[{"name":"wp","href":"https:\/\/api.w.org\/{rel}","templated":true}]}}