{"id":38651,"date":"2018-03-22T14:19:27","date_gmt":"2018-03-22T13:19:27","guid":{"rendered":"http:\/\/www.libraria-occitana.org\/product\/la-legende-de-sainte-valerie\/"},"modified":"2026-04-29T00:56:59","modified_gmt":"2026-04-28T22:56:59","slug":"la-legende-de-sainte-valerie","status":"publish","type":"product","link":"https:\/\/www.libraria-occitana.org\/en\/product\/la-legende-de-sainte-valerie\/","title":{"rendered":"La l\u00e9gende de Sainte Val\u00e9rie"},"content":{"rendered":"<p>Selon la l\u00e9gende, sainte Val\u00e9rie \u00e9tait une jeune fille de Limoges, convertie au christianisme par la pr\u00e9dication de saint Martial, premier \u00e9v\u00eaque de la ville. D\u00e9capit\u00e9e sur ordre de son fianc\u00e9 rest\u00e9 pa\u00efen, elle devint une martyre c\u00e9phalophore, c\u2019est-\u00e0-dire qu\u2019elle porta sa t\u00eate dans ses mains apr\u00e8s son violent tr\u00e9pas. Cette mort spectaculaire lui valut d\u2019\u00eatre la sainte la plus repr\u00e9sent\u00e9e sur les fameux \u00e9maux limousins du Moyen \u00c2ge. Mais Val\u00e9rie ne fut pas oubli\u00e9e par la suite.<\/p>\n<p>Au XIXe si\u00e8cle, les Vies des saints s\u2019impos\u00e8rent comme un enjeu m\u00e9moriel car, avec le d\u00e9veloppement de la science historique, des chercheurs se mirent \u00e0 contester la v\u00e9racit\u00e9 des faits mais \u00e9galement la chronologie de ces l\u00e9gendes du pass\u00e9. C\u2019est dans ce contexte que Jules de Douhet, litt\u00e9rateur ayant des vell\u00e9it\u00e9s historiques, publia en 1841 son roman-feuilleton La l\u00e9gende de sainte Val\u00e9rie o\u00f9 il fait revivre l\u2019Aquitaine et particuli\u00e8rement le Limousin entre fantasmes et r\u00e9alit\u00e9s d\u2019une Antiquit\u00e9 tardive et d\u2019un patrimoine oubli\u00e9.<\/p>\n<p>Cette \u0153uvre qui c\u00e9l\u00e9brait les racines de l\u2019Aquitaine chr\u00e9tienne \u00e0 travers ses premiers saints, Val\u00e9rie et Martial, garde toute son actualit\u00e9 \u00e0 pr\u00e9sent que les habitants d\u2019un grand Sud-Ouest s\u2019inscrivent dans une \u00ab Nouvelle-Aquitaine \u00bb.<\/p>\n<p>Pr\u00e9face de Julien Bellarbre, Docteur en histoire m\u00e9di\u00e9vale.<\/p>\n","protected":false},"excerpt":{"rendered":"<p>Selon la l\u00e9gende, sainte Val\u00e9rie \u00e9tait une jeune fille de Limoges, convertie au christianisme par la pr\u00e9dication de saint Martial, premier \u00e9v\u00eaque de la ville. D\u00e9capit\u00e9e sur ordre de son fianc\u00e9 rest\u00e9 pa\u00efen, elle devint une martyre c\u00e9phalophore, c\u2019est-\u00e0-dire qu\u2019elle porta sa t\u00eate dans ses mains apr\u00e8s son violent tr\u00e9pas. Cette mort spectaculaire lui valut [&hellip;]<\/p>\n","protected":false},"featured_media":38652,"template":"","meta":{"_acf_changed":false,"_genesis_hide_title":false,"_genesis_hide_breadcrumbs":false,"_genesis_hide_singular_image":false,"_genesis_hide_footer_widgets":false,"_genesis_custom_body_class":"","_genesis_custom_post_class":"","_genesis_layout":""},"product_brand":[],"product_cat":[7132,7174,7182],"product_tag":[],"class_list":{"0":"post-38651","1":"product","2":"type-product","3":"status-publish","4":"has-post-thumbnail","6":"product_cat-books","7":"product_cat-literature-en","8":"product_cat-novels-short-stories-en","9":"pa_auteur-douhet-jules-de-en","10":"pa_editeur-les-ardents-editeurs-en","11":"pa_langue-francais-en","12":"entry","14":"first","15":"instock","16":"shipping-taxable","17":"purchasable","18":"product-type-simple"},"acf":[],"_links":{"self":[{"href":"https:\/\/www.libraria-occitana.org\/en\/wp-json\/wp\/v2\/product\/38651","targetHints":{"allow":["GET"]}}],"collection":[{"href":"https:\/\/www.libraria-occitana.org\/en\/wp-json\/wp\/v2\/product"}],"about":[{"href":"https:\/\/www.libraria-occitana.org\/en\/wp-json\/wp\/v2\/types\/product"}],"wp:featuredmedia":[{"embeddable":true,"href":"https:\/\/www.libraria-occitana.org\/en\/wp-json\/wp\/v2\/media\/38652"}],"wp:attachment":[{"href":"https:\/\/www.libraria-occitana.org\/en\/wp-json\/wp\/v2\/media?parent=38651"}],"wp:term":[{"taxonomy":"product_brand","embeddable":true,"href":"https:\/\/www.libraria-occitana.org\/en\/wp-json\/wp\/v2\/product_brand?post=38651"},{"taxonomy":"product_cat","embeddable":true,"href":"https:\/\/www.libraria-occitana.org\/en\/wp-json\/wp\/v2\/product_cat?post=38651"},{"taxonomy":"product_tag","embeddable":true,"href":"https:\/\/www.libraria-occitana.org\/en\/wp-json\/wp\/v2\/product_tag?post=38651"}],"curies":[{"name":"wp","href":"https:\/\/api.w.org\/{rel}","templated":true}]}}