{"id":38729,"date":"2013-12-27T10:56:24","date_gmt":"2013-12-27T09:56:24","guid":{"rendered":"http:\/\/www.libraria-occitana.org\/product\/caminu\/"},"modified":"2024-07-05T00:06:08","modified_gmt":"2024-07-04T22:06:08","slug":"caminu","status":"publish","type":"product","link":"https:\/\/www.libraria-occitana.org\/en\/product\/caminu\/","title":{"rendered":"Caminu"},"content":{"rendered":"<p><strong>Jean-Marc Bandini :<\/strong> Voix<br \/>\n<strong>Albert Caddeo :<\/strong> Guitare, Cetera<br \/>\n<strong>Didier Cuenca :<\/strong> Voix, Fl\u00fbte traversi\u00e8re, Sopranino, g\u00fciro<br \/>\n<strong>Marcellu Duprat :<\/strong> Voix, guitare<br \/>\n<strong>Jean-Marc Fabrizy :<\/strong> Voix, guitare<br \/>\n<strong>Fr\u00e9d\u00e9ric Giuntini :<\/strong> Guitare, cetera<br \/>\n<strong>St\u00e9phane Tailleu :<\/strong> Voix<\/p>\n<p>Avec le participation exceptionnelle de C\u00e9lia Picciocchi au violon et violon alto.<\/p>\n<p>U Fiatu Muntese est un groupe balanin de chants et polyphonies corses, compos\u00e9 de sept chanteurs et musiciens, cr\u00e9\u00e9 en 1994.<\/p>\n<p><strong>Titres :<\/strong><br \/>\n1. Nelson Mandela 3&#8217;35<br \/>\n2. Caminu 3&#8217;08<br \/>\n3. Cunnoscu battelli 4&#8217;00<br \/>\n4. Cunfessione 2&#8217;48<br \/>\n5. Karma 4&#8217;03<br \/>\n6. Chjerchji di vita 4&#8217;08<br \/>\n7. U lamentu d&#8217;Antuninu l&#8217;Ulmisgianu 4&#8217;24<br \/>\n8. Torre storia 3&#8217;19<br \/>\n9. L&#8217;Ave Maria 5&#8217;52<br \/>\n10. A Pasquale Paoli 4&#8217;01<br \/>\n11. Fusti \u00e8 s\u00ec 2&#8217;37<br \/>\n12. E s&#8217;ella fussi 3&#8217;31<br \/>\n13. Lasciatu 4&#8217;52<br \/>\n14. Cristu 6&#8217;22<br \/>\n15. A l&#8217;ultimi ponti 3&#8217;31<\/p>\n","protected":false},"excerpt":{"rendered":"<p>Jean-Marc Bandini : Voix Albert Caddeo : Guitare, Cetera Didier Cuenca : Voix, Fl\u00fbte traversi\u00e8re, Sopranino, g\u00fciro Marcellu Duprat : Voix, guitare Jean-Marc Fabrizy : Voix, guitare Fr\u00e9d\u00e9ric Giuntini : Guitare, cetera St\u00e9phane Tailleu : Voix Avec le participation exceptionnelle de C\u00e9lia Picciocchi au violon et violon alto. U Fiatu Muntese est un groupe balanin [&hellip;]<\/p>\n","protected":false},"featured_media":38730,"template":"","meta":{"_acf_changed":false,"_genesis_hide_title":false,"_genesis_hide_breadcrumbs":false,"_genesis_hide_singular_image":false,"_genesis_hide_footer_widgets":false,"_genesis_custom_body_class":"","_genesis_custom_post_class":"","_genesis_layout":""},"product_brand":[],"product_cat":[7228,7216],"product_tag":[],"class_list":{"0":"post-38729","1":"product","2":"type-product","3":"status-publish","4":"has-post-thumbnail","6":"product_cat-modern-folk-en","7":"product_cat-music-en","8":"pa_auteur-u-fiatu-muntese-en","9":"pa_editeur-casa-editions-en","10":"pa_langue-autras-lingas-en","11":"entry","13":"first","14":"outofstock","15":"shipping-taxable","16":"purchasable","17":"product-type-simple"},"acf":[],"_links":{"self":[{"href":"https:\/\/www.libraria-occitana.org\/en\/wp-json\/wp\/v2\/product\/38729","targetHints":{"allow":["GET"]}}],"collection":[{"href":"https:\/\/www.libraria-occitana.org\/en\/wp-json\/wp\/v2\/product"}],"about":[{"href":"https:\/\/www.libraria-occitana.org\/en\/wp-json\/wp\/v2\/types\/product"}],"wp:featuredmedia":[{"embeddable":true,"href":"https:\/\/www.libraria-occitana.org\/en\/wp-json\/wp\/v2\/media\/38730"}],"wp:attachment":[{"href":"https:\/\/www.libraria-occitana.org\/en\/wp-json\/wp\/v2\/media?parent=38729"}],"wp:term":[{"taxonomy":"product_brand","embeddable":true,"href":"https:\/\/www.libraria-occitana.org\/en\/wp-json\/wp\/v2\/product_brand?post=38729"},{"taxonomy":"product_cat","embeddable":true,"href":"https:\/\/www.libraria-occitana.org\/en\/wp-json\/wp\/v2\/product_cat?post=38729"},{"taxonomy":"product_tag","embeddable":true,"href":"https:\/\/www.libraria-occitana.org\/en\/wp-json\/wp\/v2\/product_tag?post=38729"}],"curies":[{"name":"wp","href":"https:\/\/api.w.org\/{rel}","templated":true}]}}