{"id":38750,"date":"2018-02-27T13:10:54","date_gmt":"2018-02-27T12:10:54","guid":{"rendered":"http:\/\/www.libraria-occitana.org\/product\/nous-etions-des-hommes-malgre-la-guerre-1914-1919\/"},"modified":"2026-04-25T21:31:15","modified_gmt":"2026-04-25T19:31:15","slug":"nous-etions-des-hommes-malgre-la-guerre-1914-1919","status":"publish","type":"product","link":"https:\/\/www.libraria-occitana.org\/en\/product\/nous-etions-des-hommes-malgre-la-guerre-1914-1919\/","title":{"rendered":"Nous \u00e9tions des hommes malgr\u00e9 la guerre 1914-1919"},"content":{"rendered":"<p>Le pari\u2009: prendre \u00e0 bras le corps la guerre v\u00e9cue par les r\u00e9giments des cinq d\u00e9partements de la 12e R\u00e9gion militaire. \u00c0 l\u2019arri\u00e8re, des femmes rong\u00e9es d\u2019angoisse\u2009; sur le front, des hommes lanc\u00e9s ann\u00e9e apr\u00e8s ann\u00e9e dans des offensives meurtri\u00e8res men\u00e9es chaque fois \u00ab\u2009co\u00fbte que co\u00fbte\u2009\u00bb. La trag\u00e9die de l\u2019\u00e9t\u00e9 1914, le Verdun et la campagne d\u2019Italie du 12e Corps, les mutineries de 1917, le monde des officiers, le sort des morts et des bless\u00e9s, Reims et la Champagne\u2026, autant de volets d\u2019une histoire \u00e0 rebondissements \u2013 la leur \u2013 qui tient le lecteur en haleine jusqu\u2019\u00e0 l\u2019issue finale.<\/p>\n<p>Face \u00e0 face, la richesse des archives militaires de Vincennes, et des dizaines de correspondances et de carnets de guerre in\u00e9dits, jusqu\u2019\u00e0 ceux si pr\u00e9cieux de \u00ab\u2009tr\u00e8s-humbles\u2009\u00bb presque illettr\u00e9s. Voici la vie, les combats, les souffrances, la r\u00e9volte, voici la Grande Guerre de ces hommes qui ne voulaient pas la faire.<\/p>\n","protected":false},"excerpt":{"rendered":"<p>Le pari\u2009: prendre \u00e0 bras le corps la guerre v\u00e9cue par les r\u00e9giments des cinq d\u00e9partements de la 12e R\u00e9gion militaire. \u00c0 l\u2019arri\u00e8re, des femmes rong\u00e9es d\u2019angoisse\u2009; sur le front, des hommes lanc\u00e9s ann\u00e9e apr\u00e8s ann\u00e9e dans des offensives meurtri\u00e8res men\u00e9es chaque fois \u00ab\u2009co\u00fbte que co\u00fbte\u2009\u00bb. La trag\u00e9die de l\u2019\u00e9t\u00e9 1914, le Verdun et la [&hellip;]<\/p>\n","protected":false},"featured_media":38751,"template":"","meta":{"_acf_changed":false,"_genesis_hide_title":false,"_genesis_hide_breadcrumbs":false,"_genesis_hide_singular_image":false,"_genesis_hide_footer_widgets":false,"_genesis_custom_body_class":"","_genesis_custom_post_class":"","_genesis_layout":""},"product_brand":[],"product_cat":[7132,7148,7158,7238],"product_tag":[],"class_list":{"0":"post-38750","1":"product","2":"type-product","3":"status-publish","4":"has-post-thumbnail","6":"product_cat-books","7":"product_cat-history-geography-en","8":"product_cat-modern-and-contemporary-history-en","9":"product_cat-promotions-en","10":"pa_auteur-kiener-michel-c-en","11":"pa_auteur-mazet-valerie-en","12":"pa_editeur-metive-en","13":"pa_langue-francais-en","14":"entry","16":"first","17":"instock","18":"shipping-taxable","19":"purchasable","20":"product-type-simple"},"acf":[],"_links":{"self":[{"href":"https:\/\/www.libraria-occitana.org\/en\/wp-json\/wp\/v2\/product\/38750","targetHints":{"allow":["GET"]}}],"collection":[{"href":"https:\/\/www.libraria-occitana.org\/en\/wp-json\/wp\/v2\/product"}],"about":[{"href":"https:\/\/www.libraria-occitana.org\/en\/wp-json\/wp\/v2\/types\/product"}],"wp:featuredmedia":[{"embeddable":true,"href":"https:\/\/www.libraria-occitana.org\/en\/wp-json\/wp\/v2\/media\/38751"}],"wp:attachment":[{"href":"https:\/\/www.libraria-occitana.org\/en\/wp-json\/wp\/v2\/media?parent=38750"}],"wp:term":[{"taxonomy":"product_brand","embeddable":true,"href":"https:\/\/www.libraria-occitana.org\/en\/wp-json\/wp\/v2\/product_brand?post=38750"},{"taxonomy":"product_cat","embeddable":true,"href":"https:\/\/www.libraria-occitana.org\/en\/wp-json\/wp\/v2\/product_cat?post=38750"},{"taxonomy":"product_tag","embeddable":true,"href":"https:\/\/www.libraria-occitana.org\/en\/wp-json\/wp\/v2\/product_tag?post=38750"}],"curies":[{"name":"wp","href":"https:\/\/api.w.org\/{rel}","templated":true}]}}