{"id":38780,"date":"2018-03-30T19:45:07","date_gmt":"2018-03-30T17:45:07","guid":{"rendered":"http:\/\/www.libraria-occitana.org\/product\/atau-atav\/"},"modified":"2026-04-28T02:26:30","modified_gmt":"2026-04-28T00:26:30","slug":"atau-atav","status":"publish","type":"product","link":"https:\/\/www.libraria-occitana.org\/en\/product\/atau-atav\/","title":{"rendered":"Atau atav"},"content":{"rendered":"<p><strong>Lors Landat :<\/strong> Chant<br \/>\n<strong>Roland Conq :<\/strong> Guitare<br \/>\n<strong>Alexis Toussaint :<\/strong> Batterie<br \/>\n<strong>Romain Baudoin :<\/strong> Vielle \u00e0 roue<br \/>\n<strong>Mat\u00e8u Baudoin :<\/strong> Chant, violon, tambourin \u00e0 cordes<\/p>\n<p>Le nouvel album de Feiz Noz Moc\u2019h s\u2019enfonce plus loin dans les terres, cherche une \u00e9nergie proche du \u00ab Delta Blues \u00bb, en \u00e9paississant le son, renfor\u00e7ant l\u2019aspect modal, martelant les riffs, simplifiant la musique pour la rendre encore plus primitive et directe. La complainte, style r\u00e9current en Gasconha et en Breizh, est le th\u00e8me central de cette nouvelle cr\u00e9ation.<\/p>\n<p><strong>Titres :<\/strong><br \/>\n1.Triptik 9&#8217;07<br \/>\n2. Harri Chivalet 5&#8217;07<br \/>\n3. Mon c\u0153ur fait mal 7&#8217;01<br \/>\n4. Tor\u00e7ut 4&#8217;51<br \/>\n5. In the Pines \/ Me&#8217;moa ket met pempzek vloaz 7&#8217;21<br \/>\n6. Sorbienn an argad 4&#8217;52<br \/>\n7. Rossinholet qui cantas \/ Soudarded an Nasion 9&#8217;23<\/p>\n","protected":false},"excerpt":{"rendered":"<p>Lors Landat : Chant Roland Conq : Guitare Alexis Toussaint : Batterie Romain Baudoin : Vielle \u00e0 roue Mat\u00e8u Baudoin : Chant, violon, tambourin \u00e0 cordes Le nouvel album de Feiz Noz Moc\u2019h s\u2019enfonce plus loin dans les terres, cherche une \u00e9nergie proche du \u00ab Delta Blues \u00bb, en \u00e9paississant le son, renfor\u00e7ant l\u2019aspect modal, [&hellip;]<\/p>\n","protected":false},"featured_media":38781,"template":"","meta":{"_acf_changed":false,"_genesis_hide_title":false,"_genesis_hide_breadcrumbs":false,"_genesis_hide_singular_image":false,"_genesis_hide_footer_widgets":false,"_genesis_custom_body_class":"","_genesis_custom_post_class":"","_genesis_layout":""},"product_brand":[],"product_cat":[7228,7216],"product_tag":[],"class_list":{"0":"post-38780","1":"product","2":"type-product","3":"status-publish","4":"has-post-thumbnail","6":"product_cat-modern-folk-en","7":"product_cat-music-en","8":"pa_auteur-feiz-noz-moch-en","9":"pa_editeur-pagans-en","10":"pa_langue-autras-lingas-en","11":"pa_langue-francais-en","12":"pa_langue-occitan-en","13":"pa_langue-occitan-gascon-en","14":"entry","16":"first","17":"instock","18":"shipping-taxable","19":"purchasable","20":"product-type-simple"},"acf":[],"_links":{"self":[{"href":"https:\/\/www.libraria-occitana.org\/en\/wp-json\/wp\/v2\/product\/38780","targetHints":{"allow":["GET"]}}],"collection":[{"href":"https:\/\/www.libraria-occitana.org\/en\/wp-json\/wp\/v2\/product"}],"about":[{"href":"https:\/\/www.libraria-occitana.org\/en\/wp-json\/wp\/v2\/types\/product"}],"wp:featuredmedia":[{"embeddable":true,"href":"https:\/\/www.libraria-occitana.org\/en\/wp-json\/wp\/v2\/media\/38781"}],"wp:attachment":[{"href":"https:\/\/www.libraria-occitana.org\/en\/wp-json\/wp\/v2\/media?parent=38780"}],"wp:term":[{"taxonomy":"product_brand","embeddable":true,"href":"https:\/\/www.libraria-occitana.org\/en\/wp-json\/wp\/v2\/product_brand?post=38780"},{"taxonomy":"product_cat","embeddable":true,"href":"https:\/\/www.libraria-occitana.org\/en\/wp-json\/wp\/v2\/product_cat?post=38780"},{"taxonomy":"product_tag","embeddable":true,"href":"https:\/\/www.libraria-occitana.org\/en\/wp-json\/wp\/v2\/product_tag?post=38780"}],"curies":[{"name":"wp","href":"https:\/\/api.w.org\/{rel}","templated":true}]}}