{"id":38788,"date":"2018-03-27T12:17:34","date_gmt":"2018-03-27T10:17:34","guid":{"rendered":"http:\/\/www.libraria-occitana.org\/product\/auto-odi-la-haine-de-soi-en-sociolinguistique\/"},"modified":"2026-04-15T20:26:41","modified_gmt":"2026-04-15T18:26:41","slug":"auto-odi-la-haine-de-soi-en-sociolinguistique","status":"publish","type":"product","link":"https:\/\/www.libraria-occitana.org\/en\/product\/auto-odi-la-haine-de-soi-en-sociolinguistique\/","title":{"rendered":"Auto-odi. La &#8220;haine de soi&#8221; en sociolinguistique"},"content":{"rendered":"<p>Il n\u2019existait aucun ouvrage scientifique de r\u00e9f\u00e9rence dans la litt\u00e9rature sociolinguistique francophone \u00e0 propos de la notion d\u2019<em>auto-odi<\/em> [haine de soi], notion pourtant essentielle dans la compr\u00e9hension des processus de substitution et d\u2019abandon individuel et\/ou collectif d\u2019une langue en situation de domination, de minoration et d\u2019id\u00e9ologisation diglossique. Ce livre tente de combler cette lacune.<\/p>\n<p>L\u2019<em>auto-odi<\/em> conduit donc le locuteur d\u2019une mani\u00e8re souvent radicale et d\u00e9finitive \u00e0 l\u2019abandon de sa langue et \u00e0 sa non-transmission, mais \u00e9galement \u00e0 un combat parfois v\u00e9h\u00e9ment \u00e0 l\u2019\u00e9gard de ses origines, singuli\u00e8rement linguistiques.<\/p>\n<p>La violence, pour certains excessive, port\u00e9e par ce mot, a provoqu\u00e9 de nombreuses r\u00e9actions dans la communaut\u00e9 de chercheurs. Mais ceci n\u2019a pas \u00e9t\u00e9 un obstacle pour que la notion soit largement utilis\u00e9e en sociolinguistique, \u00e0 tel point que, cit\u00e9e en catalan, elle n\u2019est parfois m\u00eame pas signal\u00e9e par des italiques ou des guillemets et Rafael Lluis Ninyoles, l\u2019auteur qui est \u00e0 l\u2019origine de son utilisation en sociolinguistique, n\u2019est souvent m\u00eame plus mentionn\u00e9 en r\u00e9f\u00e9rence.<\/p>\n<p>Pr\u00e8s de 50 ans apr\u00e8s l\u2019apparition de ce terme, nous souhaitons revenir sur ce concept cl\u00e9 en menant d\u2019une part une r\u00e9flexion \u00e9pist\u00e9mologique autour de cette notion, d\u2019autre part en \u00e9valuant son actualit\u00e9 et sa pertinence dans des contextes sociolinguistiques divers, et en envisageant enfin une possible intervention glottopolitique pour une sortie de l\u2019<em>auto-odi<\/em>.<\/p>\n","protected":false},"excerpt":{"rendered":"<p>Il n\u2019existait aucun ouvrage scientifique de r\u00e9f\u00e9rence dans la litt\u00e9rature sociolinguistique francophone \u00e0 propos de la notion d\u2019auto-odi [haine de soi], notion pourtant essentielle dans la compr\u00e9hension des processus de substitution et d\u2019abandon individuel et\/ou collectif d\u2019une langue en situation de domination, de minoration et d\u2019id\u00e9ologisation diglossique. Ce livre tente de combler cette lacune. L\u2019auto-odi [&hellip;]<\/p>\n","protected":false},"featured_media":38789,"template":"","meta":{"_acf_changed":false,"_genesis_hide_title":false,"_genesis_hide_breadcrumbs":false,"_genesis_hide_singular_image":false,"_genesis_hide_footer_widgets":false,"_genesis_custom_body_class":"","_genesis_custom_post_class":"","_genesis_layout":""},"product_brand":[],"product_cat":[7132,7136,7140,7202],"product_tag":[],"class_list":{"0":"post-38788","1":"product","2":"type-product","3":"status-publish","4":"has-post-thumbnail","6":"product_cat-books","7":"product_cat-dictionaries-language-educational-en","8":"product_cat-linguistics-en","9":"product_cat-politics-sociology-current-affairs-en","10":"pa_auteur-alen-garabato-carmen-en","11":"pa_auteur-collectiu-en-2","12":"pa_auteur-colonna-romain-en","13":"pa_editeur-lharmattan-en","14":"pa_langue-francais-en","15":"entry","17":"first","18":"instock","19":"shipping-taxable","20":"purchasable","21":"product-type-simple"},"acf":[],"_links":{"self":[{"href":"https:\/\/www.libraria-occitana.org\/en\/wp-json\/wp\/v2\/product\/38788","targetHints":{"allow":["GET"]}}],"collection":[{"href":"https:\/\/www.libraria-occitana.org\/en\/wp-json\/wp\/v2\/product"}],"about":[{"href":"https:\/\/www.libraria-occitana.org\/en\/wp-json\/wp\/v2\/types\/product"}],"wp:featuredmedia":[{"embeddable":true,"href":"https:\/\/www.libraria-occitana.org\/en\/wp-json\/wp\/v2\/media\/38789"}],"wp:attachment":[{"href":"https:\/\/www.libraria-occitana.org\/en\/wp-json\/wp\/v2\/media?parent=38788"}],"wp:term":[{"taxonomy":"product_brand","embeddable":true,"href":"https:\/\/www.libraria-occitana.org\/en\/wp-json\/wp\/v2\/product_brand?post=38788"},{"taxonomy":"product_cat","embeddable":true,"href":"https:\/\/www.libraria-occitana.org\/en\/wp-json\/wp\/v2\/product_cat?post=38788"},{"taxonomy":"product_tag","embeddable":true,"href":"https:\/\/www.libraria-occitana.org\/en\/wp-json\/wp\/v2\/product_tag?post=38788"}],"curies":[{"name":"wp","href":"https:\/\/api.w.org\/{rel}","templated":true}]}}