{"id":42392,"date":"2018-06-30T17:55:52","date_gmt":"2018-06-30T15:55:52","guid":{"rendered":"http:\/\/www.libraria-occitana.org\/product\/vidas-des-hommes-et-une-langue-itineraires-biographiques-xixe-et-xxe-siecles\/"},"modified":"2026-04-29T10:12:31","modified_gmt":"2026-04-29T08:12:31","slug":"vidas-des-hommes-et-une-langue-itineraires-biographiques-xixe-et-xxe-siecles","status":"publish","type":"product","link":"https:\/\/www.libraria-occitana.org\/en\/product\/vidas-des-hommes-et-une-langue-itineraires-biographiques-xixe-et-xxe-siecles\/","title":{"rendered":"Vidas. Des hommes et une langue : itin\u00e9raires biographiques XIXe et XXe si\u00e8cles"},"content":{"rendered":"<p>Vidas. En occitan, \u00e7a veut dire \u2018vies\u2019. Ce livre parle de vies, ou de moments de vie. Les vies de ces hommes et de ces femmes qui, depuis le XIXe si\u00e8cle, se battent pour d\u00e9fendre et illustrer une langue, l\u2019occitan, que le sens commun fran\u00e7ais ignore, ou ne r\u00eave que de voir d\u00e9finitivement morte, comme tout ce qui n\u2019est pas le fran\u00e7ais seul. Il y a l\u00e0 des noms connus, en tout cas de ceux qui savent quelque chose sur cette langue et son histoire : Fr\u00e9d\u00e9ric Mistral, bien s\u00fbr, Robert Lafont. D\u2019autres sont moins connus, voire inconnus, mais cela n\u2019enl\u00e8ve rien \u00e0 leurs m\u00e9rites. Certains sont des \u00e9crivains de valeur (on \u00e9pargne les autres au lecteur), d\u2019autres des militants. Certains ont suivi des itin\u00e9raires curieux, il en est qu\u2019on ne s\u2019attend pas \u00e0 voir figurer ici\u2009\u2009; pour d\u2019autres, on se dit qu\u2019on n\u2019aurait pas forc\u00e9ment aim\u00e9 les rencontrer. Mais tous, \u00e0 leur mani\u00e8re, ont particip\u00e9 en leur temps \u00e0 l\u2019aventure mill\u00e9naire de la langue et de la litt\u00e9rature d\u2019oc.<\/p>\n<p>Textes r\u00e9unis par Marie-Jeanne Verny et Yan Lespoux.<\/p>\n<p><a href=\"https:\/\/www.libraria-occitana.org\/wp-content\/uploads\/2018\/07\/tdm_martel2.pdf\">\u2192 Consulter la table des mati\u00e8res<\/a><\/p>\n","protected":false},"excerpt":{"rendered":"<p>Vidas. En occitan, \u00e7a veut dire \u2018vies\u2019. Ce livre parle de vies, ou de moments de vie. Les vies de ces hommes et de ces femmes qui, depuis le XIXe si\u00e8cle, se battent pour d\u00e9fendre et illustrer une langue, l\u2019occitan, que le sens commun fran\u00e7ais ignore, ou ne r\u00eave que de voir d\u00e9finitivement morte, comme [&hellip;]<\/p>\n","protected":false},"featured_media":42390,"template":"","meta":{"_acf_changed":false,"_genesis_hide_title":false,"_genesis_hide_breadcrumbs":false,"_genesis_hide_singular_image":false,"_genesis_hide_footer_widgets":false,"_genesis_custom_body_class":"","_genesis_custom_post_class":"","_genesis_layout":""},"product_brand":[],"product_cat":[7132,7148,7158],"product_tag":[],"class_list":{"0":"post-42392","1":"product","2":"type-product","3":"status-publish","4":"has-post-thumbnail","6":"product_cat-books","7":"product_cat-history-geography-en","8":"product_cat-modern-and-contemporary-history-en","9":"pa_auteur-martel-philippe-en","10":"pa_editeur-lambert-lucas-en","11":"pa_langue-francais-en","12":"entry","14":"first","15":"instock","16":"shipping-taxable","17":"purchasable","18":"product-type-simple"},"acf":[],"_links":{"self":[{"href":"https:\/\/www.libraria-occitana.org\/en\/wp-json\/wp\/v2\/product\/42392","targetHints":{"allow":["GET"]}}],"collection":[{"href":"https:\/\/www.libraria-occitana.org\/en\/wp-json\/wp\/v2\/product"}],"about":[{"href":"https:\/\/www.libraria-occitana.org\/en\/wp-json\/wp\/v2\/types\/product"}],"wp:featuredmedia":[{"embeddable":true,"href":"https:\/\/www.libraria-occitana.org\/en\/wp-json\/wp\/v2\/media\/42390"}],"wp:attachment":[{"href":"https:\/\/www.libraria-occitana.org\/en\/wp-json\/wp\/v2\/media?parent=42392"}],"wp:term":[{"taxonomy":"product_brand","embeddable":true,"href":"https:\/\/www.libraria-occitana.org\/en\/wp-json\/wp\/v2\/product_brand?post=42392"},{"taxonomy":"product_cat","embeddable":true,"href":"https:\/\/www.libraria-occitana.org\/en\/wp-json\/wp\/v2\/product_cat?post=42392"},{"taxonomy":"product_tag","embeddable":true,"href":"https:\/\/www.libraria-occitana.org\/en\/wp-json\/wp\/v2\/product_tag?post=42392"}],"curies":[{"name":"wp","href":"https:\/\/api.w.org\/{rel}","templated":true}]}}