{"id":42509,"date":"2022-01-02T13:04:44","date_gmt":"2022-01-02T12:04:44","guid":{"rendered":"http:\/\/www.libraria-occitana.org\/product\/le-pain-noir\/"},"modified":"2026-04-02T19:56:12","modified_gmt":"2026-04-02T17:56:12","slug":"le-pain-noir","status":"publish","type":"product","link":"https:\/\/www.libraria-occitana.org\/en\/product\/le-pain-noir\/","title":{"rendered":"Le pain noir"},"content":{"rendered":"<p><strong>Le pain noir &#8211; La fabrique du roi &#8211; Les drapeaux de la ville &#8211; La derni\u00e8re saison<\/strong><\/p>\n<p>L&#8217;histoire commence peu apr\u00e8s la guerre de 1870 en Limousin. Cathie Charron est \u00ab une grande qui gagne son pain \u00bb, dit son p\u00e8re, une fr\u00eale servante de sept ans qui traverse le soir le pr\u00e9 aux fant\u00f4mes, elle a si peur mais, d\u00e9j\u00e0 vaillante, elle affronte sa peur comme elle affrontera les \u00e9preuves que la vie lui r\u00e9serve. Le r\u00e9cit se cl\u00f4t dans les ann\u00e9es qui suivent la Seconde Guerre mondiale. Catherine Charron voit les g\u00e9n\u00e9rations se succ\u00e9der aupr\u00e8s d&#8217;elle, ce fils lointain, ce petit-fils \u00e9crivain&#8230; Il a fallu quatre livres \u00e0 Georges-Emmanuel Clancier pour retracer cette longue histoire vibrante de tumultes et de tendresses, de douleurs et d&#8217;odeurs &#8211; celle de la terre, de la for\u00eat au petit matin, des feuilles mortes, du kaolin&#8230; Il s&#8217;est fait tour \u00e0 tour historien, ethnographe, romancier et po\u00e8te pour tenter de saisir l&#8217;insaisissable : la totalit\u00e9 d&#8217;une vie.<\/p>\n<p><strong>Georges-Emmanuel Clancier<\/strong> (1914-2018) est un \u00e9crivain fran\u00e7ais, po\u00e8te et romancier. Il a re\u00e7u le Grand Prix de la Soci\u00e9t\u00e9 des gens de lettres ainsi que le Grand Prix de Litt\u00e9rature de l&#8217;Acad\u00e9mie fran\u00e7aise pour l&#8217;ensemble de son \u0153uvre.<\/p>\n","protected":false},"excerpt":{"rendered":"<p>Le pain noir &#8211; La fabrique du roi &#8211; Les drapeaux de la ville &#8211; La derni\u00e8re saison L&#8217;histoire commence peu apr\u00e8s la guerre de 1870 en Limousin. Cathie Charron est \u00ab une grande qui gagne son pain \u00bb, dit son p\u00e8re, une fr\u00eale servante de sept ans qui traverse le soir le pr\u00e9 aux [&hellip;]<\/p>\n","protected":false},"featured_media":55921,"template":"","meta":{"_acf_changed":false,"_genesis_hide_title":false,"_genesis_hide_breadcrumbs":false,"_genesis_hide_singular_image":false,"_genesis_hide_footer_widgets":false,"_genesis_custom_body_class":"","_genesis_custom_post_class":"","_genesis_layout":""},"product_brand":[],"product_cat":[7132,7174,7182],"product_tag":[],"class_list":{"0":"post-42509","1":"product","2":"type-product","3":"status-publish","4":"has-post-thumbnail","6":"product_cat-books","7":"product_cat-literature-en","8":"product_cat-novels-short-stories-en","9":"pa_auteur-clancier-georges-emmanuel-en","10":"pa_editeur-omnibus-en","11":"pa_langue-francais-en","12":"entry","14":"first","15":"instock","16":"shipping-taxable","17":"purchasable","18":"product-type-simple"},"acf":[],"_links":{"self":[{"href":"https:\/\/www.libraria-occitana.org\/en\/wp-json\/wp\/v2\/product\/42509","targetHints":{"allow":["GET"]}}],"collection":[{"href":"https:\/\/www.libraria-occitana.org\/en\/wp-json\/wp\/v2\/product"}],"about":[{"href":"https:\/\/www.libraria-occitana.org\/en\/wp-json\/wp\/v2\/types\/product"}],"wp:featuredmedia":[{"embeddable":true,"href":"https:\/\/www.libraria-occitana.org\/en\/wp-json\/wp\/v2\/media\/55921"}],"wp:attachment":[{"href":"https:\/\/www.libraria-occitana.org\/en\/wp-json\/wp\/v2\/media?parent=42509"}],"wp:term":[{"taxonomy":"product_brand","embeddable":true,"href":"https:\/\/www.libraria-occitana.org\/en\/wp-json\/wp\/v2\/product_brand?post=42509"},{"taxonomy":"product_cat","embeddable":true,"href":"https:\/\/www.libraria-occitana.org\/en\/wp-json\/wp\/v2\/product_cat?post=42509"},{"taxonomy":"product_tag","embeddable":true,"href":"https:\/\/www.libraria-occitana.org\/en\/wp-json\/wp\/v2\/product_tag?post=42509"}],"curies":[{"name":"wp","href":"https:\/\/api.w.org\/{rel}","templated":true}]}}