{"id":42515,"date":"2017-08-02T13:38:31","date_gmt":"2017-08-02T11:38:31","guid":{"rendered":"http:\/\/www.libraria-occitana.org\/product\/estelum-ballades-en-occitanie\/"},"modified":"2026-04-15T04:46:14","modified_gmt":"2026-04-15T02:46:14","slug":"estelum-ballades-en-occitanie","status":"publish","type":"product","link":"https:\/\/www.libraria-occitana.org\/en\/product\/estelum-ballades-en-occitanie\/","title":{"rendered":"Estelum : Ballades en Occitanie"},"content":{"rendered":"<p>\u00ab Ballades en Occitanie \u00bb comporte 12 chansons in\u00e9dites dont la plupart sont de nouvelles compositions, avec une chanson de Tom Paxton et la tr\u00e8s c\u00e9l\u00e8bre \u00ab Companhs no es aix\u00f2 \u00bb du chanteur catalan Lluis Llach, toutes en langue d&#8217;oc. Apr\u00e8s le succ\u00e8s de \u00ab Colors \u00bb , Patric nous livre ici un de ses plus beaux enregistrements o\u00f9 la chaleur de sa voix nous offre pr\u00e8s de 45 minutes de bonheur. Laissons la conclusion \u00e0 l&#8217;un de ses grands amis :<\/p>\n<p>\u00ab Il y a une \u00e9trange chaleur dans ses chansons&#8230; Patric puise dans l&#8217;amour sa force pour faire face \u00e0 tout, pour parler juste et d&#8217;exp\u00e9rience. J&#8217;insiste pour qu&#8217;on \u00e9coute ses chansons, les premi\u00e8res qui soient n\u00e9es de l&#8217;autre c\u00f4t\u00e9 de la peur, sans trace d&#8217;illusion. Elles sont belles, \u00e2pres, sans concession ni sensiblerie, sans fard, adultes&#8230; Avec elles, Patric vient de gagner une bataille capitale : celle de l&#8217;authentique. \u00bb (Yves Rouquette)<\/p>\n<p><strong>Titres :<\/strong><br \/>\n1. Ajuda-me 4&#8217;45<br \/>\n2. O volgu\u00e8ri jamai 3&#8217;31<br \/>\n3. Quand tornar\u00e0 lo mes de mai 3&#8217;40<br \/>\n4. Reb\u00e8l 3&#8217;22<br \/>\n5. Lo j\u00f2c maudich 3&#8217;16<br \/>\n6. Passion 3&#8217;50<br \/>\n7. Can\u00e7on per rire 3&#8217;48<br \/>\n8. Naya 3&#8217;17<br \/>\n9. Balada en iv\u00e8rn 4&#8217;21<br \/>\n10. Cada sason 3&#8217;43<br \/>\n11. Dins lo pich\u00f2t caf\u00e8 2&#8217;14<br \/>\n12. Companhs pas aqu\u00f2 2&#8217;59<\/p>\n","protected":false},"excerpt":{"rendered":"<p>\u00ab Ballades en Occitanie \u00bb comporte 12 chansons in\u00e9dites dont la plupart sont de nouvelles compositions, avec une chanson de Tom Paxton et la tr\u00e8s c\u00e9l\u00e8bre \u00ab Companhs no es aix\u00f2 \u00bb du chanteur catalan Lluis Llach, toutes en langue d&#8217;oc. Apr\u00e8s le succ\u00e8s de \u00ab Colors \u00bb , Patric nous livre ici un de [&hellip;]<\/p>\n","protected":false},"featured_media":42513,"template":"","meta":{"_acf_changed":false,"_genesis_hide_title":false,"_genesis_hide_breadcrumbs":false,"_genesis_hide_singular_image":false,"_genesis_hide_footer_widgets":false,"_genesis_custom_body_class":"","_genesis_custom_post_class":"","_genesis_layout":""},"product_brand":[],"product_cat":[7216,7218],"product_tag":[],"class_list":{"0":"post-42515","1":"product","2":"type-product","3":"status-publish","4":"has-post-thumbnail","6":"product_cat-music-en","7":"product_cat-voice-en","8":"pa_auteur-patric-en","9":"pa_editeur-occitania-produccions-en","10":"pa_langue-occitan-lengadocian-en","11":"pa_langue-occitan-francais-en","12":"entry","14":"first","15":"instock","16":"shipping-taxable","17":"purchasable","18":"product-type-simple"},"acf":[],"_links":{"self":[{"href":"https:\/\/www.libraria-occitana.org\/en\/wp-json\/wp\/v2\/product\/42515","targetHints":{"allow":["GET"]}}],"collection":[{"href":"https:\/\/www.libraria-occitana.org\/en\/wp-json\/wp\/v2\/product"}],"about":[{"href":"https:\/\/www.libraria-occitana.org\/en\/wp-json\/wp\/v2\/types\/product"}],"wp:featuredmedia":[{"embeddable":true,"href":"https:\/\/www.libraria-occitana.org\/en\/wp-json\/wp\/v2\/media\/42513"}],"wp:attachment":[{"href":"https:\/\/www.libraria-occitana.org\/en\/wp-json\/wp\/v2\/media?parent=42515"}],"wp:term":[{"taxonomy":"product_brand","embeddable":true,"href":"https:\/\/www.libraria-occitana.org\/en\/wp-json\/wp\/v2\/product_brand?post=42515"},{"taxonomy":"product_cat","embeddable":true,"href":"https:\/\/www.libraria-occitana.org\/en\/wp-json\/wp\/v2\/product_cat?post=42515"},{"taxonomy":"product_tag","embeddable":true,"href":"https:\/\/www.libraria-occitana.org\/en\/wp-json\/wp\/v2\/product_tag?post=42515"}],"curies":[{"name":"wp","href":"https:\/\/api.w.org\/{rel}","templated":true}]}}