{"id":42541,"date":"2018-07-13T19:52:17","date_gmt":"2018-07-13T17:52:17","guid":{"rendered":"http:\/\/www.libraria-occitana.org\/product\/bohas-orchestra-cornemuses-landaises-couleurs-gasconnes\/"},"modified":"2026-04-03T01:26:13","modified_gmt":"2026-04-02T23:26:13","slug":"bohas-orchestra-cornemuses-landaises-couleurs-gasconnes","status":"publish","type":"product","link":"https:\/\/www.libraria-occitana.org\/en\/product\/bohas-orchestra-cornemuses-landaises-couleurs-gasconnes\/","title":{"rendered":"Bohas orchestra : Cornemuses landaises &#038; couleurs gasconnes"},"content":{"rendered":"<p><strong>Musiciens :<\/strong> Virginie Cosnay (boha), Yan Cozian (boha, clarin, voix), Christian Crouts de Paille (boha), Mai\u0308te\u0301 Derazey (boha, voix), Claudie Godeau (percussion, voix), Marie-Christine Ibarrart (boha, clarinette, voix), Jean-Franc\u0327ois Labeyrie (boha), Michel Lamothe (boha), Martin Lassouque (boha), Jean-Paul Saintorens (boha), Ghislaine Saintorens (boha), Maryse Sibe\u0301 (boha, voix), Jordan Tisner (percussion, voix)<br \/>\n<strong>Invit\u00e9s :<\/strong> \u00c9ric Oberle\u0301 (percussion), Pascale Lavielle (voix).<\/p>\n<p>De la joie, de l\u2019entrain, des voix, des percus et, bien s\u00fbr, des bohas, en ce Bohas orchestra r\u00e9uni et anim\u00e9 par Yan Cozian, bohaire et facteur de boha qu\u2019on ne pr\u00e9sente plus. Un r\u00e9pertoire traditionnel, m\u00e2tin\u00e9 de quelques compos de Yan.<\/p>\n<p>Traditionnel : Gascogne (17 titres), B\u00e9arn (1 titre) ; Compositions : Yan Cozian (3 titres).<br \/>\nLivret 8 pages. Indication des sources.<\/p>\n<p><strong>Titres :<\/strong><br \/>\n1. Suite de congos d&#8217;apr\u00e8s Alexis Capes&#8230; et d&#8217;autres 3&#8217;50<br \/>\n2. La vesina (mazurka) 6&#8217;14<br \/>\n3. Suite de rondeaux d&#8217;hier et d&#8217;aujourd&#8217;hui 3&#8217;54<br \/>\n4. Hilh\u00f2ta de del\u00e0 l&#8217;aiga (complainte) 5&#8217;35<br \/>\n5. Congo Cantiran 2&#8217;50<br \/>\n6. Valse bazadaize 3&#8217;45<br \/>\n7. Polka deu Pinsan 2&#8217;53<br \/>\n8. N&#8217;am traversat nau lanas (marche) 2&#8217;40<br \/>\n9. Suite de rondeaux du Lot-et-Garonne 2&#8217;53<br \/>\n10. Scottishs 4&#8217;50<br \/>\n11. Lo lin \/ Congo de Fran\u00e7ois Mivielle 5&#8217;12<br \/>\n12. Carnaval \/ Lucmau (mazurkas) 5&#8217;12<br \/>\n13. Valses 6&#8217;14<br \/>\n14. La can\u00e7on de la hialaira \/ Scottishs de de Duprat et de Dauba 4&#8217;17<br \/>\n15. Suite de rondeaux chant\u00e9s 3&#8217;47<\/p>\n","protected":false},"excerpt":{"rendered":"<p>Musiciens : Virginie Cosnay (boha), Yan Cozian (boha, clarin, voix), Christian Crouts de Paille (boha), Mai\u0308te\u0301 Derazey (boha, voix), Claudie Godeau (percussion, voix), Marie-Christine Ibarrart (boha, clarinette, voix), Jean-Franc\u0327ois Labeyrie (boha), Michel Lamothe (boha), Martin Lassouque (boha), Jean-Paul Saintorens (boha), Ghislaine Saintorens (boha), Maryse Sibe\u0301 (boha, voix), Jordan Tisner (percussion, voix) Invit\u00e9s : \u00c9ric Oberle\u0301 [&hellip;]<\/p>\n","protected":false},"featured_media":42536,"template":"","meta":{"_acf_changed":false,"_genesis_hide_title":false,"_genesis_hide_breadcrumbs":false,"_genesis_hide_singular_image":false,"_genesis_hide_footer_widgets":false,"_genesis_custom_body_class":"","_genesis_custom_post_class":"","_genesis_layout":""},"product_brand":[],"product_cat":[7228,7216],"product_tag":[],"class_list":{"0":"post-42541","1":"product","2":"type-product","3":"status-publish","4":"has-post-thumbnail","6":"product_cat-modern-folk-en","7":"product_cat-music-en","8":"pa_auteur-bohas-orchestra-en","9":"pa_editeur-aepem-en","10":"pa_langue-occitan-en","11":"pa_langue-occitan-gascon-en","12":"entry","14":"first","15":"instock","16":"shipping-taxable","17":"purchasable","18":"product-type-simple"},"acf":[],"_links":{"self":[{"href":"https:\/\/www.libraria-occitana.org\/en\/wp-json\/wp\/v2\/product\/42541","targetHints":{"allow":["GET"]}}],"collection":[{"href":"https:\/\/www.libraria-occitana.org\/en\/wp-json\/wp\/v2\/product"}],"about":[{"href":"https:\/\/www.libraria-occitana.org\/en\/wp-json\/wp\/v2\/types\/product"}],"wp:featuredmedia":[{"embeddable":true,"href":"https:\/\/www.libraria-occitana.org\/en\/wp-json\/wp\/v2\/media\/42536"}],"wp:attachment":[{"href":"https:\/\/www.libraria-occitana.org\/en\/wp-json\/wp\/v2\/media?parent=42541"}],"wp:term":[{"taxonomy":"product_brand","embeddable":true,"href":"https:\/\/www.libraria-occitana.org\/en\/wp-json\/wp\/v2\/product_brand?post=42541"},{"taxonomy":"product_cat","embeddable":true,"href":"https:\/\/www.libraria-occitana.org\/en\/wp-json\/wp\/v2\/product_cat?post=42541"},{"taxonomy":"product_tag","embeddable":true,"href":"https:\/\/www.libraria-occitana.org\/en\/wp-json\/wp\/v2\/product_tag?post=42541"}],"curies":[{"name":"wp","href":"https:\/\/api.w.org\/{rel}","templated":true}]}}