{"id":42547,"date":"2018-07-13T20:14:06","date_gmt":"2018-07-13T18:14:06","guid":{"rendered":"http:\/\/www.libraria-occitana.org\/product\/accordeon-chromatique-bourrees-traditionnelles-dauvergne-et-du-limousin\/"},"modified":"2026-04-16T01:26:15","modified_gmt":"2026-04-15T23:26:15","slug":"accordeon-chromatique-bourrees-traditionnelles-dauvergne-et-du-limousin","status":"publish","type":"product","link":"https:\/\/www.libraria-occitana.org\/en\/product\/accordeon-chromatique-bourrees-traditionnelles-dauvergne-et-du-limousin\/","title":{"rendered":"Accord\u00e9on chromatique : Bourr\u00e9es traditionnelles d&#8217;Auvergne et du Limousin"},"content":{"rendered":"<p><strong>Herv\u00e9 Capel :<\/strong> Accord\u00e9on chromatique<\/p>\n<p>Traditionnel : Auvergne (14 titres), Limousin (8 titres), G\u00e9vaudan (1 titre), Rouergue (2 titres)<br \/>\nLivret 8 pages. Indication des sources.<\/p>\n<p>Herv\u00e9 Capel, son accord\u00e9on, et les bourr\u00e9es d\u2019Auvergne et du Limousin\u2026 Partez \u00e0 la rencontre \u2013 car c\u2019est bien d\u2019une rencontre qu\u2019il s\u2019agit ici \u2013 de ce point de confluence qu\u2019est Herv\u00e9 du r\u00e9pertoire du duo Auvergnat-Parisien embl\u00e9matique Cabrette-Chromatique et de celui, plus rare, des Violoneux d\u2019Auvergne et du Limousin.<\/p>\n<p><strong>Titres :<\/strong><br \/>\n1. Bourr\u00e9e de Porte \u2022 Limousin 2\u201928<br \/>\n2. La Cayrolaise ou lo Rucado \/ Jolie musette \u2022 Auvergne 2\u201935<br \/>\n3. Bourr\u00e9e de Fenou \/ Bourr\u00e9e de P\u00e9chadre \u2022 Auvergne et Limousin 3\u201922<br \/>\n4. Lo Tricoutado \/ Les enfants du pauvre homme \u2022 Auvergne, G\u00e9vaudan 3\u201909<br \/>\n5. Montagnarde d\u2019antan \/ Montagnarde de Latour \/ Le roc de Carlat \u2022 Auvergne, Rouergue 2\u201947<br \/>\n6. Bourr\u00e9e de Mouret \u2022 Auvergne 1\u201953<br \/>\n7. Te te rete \/ Lo Borriera \u2022 Auvergne 3\u201923<br \/>\n8. Bourr\u00e9e de Fenou \/ Tan pire \u2022 Auvergne, Limousin 2\u201940<br \/>\n9. La valse du tacot \u2022 Limousin 2\u201914<br \/>\n10. Las peras maduras \u2022 Auvergne, Limousin 2\u201921<br \/>\n11. La fille de l\u2019escloupie\u0301 \/ Bourr\u00e9e du p\u00e8re Bonal \u2022 Auvergne 2\u201918<br \/>\n12. Anem s\u2019escodre \/ Bourr\u00e9e \u00e0 Souli\u00e9 \u2022 Limousin, Rouergue 2\u201932<br \/>\n13. Bourr\u00e9e de Saint-Flour \/ Bourr\u00e9e de Nanot \u2022 Auvergne, Limousin 2\u201945<br \/>\n14. Carnaval passe \u2022 Limousin 3\u201947<\/p>\n","protected":false},"excerpt":{"rendered":"<p>Herv\u00e9 Capel : Accord\u00e9on chromatique Traditionnel : Auvergne (14 titres), Limousin (8 titres), G\u00e9vaudan (1 titre), Rouergue (2 titres) Livret 8 pages. Indication des sources. Herv\u00e9 Capel, son accord\u00e9on, et les bourr\u00e9es d\u2019Auvergne et du Limousin\u2026 Partez \u00e0 la rencontre \u2013 car c\u2019est bien d\u2019une rencontre qu\u2019il s\u2019agit ici \u2013 de ce point de confluence [&hellip;]<\/p>\n","protected":false},"featured_media":42533,"template":"","meta":{"_acf_changed":false,"_genesis_hide_title":false,"_genesis_hide_breadcrumbs":false,"_genesis_hide_singular_image":false,"_genesis_hide_footer_widgets":false,"_genesis_custom_body_class":"","_genesis_custom_post_class":"","_genesis_layout":""},"product_brand":[],"product_cat":[7228,7216],"product_tag":[],"class_list":{"0":"post-42547","1":"product","2":"type-product","3":"status-publish","4":"has-post-thumbnail","6":"product_cat-modern-folk-en","7":"product_cat-music-en","8":"pa_auteur-capel-herve-en","9":"pa_editeur-aepem-en","10":"entry","12":"first","13":"outofstock","14":"shipping-taxable","15":"purchasable","16":"product-type-simple"},"acf":[],"_links":{"self":[{"href":"https:\/\/www.libraria-occitana.org\/en\/wp-json\/wp\/v2\/product\/42547","targetHints":{"allow":["GET"]}}],"collection":[{"href":"https:\/\/www.libraria-occitana.org\/en\/wp-json\/wp\/v2\/product"}],"about":[{"href":"https:\/\/www.libraria-occitana.org\/en\/wp-json\/wp\/v2\/types\/product"}],"wp:featuredmedia":[{"embeddable":true,"href":"https:\/\/www.libraria-occitana.org\/en\/wp-json\/wp\/v2\/media\/42533"}],"wp:attachment":[{"href":"https:\/\/www.libraria-occitana.org\/en\/wp-json\/wp\/v2\/media?parent=42547"}],"wp:term":[{"taxonomy":"product_brand","embeddable":true,"href":"https:\/\/www.libraria-occitana.org\/en\/wp-json\/wp\/v2\/product_brand?post=42547"},{"taxonomy":"product_cat","embeddable":true,"href":"https:\/\/www.libraria-occitana.org\/en\/wp-json\/wp\/v2\/product_cat?post=42547"},{"taxonomy":"product_tag","embeddable":true,"href":"https:\/\/www.libraria-occitana.org\/en\/wp-json\/wp\/v2\/product_tag?post=42547"}],"curies":[{"name":"wp","href":"https:\/\/api.w.org\/{rel}","templated":true}]}}