{"id":42596,"date":"2016-08-03T18:28:42","date_gmt":"2016-08-03T16:28:42","guid":{"rendered":"http:\/\/www.libraria-occitana.org\/product\/linteret-general-moi-dvd-cd-libreton\/"},"modified":"2026-04-29T04:36:39","modified_gmt":"2026-04-29T02:36:39","slug":"linteret-general-moi-dvd-cd-libreton","status":"publish","type":"product","link":"https:\/\/www.libraria-occitana.org\/en\/product\/linteret-general-moi-dvd-cd-libreton\/","title":{"rendered":"L&#8217;int\u00e9r\u00eat g\u00e9n\u00e9ral &#038; moi (DVD + CD + libreton)"},"content":{"rendered":"<p>Une autoroute construite mais vide (l\u2019A65 Langon-Pau), un projet ferroviaire pharaonique (la Ligne \u00e0 Grande Vitesse du sud-ouest), un projet d\u2019a\u00e9roport vieux de plus de 40 ans (Notre Dame des Landes). Sous ces infrastructures, des vies, des territoires, des espaces naturels sacrifi\u00e9s ou devant l\u2019\u00eatre, au nom de l\u2019int\u00e9r\u00eat g\u00e9n\u00e9ral.<br \/>\nMais qui d\u00e9termine l\u2019int\u00e9r\u00eat g\u00e9n\u00e9ral ? Comment ? Un film sur la d\u00e9mocratie des grands projets, sur la fa\u00e7on dont on prend et ressent ce type de d\u00e9cisions, aujourd\u2019hui, en France.<\/p>\n<p><strong>Dans le coffret :<\/strong><br \/>\n&#8211; le DVD du film ;<br \/>\n&#8211; le CD de la bande originale compos\u00e9e par Art\u00fas ;<br \/>\n&#8211; 1h de bonus vid\u00e9o : 30 minutes passionnantes sur l\u2019histoire et le fonctionnement de la Zad de Notre-Dame-des-Landes avec Dominique, un des occupants, et 30 minutes toutes aussi riches avec Txetx Etcheverry, \u00e0 propos d\u2019Alternatiba et de l\u2019articulation de ce mouvement avec les luttes de territoire ;<br \/>\n&#8211; un livret de 28 pages, avec de nombreuses photos, une pr\u00e9sentation des principaux protagonistes du film et deux textes : un entretien avec les r\u00e9alisateurs sur le processus de cr\u00e9ation du film, et un texte de Julien Milanesi sur le mouvement contre les Grands Projets Inutiles et Impos\u00e9s (GPII) \u00e9crit en juillet 2016.<\/p>\n","protected":false},"excerpt":{"rendered":"<p>Une autoroute construite mais vide (l\u2019A65 Langon-Pau), un projet ferroviaire pharaonique (la Ligne \u00e0 Grande Vitesse du sud-ouest), un projet d\u2019a\u00e9roport vieux de plus de 40 ans (Notre Dame des Landes). Sous ces infrastructures, des vies, des territoires, des espaces naturels sacrifi\u00e9s ou devant l\u2019\u00eatre, au nom de l\u2019int\u00e9r\u00eat g\u00e9n\u00e9ral. Mais qui d\u00e9termine l\u2019int\u00e9r\u00eat g\u00e9n\u00e9ral [&hellip;]<\/p>\n","protected":false},"featured_media":42594,"template":"","meta":{"_acf_changed":false,"_genesis_hide_title":false,"_genesis_hide_breadcrumbs":false,"_genesis_hide_singular_image":false,"_genesis_hide_footer_widgets":false,"_genesis_custom_body_class":"","_genesis_custom_post_class":"","_genesis_layout":""},"product_brand":[],"product_cat":[7241,7249],"product_tag":[],"class_list":{"0":"post-42596","1":"product","2":"type-product","3":"status-publish","4":"has-post-thumbnail","6":"product_cat-documentary-en","7":"product_cat-videos-3-en","8":"pa_auteur-metrich-sophie-en","9":"pa_auteur-milanesi-julien-en","10":"pa_editeur-projections-direction-humaine-des-ressources-en","11":"pa_langue-francais-en","12":"entry","14":"first","15":"instock","16":"shipping-taxable","17":"purchasable","18":"product-type-simple"},"acf":[],"_links":{"self":[{"href":"https:\/\/www.libraria-occitana.org\/en\/wp-json\/wp\/v2\/product\/42596","targetHints":{"allow":["GET"]}}],"collection":[{"href":"https:\/\/www.libraria-occitana.org\/en\/wp-json\/wp\/v2\/product"}],"about":[{"href":"https:\/\/www.libraria-occitana.org\/en\/wp-json\/wp\/v2\/types\/product"}],"wp:featuredmedia":[{"embeddable":true,"href":"https:\/\/www.libraria-occitana.org\/en\/wp-json\/wp\/v2\/media\/42594"}],"wp:attachment":[{"href":"https:\/\/www.libraria-occitana.org\/en\/wp-json\/wp\/v2\/media?parent=42596"}],"wp:term":[{"taxonomy":"product_brand","embeddable":true,"href":"https:\/\/www.libraria-occitana.org\/en\/wp-json\/wp\/v2\/product_brand?post=42596"},{"taxonomy":"product_cat","embeddable":true,"href":"https:\/\/www.libraria-occitana.org\/en\/wp-json\/wp\/v2\/product_cat?post=42596"},{"taxonomy":"product_tag","embeddable":true,"href":"https:\/\/www.libraria-occitana.org\/en\/wp-json\/wp\/v2\/product_tag?post=42596"}],"curies":[{"name":"wp","href":"https:\/\/api.w.org\/{rel}","templated":true}]}}