{"id":42643,"date":"2018-05-05T16:40:26","date_gmt":"2018-05-05T14:40:26","guid":{"rendered":"http:\/\/www.libraria-occitana.org\/product\/soleu-dargent\/"},"modified":"2026-04-29T05:51:24","modified_gmt":"2026-04-29T03:51:24","slug":"soleu-dargent","status":"publish","type":"product","link":"https:\/\/www.libraria-occitana.org\/en\/product\/soleu-dargent\/","title":{"rendered":"Soleu d&#8217;argent"},"content":{"rendered":"<p><strong>Rodin Kaufmann :<\/strong> Chant, percussions<br \/>\n<strong>Denis Sampieri :<\/strong> Chant, percussions<br \/>\n<strong>Guy Sampieri :<\/strong> Chant, percussions<br \/>\n<strong>Erwan Billon :<\/strong> Chant, percussions<\/p>\n<p>Premier mini-album du groupe U\u00e8i qui signifie \u00ab aujourd\u2019hui \u00bb.<br \/>\nEt c\u2019est l\u2019aujourd\u2019hui humain que ce groupe chante, celui des combats anonymes, des courses tragiques, des destins d\u00e9risoires de l\u2019individu en qu\u00eate de bonheur. C\u2019est aussi l\u2019homophone de \u00ab uelh \u00bb : l\u2019\u0153il, celui qui observe les scandales sociaux, les drames humanitaires, la trajectoire funeste d\u2019un monde d\u00e9sarticul\u00e9.<br \/>\nLa musique de U\u00e8i, la <strong><em>crid\u00e8sta<\/em><\/strong>, s&#8217;abreuve aux espaces sans bornes et aux cultures \u00e0 la fois s\u00e9culaires et contemporaines: celles des Cara\u00efbes, de la Syrie, du Kurdistan ou du Sud des \u00c9tats-Unis, mais aussi de son territoire d&#8217;origine dont il chante sans concession la langue : l\u2019Occitan. Dans ses mots, ce quartet d&#8217;anticipation livre des chroniques po\u00e9tiques et militantes o\u00f9 les beats digitaux r\u00e9pondent aux entrelacs vocaux.<br \/>\nRodin Kaufmann et Denis Sampieri, membres du fameux C\u00f2r de la Plana sont \u00e0 l&#8217;origine de cette formation de quatre chanteurs-percussionnistes aguerris. Aux c\u00f4t\u00e9s d&#8217;Erwan Billon et de Guy Sampieri, ils chantent leur vision brute et po\u00e9tique d&#8217;un monde en crise.<\/p>\n<p>Le CD est accompagn\u00e9 d\u2019un livret de 16 pages qui est imprim\u00e9 sur papier recycl\u00e9 et contient toutes les paroles en occitan, ainsi que la traduction en fran\u00e7ais.<\/p>\n<p><strong>Titres :<\/strong><br \/>\n1. Ai mam\u00e0 3&#8217;16<br \/>\n2. Soleu d&#8217;argent 4&#8217;35<br \/>\n3. Mant\u00e9nguer ri\u00f2ta 4&#8217;07<br \/>\n4. Cambarada 3&#8217;59<br \/>\n5. Vegu\u00e8ri l&#8217;auba 4&#8217;27<\/p>\n","protected":false},"excerpt":{"rendered":"<p>Rodin Kaufmann : Chant, percussions Denis Sampieri : Chant, percussions Guy Sampieri : Chant, percussions Erwan Billon : Chant, percussions Premier mini-album du groupe U\u00e8i qui signifie \u00ab aujourd\u2019hui \u00bb. Et c\u2019est l\u2019aujourd\u2019hui humain que ce groupe chante, celui des combats anonymes, des courses tragiques, des destins d\u00e9risoires de l\u2019individu en qu\u00eate de bonheur. C\u2019est [&hellip;]<\/p>\n","protected":false},"featured_media":42641,"template":"","meta":{"_acf_changed":false,"_genesis_hide_title":false,"_genesis_hide_breadcrumbs":false,"_genesis_hide_singular_image":false,"_genesis_hide_footer_widgets":false,"_genesis_custom_body_class":"","_genesis_custom_post_class":"","_genesis_layout":""},"product_brand":[],"product_cat":[7220,7216],"product_tag":[],"class_list":{"0":"post-42643","1":"product","2":"type-product","3":"status-publish","4":"has-post-thumbnail","6":"product_cat-hip-hop-electronic-music-en","7":"product_cat-music-en","8":"pa_auteur-uei-en","9":"pa_editeur-pantais-records-en","10":"pa_langue-occitan-en","11":"pa_langue-occitan-gascon-en","12":"pa_langue-occitan-provencau-en","13":"entry","15":"first","16":"outofstock","17":"shipping-taxable","18":"purchasable","19":"product-type-simple"},"acf":[],"_links":{"self":[{"href":"https:\/\/www.libraria-occitana.org\/en\/wp-json\/wp\/v2\/product\/42643","targetHints":{"allow":["GET"]}}],"collection":[{"href":"https:\/\/www.libraria-occitana.org\/en\/wp-json\/wp\/v2\/product"}],"about":[{"href":"https:\/\/www.libraria-occitana.org\/en\/wp-json\/wp\/v2\/types\/product"}],"wp:featuredmedia":[{"embeddable":true,"href":"https:\/\/www.libraria-occitana.org\/en\/wp-json\/wp\/v2\/media\/42641"}],"wp:attachment":[{"href":"https:\/\/www.libraria-occitana.org\/en\/wp-json\/wp\/v2\/media?parent=42643"}],"wp:term":[{"taxonomy":"product_brand","embeddable":true,"href":"https:\/\/www.libraria-occitana.org\/en\/wp-json\/wp\/v2\/product_brand?post=42643"},{"taxonomy":"product_cat","embeddable":true,"href":"https:\/\/www.libraria-occitana.org\/en\/wp-json\/wp\/v2\/product_cat?post=42643"},{"taxonomy":"product_tag","embeddable":true,"href":"https:\/\/www.libraria-occitana.org\/en\/wp-json\/wp\/v2\/product_tag?post=42643"}],"curies":[{"name":"wp","href":"https:\/\/api.w.org\/{rel}","templated":true}]}}