{"id":42649,"date":"2018-05-11T17:45:13","date_gmt":"2018-05-11T15:45:13","guid":{"rendered":"http:\/\/www.libraria-occitana.org\/product\/bourrasque\/"},"modified":"2026-04-29T02:31:29","modified_gmt":"2026-04-29T00:31:29","slug":"bourrasque","status":"publish","type":"product","link":"https:\/\/www.libraria-occitana.org\/en\/product\/bourrasque\/","title":{"rendered":"Bourrasque"},"content":{"rendered":"<p><strong>Marthe Tourret :<\/strong> Violons, chant, pieds<br \/>\n<strong>Elisa Trebouville :<\/strong> Banjo, fifres, chant, pieds<\/p>\n<p><strong>Invit\u00e9s :<\/strong> No\u00ebllie Nioulou &#8211; Violoncelle (1 et 6) ; Bastien Fontanille &#8211; Accord\u00e9on chromatique (9)<\/p>\n<p>N\u00e9 d&#8217;un go\u00fbt commun pour les musiques \u00e0 danser et d&#8217;une fougueuse envie de les faire vivre, le duo Bourrasque propose un bal au violon et au banjo, puisant \u00e0 la fois dans un r\u00e9pertoire de m\u00e9lodies populaires du Massif Central et des Appalaches (\u00c9tats-Unis). Deux univers musicaux qui se rencontrent et se cherchent, m\u00ealant leurs origines et leurs couleurs singuli\u00e8res au travers d&#8217;un son brut, modal et r\u00e9solument acoustique.<\/p>\n<p><strong>Titres :<\/strong><br \/>\n1. Mariez-moi ma m\u00e8re &#8211; Regret (Cantal\/Paris, M. Cayla) 4&#8217;00<br \/>\n2. On sort la mari\u00e9e de l&#8217;\u00e9glise &#8211; Marche de noces (Basse Bretagne, E. Guichard) 3&#8217;28<br \/>\n3. Lo chapel de palha \/ Delai lo ribatel (Corr\u00e8ze, L. Peyrat) 2&#8217;17<br \/>\n4. Quand lo m\u00e8stre ven del mercat (Cantal, J. Martory) 6&#8217;00<br \/>\n5. Passant per la plancheta \/ Canicule (Cantal, J. Perrier ; J.-M. Delaunay) 2&#8217;25<br \/>\n6. Pa&#8217;Janvier (Louisiane, traditionnel Cajun) 3&#8217;50<br \/>\n7. Polkas piqu\u00e9es surprise (Artense, A. Mouret et E. Amblard ; Appalaches, T. Jarrel) 2&#8217;27<br \/>\n8. Suite de bourr\u00e9es (C\u00e9zallier, A. P\u00e9coil et A. Savignat) 2&#8217;34<br \/>\n9. Bourrasque (M. P\u00e9guri) 3&#8217;39<\/p>\n","protected":false},"excerpt":{"rendered":"<p>Marthe Tourret : Violons, chant, pieds Elisa Trebouville : Banjo, fifres, chant, pieds Invit\u00e9s : No\u00ebllie Nioulou &#8211; Violoncelle (1 et 6) ; Bastien Fontanille &#8211; Accord\u00e9on chromatique (9) N\u00e9 d&#8217;un go\u00fbt commun pour les musiques \u00e0 danser et d&#8217;une fougueuse envie de les faire vivre, le duo Bourrasque propose un bal au violon et [&hellip;]<\/p>\n","protected":false},"featured_media":42647,"template":"","meta":{"_acf_changed":false,"_genesis_hide_title":false,"_genesis_hide_breadcrumbs":false,"_genesis_hide_singular_image":false,"_genesis_hide_footer_widgets":false,"_genesis_custom_body_class":"","_genesis_custom_post_class":"","_genesis_layout":""},"product_brand":[],"product_cat":[7228,7216],"product_tag":[],"class_list":{"0":"post-42649","1":"product","2":"type-product","3":"status-publish","4":"has-post-thumbnail","6":"product_cat-modern-folk-en","7":"product_cat-music-en","8":"pa_auteur-bourrasque-en","9":"pa_editeur-bourrasque-1-en","10":"pa_langue-occitan-en","11":"pa_langue-occitan-lengadocian-en","12":"entry","14":"first","15":"outofstock","16":"shipping-taxable","17":"purchasable","18":"product-type-simple"},"acf":[],"_links":{"self":[{"href":"https:\/\/www.libraria-occitana.org\/en\/wp-json\/wp\/v2\/product\/42649","targetHints":{"allow":["GET"]}}],"collection":[{"href":"https:\/\/www.libraria-occitana.org\/en\/wp-json\/wp\/v2\/product"}],"about":[{"href":"https:\/\/www.libraria-occitana.org\/en\/wp-json\/wp\/v2\/types\/product"}],"wp:featuredmedia":[{"embeddable":true,"href":"https:\/\/www.libraria-occitana.org\/en\/wp-json\/wp\/v2\/media\/42647"}],"wp:attachment":[{"href":"https:\/\/www.libraria-occitana.org\/en\/wp-json\/wp\/v2\/media?parent=42649"}],"wp:term":[{"taxonomy":"product_brand","embeddable":true,"href":"https:\/\/www.libraria-occitana.org\/en\/wp-json\/wp\/v2\/product_brand?post=42649"},{"taxonomy":"product_cat","embeddable":true,"href":"https:\/\/www.libraria-occitana.org\/en\/wp-json\/wp\/v2\/product_cat?post=42649"},{"taxonomy":"product_tag","embeddable":true,"href":"https:\/\/www.libraria-occitana.org\/en\/wp-json\/wp\/v2\/product_tag?post=42649"}],"curies":[{"name":"wp","href":"https:\/\/api.w.org\/{rel}","templated":true}]}}