{"id":42783,"date":"2018-05-11T12:24:33","date_gmt":"2018-05-11T10:24:33","guid":{"rendered":"http:\/\/www.libraria-occitana.org\/product\/le-loup\/"},"modified":"2026-04-10T21:16:31","modified_gmt":"2026-04-10T19:16:31","slug":"le-loup","status":"publish","type":"product","link":"https:\/\/www.libraria-occitana.org\/en\/product\/le-loup\/","title":{"rendered":"Le loup"},"content":{"rendered":"<p>Premier animal \u00e0 avoir \u00e9t\u00e9 domestiqu\u00e9, bien avant le b\u00e9tail, le loup reste relativement mal connu et demeure victime de nombreuses id\u00e9es re\u00e7ues. Pourtant, ni ange, ni d\u00e9mon, il cherche \u00e0 (sur)vivre dans un environnement dont les \u00e9quilibres ont \u00e9t\u00e9 profond\u00e9ment perturb\u00e9s par l&#8217;homme.<\/p>\n<p>Le but de ce livre est de pr\u00e9senter le loup en toute objectivit\u00e9. Il dresse ainsi un portrait tr\u00e8s d\u00e9taill\u00e9 et magnifiquement illustr\u00e9 de ce canid\u00e9, transmettant les derni\u00e8res avanc\u00e9es de nos connaissances \u00e0 son endroit : \u00e9volution de l&#8217;esp\u00e8ce \u00e0 travers les \u00e2ges, nouveaux points de vue sur la hi\u00e9rarchie au sein d&#8217;une meute et sur l&#8217;\u00e9levage des petits, ou encore \u00e9l\u00e9ments innovants sur la protection des troupeaux. Ce livre est une invitation \u00e0 plonger dans l&#8217;intimit\u00e9 de l&#8217;une des esp\u00e8ces les plus fascinantes qui soient.<\/p>\n","protected":false},"excerpt":{"rendered":"<p>Premier animal \u00e0 avoir \u00e9t\u00e9 domestiqu\u00e9, bien avant le b\u00e9tail, le loup reste relativement mal connu et demeure victime de nombreuses id\u00e9es re\u00e7ues. Pourtant, ni ange, ni d\u00e9mon, il cherche \u00e0 (sur)vivre dans un environnement dont les \u00e9quilibres ont \u00e9t\u00e9 profond\u00e9ment perturb\u00e9s par l&#8217;homme. Le but de ce livre est de pr\u00e9senter le loup en [&hellip;]<\/p>\n","protected":false},"featured_media":42775,"template":"","meta":{"_acf_changed":false,"_genesis_hide_title":false,"_genesis_hide_breadcrumbs":false,"_genesis_hide_singular_image":false,"_genesis_hide_footer_widgets":false,"_genesis_custom_body_class":"","_genesis_custom_post_class":"","_genesis_layout":""},"product_brand":[],"product_cat":[7132,7200,7196],"product_tag":[],"class_list":{"0":"post-42783","1":"product","2":"type-product","3":"status-publish","4":"has-post-thumbnail","6":"product_cat-books","7":"product_cat-nature-gardening-en","8":"product_cat-nature-tourism-en","9":"pa_auteur-landry-jean-marc-en","10":"pa_editeur-delachaux-et-niestle-en","11":"pa_langue-francais-en","12":"entry","14":"first","15":"outofstock","16":"shipping-taxable","17":"purchasable","18":"product-type-simple"},"acf":[],"_links":{"self":[{"href":"https:\/\/www.libraria-occitana.org\/en\/wp-json\/wp\/v2\/product\/42783","targetHints":{"allow":["GET"]}}],"collection":[{"href":"https:\/\/www.libraria-occitana.org\/en\/wp-json\/wp\/v2\/product"}],"about":[{"href":"https:\/\/www.libraria-occitana.org\/en\/wp-json\/wp\/v2\/types\/product"}],"wp:featuredmedia":[{"embeddable":true,"href":"https:\/\/www.libraria-occitana.org\/en\/wp-json\/wp\/v2\/media\/42775"}],"wp:attachment":[{"href":"https:\/\/www.libraria-occitana.org\/en\/wp-json\/wp\/v2\/media?parent=42783"}],"wp:term":[{"taxonomy":"product_brand","embeddable":true,"href":"https:\/\/www.libraria-occitana.org\/en\/wp-json\/wp\/v2\/product_brand?post=42783"},{"taxonomy":"product_cat","embeddable":true,"href":"https:\/\/www.libraria-occitana.org\/en\/wp-json\/wp\/v2\/product_cat?post=42783"},{"taxonomy":"product_tag","embeddable":true,"href":"https:\/\/www.libraria-occitana.org\/en\/wp-json\/wp\/v2\/product_tag?post=42783"}],"curies":[{"name":"wp","href":"https:\/\/api.w.org\/{rel}","templated":true}]}}