{"id":42814,"date":"2014-11-18T19:18:43","date_gmt":"2014-11-18T18:18:43","guid":{"rendered":"http:\/\/www.libraria-occitana.org\/?post_type=product&#038;p=42814"},"modified":"2026-04-29T10:41:04","modified_gmt":"2026-04-29T08:41:04","slug":"ont-a-passat-ma-planeta","status":"publish","type":"product","link":"https:\/\/www.libraria-occitana.org\/en\/product\/ont-a-passat-ma-planeta\/","title":{"rendered":"Ont&#8217; a passat ma planeta ?"},"content":{"rendered":"<p>Quand vous venez de la plan\u00e8te XAC sur terre pour sauver votre monde, e que vous avez des pouvoirs surnaturels, tout va bien. Mais qu\u2019a-t-il bien pu se passer pour que notre extraterrestre se retrouve entre Gen\u00e8ve et Marseille, en compagnie de Glaudi Bars\u00f2tti, dans une voiture conduite par Mariana, une top-mod\u00e8le, avec la Mafia \u00e0 leur poursuite ?<\/p>\n","protected":false},"excerpt":{"rendered":"<p>Quand vous venez de la plan\u00e8te XAC sur terre pour sauver votre monde, e que vous avez des pouvoirs surnaturels, tout va bien. Mais qu\u2019a-t-il bien pu se passer pour que notre extraterrestre se retrouve entre Gen\u00e8ve et Marseille, en compagnie de Glaudi Bars\u00f2tti, dans une voiture conduite par Mariana, une top-mod\u00e8le, avec la Mafia [&hellip;]<\/p>\n","protected":false},"featured_media":42803,"template":"","meta":{"_acf_changed":false,"_genesis_hide_title":false,"_genesis_hide_breadcrumbs":false,"_genesis_hide_singular_image":false,"_genesis_hide_footer_widgets":false,"_genesis_custom_body_class":"","_genesis_custom_post_class":"","_genesis_layout":""},"product_brand":[],"product_cat":[7132,7174,7182],"product_tag":[],"class_list":{"0":"post-42814","1":"product","2":"type-product","3":"status-publish","4":"has-post-thumbnail","6":"product_cat-books","7":"product_cat-literature-en","8":"product_cat-novels-short-stories-en","9":"pa_auteur-vernet-florian-en","10":"pa_editeur-ieo-fr-en","11":"pa_langue-occitan-en","12":"pa_langue-occitan-lengadocian-en","13":"entry","15":"first","16":"outofstock","17":"shipping-taxable","18":"purchasable","19":"product-type-simple"},"acf":[],"_links":{"self":[{"href":"https:\/\/www.libraria-occitana.org\/en\/wp-json\/wp\/v2\/product\/42814","targetHints":{"allow":["GET"]}}],"collection":[{"href":"https:\/\/www.libraria-occitana.org\/en\/wp-json\/wp\/v2\/product"}],"about":[{"href":"https:\/\/www.libraria-occitana.org\/en\/wp-json\/wp\/v2\/types\/product"}],"wp:featuredmedia":[{"embeddable":true,"href":"https:\/\/www.libraria-occitana.org\/en\/wp-json\/wp\/v2\/media\/42803"}],"wp:attachment":[{"href":"https:\/\/www.libraria-occitana.org\/en\/wp-json\/wp\/v2\/media?parent=42814"}],"wp:term":[{"taxonomy":"product_brand","embeddable":true,"href":"https:\/\/www.libraria-occitana.org\/en\/wp-json\/wp\/v2\/product_brand?post=42814"},{"taxonomy":"product_cat","embeddable":true,"href":"https:\/\/www.libraria-occitana.org\/en\/wp-json\/wp\/v2\/product_cat?post=42814"},{"taxonomy":"product_tag","embeddable":true,"href":"https:\/\/www.libraria-occitana.org\/en\/wp-json\/wp\/v2\/product_tag?post=42814"}],"curies":[{"name":"wp","href":"https:\/\/api.w.org\/{rel}","templated":true}]}}