{"id":42829,"date":"2018-10-18T20:12:16","date_gmt":"2018-10-18T18:12:16","guid":{"rendered":"http:\/\/www.libraria-occitana.org\/product\/louise\/"},"modified":"2026-04-29T02:51:22","modified_gmt":"2026-04-29T00:51:22","slug":"louise","status":"publish","type":"product","link":"https:\/\/www.libraria-occitana.org\/en\/product\/louise\/","title":{"rendered":"Louise"},"content":{"rendered":"<p><strong>Cl\u00e9mence Cognet, Mathilde Karvaix, B\u00e9atrice Terrasse :<\/strong> Chant<br \/>\n<strong>Invit\u00e9 :<\/strong> Cl\u00e9ment Gibert : Clarinette basse (11)<\/p>\n<p>LOUISE, c\u2019est trois filles qui chantent ensemble d\u2019anciennes et belles chansons traditionnelles\u2026<\/p>\n<p><strong>Titres :<\/strong><br \/>\n1. Elisa<br \/>\n2. Bourr\u00e9e de Chapdes-Beaufort<br \/>\n3. Renveill\u00e9 d&#8217;Orci\u00e8res<br \/>\n4. La d\u00e9laiss\u00e9e<br \/>\n5. Suite de rigodons<br \/>\n6. Pastor\u00e8l delai l&#8217;aiga<br \/>\n7. Rossignolet de la bruy\u00e8re<br \/>\n8. Suite de L\u00e9on Peyrat<br \/>\n9. Je ne veux pas m&#8217;y marier<br \/>\n10. Mignonne<br \/>\n11. B\u00e8la San Joan<br \/>\n12. Las filhetas de Mende<\/p>\n","protected":false},"excerpt":{"rendered":"<p>Cl\u00e9mence Cognet, Mathilde Karvaix, B\u00e9atrice Terrasse : Chant Invit\u00e9 : Cl\u00e9ment Gibert : Clarinette basse (11) LOUISE, c\u2019est trois filles qui chantent ensemble d\u2019anciennes et belles chansons traditionnelles\u2026 Titres : 1. Elisa 2. Bourr\u00e9e de Chapdes-Beaufort 3. Renveill\u00e9 d&#8217;Orci\u00e8res 4. La d\u00e9laiss\u00e9e 5. Suite de rigodons 6. Pastor\u00e8l delai l&#8217;aiga 7. Rossignolet de la bruy\u00e8re [&hellip;]<\/p>\n","protected":false},"featured_media":42827,"template":"","meta":{"_acf_changed":false,"_genesis_hide_title":false,"_genesis_hide_breadcrumbs":false,"_genesis_hide_singular_image":false,"_genesis_hide_footer_widgets":false,"_genesis_custom_body_class":"","_genesis_custom_post_class":"","_genesis_layout":""},"product_brand":[],"product_cat":[7216,7230],"product_tag":[],"class_list":{"0":"post-42829","1":"product","2":"type-product","3":"status-publish","4":"has-post-thumbnail","6":"product_cat-music-en","7":"product_cat-polyphonies-en","8":"pa_auteur-louise-en","9":"pa_editeur-astruc-en","10":"pa_editeur-lauvergne-imaginee-en","11":"pa_langue-francais-en","12":"pa_langue-occitan-en","13":"pa_langue-occitan-auvernhat-en","14":"entry","16":"first","17":"outofstock","18":"shipping-taxable","19":"purchasable","20":"product-type-simple"},"acf":[],"_links":{"self":[{"href":"https:\/\/www.libraria-occitana.org\/en\/wp-json\/wp\/v2\/product\/42829","targetHints":{"allow":["GET"]}}],"collection":[{"href":"https:\/\/www.libraria-occitana.org\/en\/wp-json\/wp\/v2\/product"}],"about":[{"href":"https:\/\/www.libraria-occitana.org\/en\/wp-json\/wp\/v2\/types\/product"}],"wp:featuredmedia":[{"embeddable":true,"href":"https:\/\/www.libraria-occitana.org\/en\/wp-json\/wp\/v2\/media\/42827"}],"wp:attachment":[{"href":"https:\/\/www.libraria-occitana.org\/en\/wp-json\/wp\/v2\/media?parent=42829"}],"wp:term":[{"taxonomy":"product_brand","embeddable":true,"href":"https:\/\/www.libraria-occitana.org\/en\/wp-json\/wp\/v2\/product_brand?post=42829"},{"taxonomy":"product_cat","embeddable":true,"href":"https:\/\/www.libraria-occitana.org\/en\/wp-json\/wp\/v2\/product_cat?post=42829"},{"taxonomy":"product_tag","embeddable":true,"href":"https:\/\/www.libraria-occitana.org\/en\/wp-json\/wp\/v2\/product_tag?post=42829"}],"curies":[{"name":"wp","href":"https:\/\/api.w.org\/{rel}","templated":true}]}}