{"id":42835,"date":"2015-10-18T20:18:28","date_gmt":"2015-10-18T18:18:28","guid":{"rendered":"http:\/\/www.libraria-occitana.org\/product\/gravenoire\/"},"modified":"2026-04-18T05:41:43","modified_gmt":"2026-04-18T03:41:43","slug":"gravenoire","status":"publish","type":"product","link":"https:\/\/www.libraria-occitana.org\/en\/product\/gravenoire\/","title":{"rendered":"Gravenoire"},"content":{"rendered":"<p><strong>Antoine Cognet :<\/strong> banjo<br \/>\n<strong>Cyril \u00c9tienne :<\/strong> clarinette<br \/>\n<strong>Rapha\u00ebl \u00ab Raphnin \u00bb Maurel :<\/strong> accord\u00e9on diatonique<br \/>\n<strong>Jacques Puech :<\/strong> cabrette, chant<\/p>\n<p>Gravenoire, c\u2019est la r\u00e9union, plus que la rencontre, de quatre musiciens, issus de l\u2019association \u00ab Les Brayauds \u00bb, qui se c\u00f4toient depuis (presque ?) toujours. Autour du r\u00e9pertoire des Monts d\u2019Auvergne, du Puy Mary au Gour de Tazenat en passant par le Pariou, ces musiciens de bal proposent une musique \u00e0 danser dynamique et \u00e0 l\u2019image de leur amiti\u00e9 : franche, directe et efficace.<\/p>\n<p><strong>Titres :<\/strong><br \/>\n1. L&#8217;article de M&#8217;sieur le Maire<br \/>\n2. Je m&#8217;en souviens<br \/>\n3. Chas ieu me volian maridar<br \/>\n4. Je viens vous dire adieu<br \/>\n5. Souvalet &#8211; La perdue<br \/>\n6. Un soir dans Paris<br \/>\n7. La complainte du soldat innocent<br \/>\n8. Bourr\u00e9e du meunier &#8211; La montagnarde &#8211; Vache bleue &#8211; Bourr\u00e9e \u00e0 F\u00e9lix Tr\u00e9bosc<br \/>\n9. Le Piare &#8211; Pica pica molini\u00e8ra<br \/>\n10. Toca la vielha &#8211; La jeune \u00c9l\u00e9onore<br \/>\n11. Un soir<\/p>\n","protected":false},"excerpt":{"rendered":"<p>Antoine Cognet : banjo Cyril \u00c9tienne : clarinette Rapha\u00ebl \u00ab Raphnin \u00bb Maurel : accord\u00e9on diatonique Jacques Puech : cabrette, chant Gravenoire, c\u2019est la r\u00e9union, plus que la rencontre, de quatre musiciens, issus de l\u2019association \u00ab Les Brayauds \u00bb, qui se c\u00f4toient depuis (presque ?) toujours. Autour du r\u00e9pertoire des Monts d\u2019Auvergne, du Puy Mary [&hellip;]<\/p>\n","protected":false},"featured_media":42833,"template":"","meta":{"_acf_changed":false,"_genesis_hide_title":false,"_genesis_hide_breadcrumbs":false,"_genesis_hide_singular_image":false,"_genesis_hide_footer_widgets":false,"_genesis_custom_body_class":"","_genesis_custom_post_class":"","_genesis_layout":""},"product_brand":[],"product_cat":[7228,7216],"product_tag":[],"class_list":{"0":"post-42835","1":"product","2":"type-product","3":"status-publish","4":"has-post-thumbnail","6":"product_cat-modern-folk-en","7":"product_cat-music-en","8":"pa_auteur-gravenoire-en","9":"pa_editeur-cdmdt-63-fr-en","10":"pa_editeur-les-brayauds-en","11":"pa_langue-francais-en","12":"pa_langue-occitan-en","13":"pa_langue-occitan-auvernhat-en","14":"entry","16":"first","17":"outofstock","18":"shipping-taxable","19":"purchasable","20":"product-type-simple"},"acf":[],"_links":{"self":[{"href":"https:\/\/www.libraria-occitana.org\/en\/wp-json\/wp\/v2\/product\/42835","targetHints":{"allow":["GET"]}}],"collection":[{"href":"https:\/\/www.libraria-occitana.org\/en\/wp-json\/wp\/v2\/product"}],"about":[{"href":"https:\/\/www.libraria-occitana.org\/en\/wp-json\/wp\/v2\/types\/product"}],"wp:featuredmedia":[{"embeddable":true,"href":"https:\/\/www.libraria-occitana.org\/en\/wp-json\/wp\/v2\/media\/42833"}],"wp:attachment":[{"href":"https:\/\/www.libraria-occitana.org\/en\/wp-json\/wp\/v2\/media?parent=42835"}],"wp:term":[{"taxonomy":"product_brand","embeddable":true,"href":"https:\/\/www.libraria-occitana.org\/en\/wp-json\/wp\/v2\/product_brand?post=42835"},{"taxonomy":"product_cat","embeddable":true,"href":"https:\/\/www.libraria-occitana.org\/en\/wp-json\/wp\/v2\/product_cat?post=42835"},{"taxonomy":"product_tag","embeddable":true,"href":"https:\/\/www.libraria-occitana.org\/en\/wp-json\/wp\/v2\/product_tag?post=42835"}],"curies":[{"name":"wp","href":"https:\/\/api.w.org\/{rel}","templated":true}]}}