{"id":42853,"date":"2018-06-23T20:47:33","date_gmt":"2018-06-23T18:47:33","guid":{"rendered":"http:\/\/www.libraria-occitana.org\/?post_type=product&#038;p=42853"},"modified":"2026-04-29T10:42:52","modified_gmt":"2026-04-29T08:42:52","slug":"atal-fasem","status":"publish","type":"product","link":"https:\/\/www.libraria-occitana.org\/en\/product\/atal-fasem\/","title":{"rendered":"Atal fas\u00e8m"},"content":{"rendered":"<p>Pour S\u00e8rgi Viaule, ce roman est \u00e0 la fois un hommage et un pari ! Il nous dit pourquoi : \u00ab C\u2019est une hommage \u00e0 Enric Molin (Henri Mouly) \u00e0 qui je dois mes premi\u00e8res joies de lecture car les premiers romans que j\u2019ai lus en occitan au d\u00e9but des ann\u00e9es 70 \u00e9taient ceux de l\u2019auteur rouergat, et seulement les siens. \u00c0 l\u2019\u00e9poque, c\u2019\u00e9tait d\u2019ailleurs les seuls qui \u00e9taient disponibles. Je me suis r\u00e9gal\u00e9 \u00e0 la lecture de <em>Grela d\u2019abrial<\/em>, <em>E la barta florigu\u00e8t<\/em>, <em>Rambalhs de b\u00f2ris<\/em>, et d\u2019autres titres encore&#8230; Ce sont eux qui m\u2019ont marqu\u00e9 et qui m\u2019ont accompagn\u00e9.<br \/>\nC\u2019est donc Enric Molin qui m\u2019a ouvert la porte qui donne sur la litt\u00e9rature occitane, sur son univers et ainsi, qui m\u2019a donn\u00e9 le go\u00fbt de la lecture et de l\u2019\u00e9criture. \u00bb<\/p>\n<p>Avec ce roman <em>Atal fas\u00e8m<\/em>, S\u00e8rgi Viaule a donc voulu \u00e9crire un roman \u00ab \u00e0 la fa\u00e7on de Mouly \u00bb. Il a voulu conserver la m\u00eame temporalit\u00e9, le m\u00eame milieu social et la m\u00eame probl\u00e9matique de la mis\u00e8re sociale et mat\u00e9rielle. S\u00e8rgi Viaule est un auteur que l\u2019on n\u2019ose plus classer !<\/p>\n","protected":false},"excerpt":{"rendered":"<p>Pour S\u00e8rgi Viaule, ce roman est \u00e0 la fois un hommage et un pari ! Il nous dit pourquoi : \u00ab C\u2019est une hommage \u00e0 Enric Molin (Henri Mouly) \u00e0 qui je dois mes premi\u00e8res joies de lecture car les premiers romans que j\u2019ai lus en occitan au d\u00e9but des ann\u00e9es 70 \u00e9taient ceux de [&hellip;]<\/p>\n","protected":false},"featured_media":42856,"template":"","meta":{"_acf_changed":false,"_genesis_hide_title":false,"_genesis_hide_breadcrumbs":false,"_genesis_hide_singular_image":false,"_genesis_hide_footer_widgets":false,"_genesis_custom_body_class":"","_genesis_custom_post_class":"","_genesis_layout":""},"product_brand":[],"product_cat":[7132,7174,7182],"product_tag":[],"class_list":{"0":"post-42853","1":"product","2":"type-product","3":"status-publish","4":"has-post-thumbnail","6":"product_cat-books","7":"product_cat-literature-en","8":"product_cat-novels-short-stories-en","9":"pa_auteur-viaule-sergi-en","10":"pa_editeur-ieo-fr-en","11":"pa_langue-occitan-en","12":"pa_langue-occitan-lengadocian-en","13":"entry","15":"first","16":"outofstock","17":"shipping-taxable","18":"purchasable","19":"product-type-simple"},"acf":[],"_links":{"self":[{"href":"https:\/\/www.libraria-occitana.org\/en\/wp-json\/wp\/v2\/product\/42853","targetHints":{"allow":["GET"]}}],"collection":[{"href":"https:\/\/www.libraria-occitana.org\/en\/wp-json\/wp\/v2\/product"}],"about":[{"href":"https:\/\/www.libraria-occitana.org\/en\/wp-json\/wp\/v2\/types\/product"}],"wp:featuredmedia":[{"embeddable":true,"href":"https:\/\/www.libraria-occitana.org\/en\/wp-json\/wp\/v2\/media\/42856"}],"wp:attachment":[{"href":"https:\/\/www.libraria-occitana.org\/en\/wp-json\/wp\/v2\/media?parent=42853"}],"wp:term":[{"taxonomy":"product_brand","embeddable":true,"href":"https:\/\/www.libraria-occitana.org\/en\/wp-json\/wp\/v2\/product_brand?post=42853"},{"taxonomy":"product_cat","embeddable":true,"href":"https:\/\/www.libraria-occitana.org\/en\/wp-json\/wp\/v2\/product_cat?post=42853"},{"taxonomy":"product_tag","embeddable":true,"href":"https:\/\/www.libraria-occitana.org\/en\/wp-json\/wp\/v2\/product_tag?post=42853"}],"curies":[{"name":"wp","href":"https:\/\/api.w.org\/{rel}","templated":true}]}}