{"id":42931,"date":"2017-07-25T19:15:13","date_gmt":"2017-07-25T17:15:13","guid":{"rendered":"http:\/\/www.libraria-occitana.org\/product\/1907-lame-terrienne\/"},"modified":"2026-04-03T06:06:54","modified_gmt":"2026-04-03T04:06:54","slug":"1907-lame-terrienne","status":"publish","type":"product","link":"https:\/\/www.libraria-occitana.org\/en\/product\/1907-lame-terrienne\/","title":{"rendered":"1907 L&#8217;\u00c2me terrienne"},"content":{"rendered":"<p>Parmi les ouvrages consacr\u00e9s au mouvement vigneron de 1907, celui de Jules Rivals occupe une place \u00e0 part. Publi\u00e9 en 1914, quelques ann\u00e9es \u00e0 peine apr\u00e8s les \u00e9v\u00e9nements qui ont boulevers\u00e9 les d\u00e9partements de l&#8217;Aude, du Gard, de l&#8217;H\u00e9rault et des Pyr\u00e9n\u00e9es-Orientales, <em>L&#8217;\u00c2me terrienne<\/em> est non seulement une relation de cette r\u00e9volte pacifique, servie par une tr\u00e8s belle langue, riche, imag\u00e9e, lyrique et m\u00eame \u00e9pique, mais aussi une r\u00e9flexion sur la signification profonde de la longue marche de tout un peuple qui s&#8217;\u00e9largit en un essai d&#8217;histoire compar\u00e9e qui n&#8217;a rien perdu de sa pertinence plus d&#8217;un si\u00e8cle apr\u00e8s.<\/p>\n<p>C&#8217;est pourquoi, <em>L&#8217;\u00c2me terrienne<\/em> m\u00e9ritait d&#8217;\u00eatre port\u00e9 \u00e0 la connaissance du public d&#8217;aujourd&#8217;hui. Avec Jules Rivals, en effet, on mesure mieux la port\u00e9e d&#8217;un \u00e9v\u00e9nement qui a mis en mouvement des centaines de milliers d&#8217;hommes et de femmes, qui a \u00e9branl\u00e9 le gouvernement de la France et dont le retentissement international est attest\u00e9 par la place que lui accordent alors les plus grands journaux d&#8217;Europe et m\u00eame d&#8217;Am\u00e9rique. C&#8217;est parce qu&#8217;il a eu une conscience vive du caract\u00e8re extraordinaire de ce qu&#8217;a v\u00e9cu alors le peuple du Midi que Jules Rivals transforme la r\u00e9volte pacifique partie du petit village audois d&#8217;Argeliers en une v\u00e9ritable chanson de geste.<\/p>\n<p>La pr\u00e9sentation et les notes de <em>L&#8217;\u00c2me terrienne<\/em> ont \u00e9t\u00e9 confi\u00e9es \u00e0 Jean Sagnes, professeur d&#8217;histoire \u00e9m\u00e9rite \u00e0 l&#8217;universit\u00e9 de Perpignan et sp\u00e9cialiste du mouvement de 1907.<\/p>\n","protected":false},"excerpt":{"rendered":"<p>Parmi les ouvrages consacr\u00e9s au mouvement vigneron de 1907, celui de Jules Rivals occupe une place \u00e0 part. Publi\u00e9 en 1914, quelques ann\u00e9es \u00e0 peine apr\u00e8s les \u00e9v\u00e9nements qui ont boulevers\u00e9 les d\u00e9partements de l&#8217;Aude, du Gard, de l&#8217;H\u00e9rault et des Pyr\u00e9n\u00e9es-Orientales, L&#8217;\u00c2me terrienne est non seulement une relation de cette r\u00e9volte pacifique, servie par [&hellip;]<\/p>\n","protected":false},"featured_media":42929,"template":"","meta":{"_acf_changed":false,"_genesis_hide_title":false,"_genesis_hide_breadcrumbs":false,"_genesis_hide_singular_image":false,"_genesis_hide_footer_widgets":false,"_genesis_custom_body_class":"","_genesis_custom_post_class":"","_genesis_layout":""},"product_brand":[],"product_cat":[7132,7174,7186,7148,7158],"product_tag":[],"class_list":{"0":"post-42931","1":"product","2":"type-product","3":"status-publish","4":"has-post-thumbnail","6":"product_cat-books","7":"product_cat-literature-en","8":"product_cat-personal-narratives-memoirs-en","9":"product_cat-history-geography-en","10":"product_cat-modern-and-contemporary-history-en","11":"pa_auteur-rivals-jules-en","12":"pa_editeur-christian-sales-en","13":"pa_langue-francais-en","14":"entry","16":"first","17":"outofstock","18":"shipping-taxable","19":"purchasable","20":"product-type-simple"},"acf":[],"_links":{"self":[{"href":"https:\/\/www.libraria-occitana.org\/en\/wp-json\/wp\/v2\/product\/42931","targetHints":{"allow":["GET"]}}],"collection":[{"href":"https:\/\/www.libraria-occitana.org\/en\/wp-json\/wp\/v2\/product"}],"about":[{"href":"https:\/\/www.libraria-occitana.org\/en\/wp-json\/wp\/v2\/types\/product"}],"wp:featuredmedia":[{"embeddable":true,"href":"https:\/\/www.libraria-occitana.org\/en\/wp-json\/wp\/v2\/media\/42929"}],"wp:attachment":[{"href":"https:\/\/www.libraria-occitana.org\/en\/wp-json\/wp\/v2\/media?parent=42931"}],"wp:term":[{"taxonomy":"product_brand","embeddable":true,"href":"https:\/\/www.libraria-occitana.org\/en\/wp-json\/wp\/v2\/product_brand?post=42931"},{"taxonomy":"product_cat","embeddable":true,"href":"https:\/\/www.libraria-occitana.org\/en\/wp-json\/wp\/v2\/product_cat?post=42931"},{"taxonomy":"product_tag","embeddable":true,"href":"https:\/\/www.libraria-occitana.org\/en\/wp-json\/wp\/v2\/product_tag?post=42931"}],"curies":[{"name":"wp","href":"https:\/\/api.w.org\/{rel}","templated":true}]}}