{"id":42951,"date":"2018-09-26T15:26:25","date_gmt":"2018-09-26T13:26:25","guid":{"rendered":"http:\/\/www.libraria-occitana.org\/product\/les-bandes-de-violons-en-europe-cinq-siecles-de-transferts-culturels-des-anciens-menetriers-aux-tsiganes-deurope-centrale\/"},"modified":"2026-04-29T06:01:58","modified_gmt":"2026-04-29T04:01:58","slug":"les-bandes-de-violons-en-europe-cinq-siecles-de-transferts-culturels-des-anciens-menetriers-aux-tsiganes-deurope-centrale","status":"publish","type":"product","link":"https:\/\/www.libraria-occitana.org\/en\/product\/les-bandes-de-violons-en-europe-cinq-siecles-de-transferts-culturels-des-anciens-menetriers-aux-tsiganes-deurope-centrale\/","title":{"rendered":"Les &#8220;bandes&#8221; de violons en Europe cinq si\u00e8cles de transferts culturels : Des anciens m\u00e9n\u00e9triers aux Tsiganes d&#8217;Europe centrale"},"content":{"rendered":"<p><strong>Histoire et anthropologie des ensembles populaires de violons en Europe.<\/strong><\/p>\n<p>Les fortes ressemblances entre anciens ensembles m\u00e9n\u00e9triers de violons et actuelles bandes de violons \u2013 tsiganes \u2013 d\u2019Europe centrale, autorisent l\u2019hypoth\u00e8se des transferts culturels.<br \/>\nLes Tsiganes \u00e9tant pr\u00e9sents en Europe depuis le XVe si\u00e8cle, les processus de mise en contact entre eux et les populations locales (Gadj\u00e9) sont multiples : circulations humaines de toutes sortes, cadre r\u00e9pressif et carc\u00e9ral associ\u00e9 au vagabondage, fr\u00e9quentation, par les Tsiganes, des nobles, des cours, de l\u2019espace \u00e9conomique et performatif de la foire, des milieux du th\u00e9\u00e2tre itin\u00e9rant. Par ailleurs, au XVIIe si\u00e8cle, les bandes de violons \u2013 surtout fran\u00e7aises \u2013 ont essaim\u00e9 dans toute l\u2019Europe, notamment centrale. De ce fait, les actuelles bandes de violons europ\u00e9ennes, t\u00e9moignant de l\u2019histoire migratoire tsigane, des \u00e9changes entre Tsiganes et Gadj\u00e9 et entre Europ\u00e9ens eux-m\u00eames, constituent une m\u00e9moire interculturelle de l\u2019Europe.<br \/>\nSi l\u2019itin\u00e9rance, l\u2019oralit\u00e9, la p\u00e9riph\u00e9rie sociale et culturelle, la dilution du \u201cBoh\u00e9mien\u201d dans le \u201cvagabond\u201d complexifient le traitement d\u2019une telle recherche en raison de la rar\u00e9faction des sources directes, l\u2019un des objectifs de cet ouvrage est de r\u00e9v\u00e9ler le dynamisme et le mouvement des soci\u00e9t\u00e9s europ\u00e9ennes anciennes, l\u2019extr\u00eame complexit\u00e9 de leur fonctionnement musical, l\u2019enchev\u00eatrement de leurs r\u00e9alit\u00e9s sociales, \u00e9conomiques, politiques, culturelles. Cette histoire des bandes de violons en Europe doit, certes, \u00eatre appr\u00e9hend\u00e9e dans le cadre des cours, mais aussi d\u2019une culture m\u00e9n\u00e9tri\u00e8re urbaine, rurale, parfois foraine et marginale, itin\u00e9rante et nomade.<br \/>\nL\u2019autre ambition de cet ouvrage est de proposer une nouvelle approche de la technique et du jeu violonistiques des anciens m\u00e9n\u00e9triers violonistes, \u00e0 partir de l\u2019\u00e9tude des consorts populaires actuels de violons de certaines r\u00e9gions d\u2019Europe occidentale (Italie), centrale et balkanique.<\/p>\n<p><strong>Somari :<\/strong><br \/>\nIntroduction.<\/p>\n<p><strong>Premi\u00e8re partie : \u00ab Les \u201cTsiganes en France\u201d : De qui et de quoi parle-t-on ?<\/strong><\/p>\n<p>Ch1. \u2014 \u00c9l\u00e9ments pour une histoire tsigane, au-del\u00e0 des mythes et des fantasmes<br \/>\n\u2014 les sources d\u2019une histoire tsigane<br \/>\n\u2014 les mythes des origines et leurs controverses<br \/>\n\u2014 clich\u00e9s et fantasmes du boh\u00e9mianisme<\/p>\n<p>Ch2. \u2014 Migrations, groupes, \u00e9tats socio-\u00e9conomiques<br \/>\n\u2014 chronologie des principales migrations<br \/>\n\u2014 quelques identificateurs migratoires, d\u00e8s le XVe si\u00e8cle<br \/>\n\u2014 les diff\u00e9rents groupes tsiganes et la question de leurs d\u00e9nominations<br \/>\n\u2014 les principales activit\u00e9s socio-\u00e9conomiques des Tsiganes en Europe et en France<\/p>\n<p><strong>Deuxi\u00e8me partie : Tsiganes et m\u00e9n\u00e9triers : \u00ab Toujours en route et en \u00e9veil\u2026 au hasard des rencontres et des occasions\u2026 \u00bb<\/strong><\/p>\n<p>Ch3. \u2014 \u00ab Aller, venir, passer, repasser \u00bb : la mobilit\u00e9 partag\u00e9e des Tsiganes et des Gadj\u00e9 dans la France ancienne<br \/>\n\u2014 itin\u00e9rance, nomadisme\u2026 un peu de s\u00e9mantique<br \/>\n\u2014 en finir avec les localismes, se d\u00e9partir de la notion d\u2019isolat<br \/>\n\u2014 les principales formes historiques d\u2019itin\u00e9rance en France<br \/>\n\u2014 les Tsiganes en France, entre nomadisme et s\u00e9dentarit\u00e9<br \/>\n\u2014 les grandes voies de circulation et la logistique du voyage<\/p>\n<p>Ch4. \u2014 Une marginalit\u00e9 assign\u00e9e, partag\u00e9e et r\u00e9prim\u00e9e<br \/>\n\u2014 les codes sociaux, culturels et ethniques de la distinction chez les Tsiganes<br \/>\n\u2014 vagabondage et marginalit\u00e9<br \/>\n\u2014 la r\u00e9pression du vagabondage et des Tsiganes en particulier<br \/>\n\u2014 Tsiganes et Gadj\u00e9, gal\u00e9riens et musiciens\u2026<\/p>\n<p>Ch5.\u2014 Les Tsiganes, les cours et la noblesse<br \/>\n\u2014 les parrainages de Tsiganes par les nobles<br \/>\n\u2014 mariages mixtes et brassages<br \/>\n\u2014 les causes de la pr\u00e9sence tsigane dans les cours<br \/>\n\u2014 un cas d\u2019\u00e9cole : le ch\u00e2teau de Brissac (Anjou)<\/p>\n<p>Ch6.\u2014 Foires, march\u00e9s et commerce des instruments de musique sous l\u2019Ancien R\u00e9gime<br \/>\n\u2014 foires et march\u00e9s : des \u00e9chelles diff\u00e9rentes, des syst\u00e8mes compl\u00e9mentaires<br \/>\n\u2014 les grandes foires et leur attractivit\u00e9<br \/>\n\u2014 acteurs et logistique du commerce de foire<br \/>\n\u2014 la foire, univers composite, espace de la marge<br \/>\n\u2014 le commerce des instruments de musique sous l\u2019Ancien R\u00e9gime<br \/>\n\u2014 la foire, plaque tournante du commerce des instruments de musique<br \/>\n\u2014 le colportage, la \u00ab mercerie \u00bb et la musique<\/p>\n<p>Ch7.\u2014 Foire, spectacles, arts de la performance<br \/>\n\u2014 le th\u00e9\u00e2tre de foire et des boulevards<br \/>\n\u2014 les marionnettistes<br \/>\n\u2014 les danseurs de cordes<br \/>\n\u2014 les acrobates et les hercules forains<br \/>\n\u2014 les op\u00e9rateurs et les charlatans<br \/>\n\u2014 les montreurs de tours et d\u2019animaux savants<br \/>\n\u2014 \u00ab colporteurs fam\u00e9liques \u00bb, chanteurs ambulants et autres artistes de foire<br \/>\n\u2014 l\u2019univers musical de la foire<\/p>\n<p>Ch8.\u2014 Les Tsiganes, au c\u0153ur de la foire<br \/>\n\u2014 les Tsiganes et la foire<br \/>\n\u2014 foires aux chevaux, maquignons et Tsiganes<br \/>\n\u2014 la \u00ab Bonne aventure \u00bb et la foire<\/p>\n<p>Ch9.\u2014 Le th\u00e9\u00e2tre, entre itin\u00e9rance et musique : une source de rencontres<br \/>\n\u2014 th\u00e9\u00e2tre et musique au Moyen \u00c2ge et sous l\u2019Ancien R\u00e9gime<br \/>\n\u2014 musiciens, danseurs et acteurs du th\u00e9\u00e2tre itin\u00e9rant en France<br \/>\n\u2014 les Tsiganes et le th\u00e9\u00e2tre<br \/>\n\u2014 Gitans et Boh\u00e9miens dans la production th\u00e9\u00e2trale et \u00e0 l\u2019op\u00e9ra<\/p>\n<p>Ch10.\u2014 Les Tsiganes, la musique, la danse, le cirque<br \/>\n\u2014 les Tsiganes et la musique<br \/>\n\u2014 les Tsiganes et la danse<br \/>\n\u2014 les Tsiganes et le cirque<\/p>\n<p><strong>Troisi\u00e8me partie \u2013 Bandes de violons et transferts culturels : De l&#8217;histoire au terrain et du terrain \u00e0 l&#8217;histoire<\/strong><\/p>\n<p>Ch11.\u2014 De l\u2019histoire \u00e0 l\u2019ethnomusicologie : les \u00ab bandes \u00bb de violons, \u00e0 travers l\u2019Europe et les cultures, \u00e0 travers le temps<br \/>\n\u2014 d\u00e8s le XVIe si\u00e8cle, les \u00ab bandes \u00bb de violons et autres consorts<br \/>\n\u2014 bandes de violons \u00e0 la cour de France et dans les cours d\u2019Europe<br \/>\n\u2014 traditions r\u00e9gionales de bandes de violons en Europe occidentale jusqu\u2019\u00e0 nos jours<br \/>\n\u2014 l\u2019appropriation historique du violon par les Tsiganes<br \/>\n\u2014 peut-on \u00e9crire l\u2019histoire des bandes de violons en Europe centrale ?<br \/>\n\u2014 similarit\u00e9s organologiques entre bandes tsiganes d\u2019Europe centrale, anciennes bandes m\u00e9n\u00e9tri\u00e8res et actuelles bandes de violons d\u2019Europe occidentale<\/p>\n<p>Ch12.\u2014 De l\u2019ethnomusicologie \u00e0 l\u2019histoire : peut-on reconstituer le jeu des anciennes bandes m\u00e9n\u00e9tri\u00e8res de violons ?<br \/>\n\u2014 la tenue et le jeu de l\u2019archet : une esth\u00e9tique de l\u2019\u00e9nergie et de l\u2019efficacit\u00e9 sonore<br \/>\n\u2014 polyphonie et harmonie<br \/>\n\u2014 le r\u00f4le rythmique du \u00ab remplissage \u00bb : marquer les contretemps<br \/>\n\u2014 le violon m\u00e9n\u00e9trier en \u00ab bandes \u00bb : des musiques de l\u2019improvisation<\/p>\n<p>Conclusion<\/p>\n","protected":false},"excerpt":{"rendered":"<p>Histoire et anthropologie des ensembles populaires de violons en Europe. Les fortes ressemblances entre anciens ensembles m\u00e9n\u00e9triers de violons et actuelles bandes de violons \u2013 tsiganes \u2013 d\u2019Europe centrale, autorisent l\u2019hypoth\u00e8se des transferts culturels. Les Tsiganes \u00e9tant pr\u00e9sents en Europe depuis le XVe si\u00e8cle, les processus de mise en contact entre eux et les populations [&hellip;]<\/p>\n","protected":false},"featured_media":42949,"template":"","meta":{"_acf_changed":false,"_genesis_hide_title":false,"_genesis_hide_breadcrumbs":false,"_genesis_hide_singular_image":false,"_genesis_hide_footer_widgets":false,"_genesis_custom_body_class":"","_genesis_custom_post_class":"","_genesis_layout":""},"product_brand":[],"product_cat":[7132,7194,7190],"product_tag":[],"class_list":{"0":"post-42951","1":"product","2":"type-product","3":"status-publish","4":"has-post-thumbnail","6":"product_cat-books","7":"product_cat-studies-en","8":"product_cat-music-dances-en","9":"pa_auteur-charles-dominique-luc-en","10":"pa_editeur-brepols-en","11":"pa_langue-francais-en","12":"entry","14":"first","15":"outofstock","16":"shipping-taxable","17":"purchasable","18":"product-type-simple"},"acf":[],"_links":{"self":[{"href":"https:\/\/www.libraria-occitana.org\/en\/wp-json\/wp\/v2\/product\/42951","targetHints":{"allow":["GET"]}}],"collection":[{"href":"https:\/\/www.libraria-occitana.org\/en\/wp-json\/wp\/v2\/product"}],"about":[{"href":"https:\/\/www.libraria-occitana.org\/en\/wp-json\/wp\/v2\/types\/product"}],"wp:featuredmedia":[{"embeddable":true,"href":"https:\/\/www.libraria-occitana.org\/en\/wp-json\/wp\/v2\/media\/42949"}],"wp:attachment":[{"href":"https:\/\/www.libraria-occitana.org\/en\/wp-json\/wp\/v2\/media?parent=42951"}],"wp:term":[{"taxonomy":"product_brand","embeddable":true,"href":"https:\/\/www.libraria-occitana.org\/en\/wp-json\/wp\/v2\/product_brand?post=42951"},{"taxonomy":"product_cat","embeddable":true,"href":"https:\/\/www.libraria-occitana.org\/en\/wp-json\/wp\/v2\/product_cat?post=42951"},{"taxonomy":"product_tag","embeddable":true,"href":"https:\/\/www.libraria-occitana.org\/en\/wp-json\/wp\/v2\/product_tag?post=42951"}],"curies":[{"name":"wp","href":"https:\/\/api.w.org\/{rel}","templated":true}]}}