{"id":42960,"date":"2018-05-26T16:24:46","date_gmt":"2018-05-26T14:24:46","guid":{"rendered":"http:\/\/www.libraria-occitana.org\/product\/les-semences-un-patrimoine-vital-en-voie-de-disparition\/"},"modified":"2026-04-25T20:47:03","modified_gmt":"2026-04-25T18:47:03","slug":"les-semences-un-patrimoine-vital-en-voie-de-disparition","status":"publish","type":"product","link":"https:\/\/www.libraria-occitana.org\/en\/product\/les-semences-un-patrimoine-vital-en-voie-de-disparition\/","title":{"rendered":"Les semences : Un patrimoine vital en voie de disparition"},"content":{"rendered":"<p>En un si\u00e8cle, 75 % des vari\u00e9t\u00e9s de semences ont disparu. Or, elles sont essentielles \u00e0 notre survie.<br \/>\nD\u00e9tenir ce march\u00e9 mondial repr\u00e9sente des enjeux financiers colossaux et permet de contr\u00f4ler la cha\u00eene alimentaire. Une appropriation du bien commun \u00e0 la r\u00e9glementation complexe, m\u00e9connue du grand public, et mise en place il y a plus de cinquante ans. \u00c0 cause du d\u00e9veloppement des semences industrielles et des OGM, des paysans du monde entier se sont vu priv\u00e9s du droit \u00e9l\u00e9mentaire de cultiver leurs propres graines.<br \/>\nPourquoi ce bien collectif si pr\u00e9cieux a-t-il \u00e9t\u00e9 privatis\u00e9 et quelles en sont les cons\u00e9quences ? Quels risques fait-on courir \u00e0 la nature, dont l&#8217;\u00eatre humain est lui-m\u00eame une composante ? Telles sont les questions, vitales pour notre avenir, abord\u00e9es dans ce livre.<\/p>\n","protected":false},"excerpt":{"rendered":"<p>En un si\u00e8cle, 75 % des vari\u00e9t\u00e9s de semences ont disparu. Or, elles sont essentielles \u00e0 notre survie. D\u00e9tenir ce march\u00e9 mondial repr\u00e9sente des enjeux financiers colossaux et permet de contr\u00f4ler la cha\u00eene alimentaire. Une appropriation du bien commun \u00e0 la r\u00e9glementation complexe, m\u00e9connue du grand public, et mise en place il y a plus [&hellip;]<\/p>\n","protected":false},"featured_media":42955,"template":"","meta":{"_acf_changed":false,"_genesis_hide_title":false,"_genesis_hide_breadcrumbs":false,"_genesis_hide_singular_image":false,"_genesis_hide_footer_widgets":false,"_genesis_custom_body_class":"","_genesis_custom_post_class":"","_genesis_layout":""},"product_brand":[],"product_cat":[7132,7202],"product_tag":[],"class_list":{"0":"post-42960","1":"product","2":"type-product","3":"status-publish","4":"has-post-thumbnail","6":"product_cat-books","7":"product_cat-politics-sociology-current-affairs-en","8":"pa_auteur-duquesne-juliette-en","9":"pa_auteur-rabhi-pierre-en","10":"pa_editeur-jai-lu-en","11":"pa_langue-francais-en","12":"entry","14":"first","15":"instock","16":"shipping-taxable","17":"purchasable","18":"product-type-simple"},"acf":[],"_links":{"self":[{"href":"https:\/\/www.libraria-occitana.org\/en\/wp-json\/wp\/v2\/product\/42960","targetHints":{"allow":["GET"]}}],"collection":[{"href":"https:\/\/www.libraria-occitana.org\/en\/wp-json\/wp\/v2\/product"}],"about":[{"href":"https:\/\/www.libraria-occitana.org\/en\/wp-json\/wp\/v2\/types\/product"}],"wp:featuredmedia":[{"embeddable":true,"href":"https:\/\/www.libraria-occitana.org\/en\/wp-json\/wp\/v2\/media\/42955"}],"wp:attachment":[{"href":"https:\/\/www.libraria-occitana.org\/en\/wp-json\/wp\/v2\/media?parent=42960"}],"wp:term":[{"taxonomy":"product_brand","embeddable":true,"href":"https:\/\/www.libraria-occitana.org\/en\/wp-json\/wp\/v2\/product_brand?post=42960"},{"taxonomy":"product_cat","embeddable":true,"href":"https:\/\/www.libraria-occitana.org\/en\/wp-json\/wp\/v2\/product_cat?post=42960"},{"taxonomy":"product_tag","embeddable":true,"href":"https:\/\/www.libraria-occitana.org\/en\/wp-json\/wp\/v2\/product_tag?post=42960"}],"curies":[{"name":"wp","href":"https:\/\/api.w.org\/{rel}","templated":true}]}}