{"id":43008,"date":"2015-01-27T15:22:53","date_gmt":"2015-01-27T14:22:53","guid":{"rendered":"http:\/\/www.libraria-occitana.org\/product\/un-helleniste-correzien-jean-de-maumont-les-oeuvres-de-saint-justin\/"},"modified":"2026-04-10T02:51:18","modified_gmt":"2026-04-10T00:51:18","slug":"un-helleniste-correzien-jean-de-maumont-les-oeuvres-de-saint-justin","status":"publish","type":"product","link":"https:\/\/www.libraria-occitana.org\/en\/product\/un-helleniste-correzien-jean-de-maumont-les-oeuvres-de-saint-justin\/","title":{"rendered":"Un hell\u00e9niste \u00ab corr\u00e9zien \u00bb : Jean de Maumont &#038; les \u0153uvres de saint Justin"},"content":{"rendered":"<p>Plaquette publi\u00e9e \u00e0 l&#8217;occasion de l&#8217;acquisition par le mus\u00e9e du pays d&#8217;Ussel des \u0153uvres de saint Justin traduites par Jean de Maumont avec le concours de la Soci\u00e9t\u00e9 des archives historiques &amp; du mus\u00e9e du pays d&#8217;Ussel.<\/p>\n","protected":false},"excerpt":{"rendered":"<p>Plaquette publi\u00e9e \u00e0 l&#8217;occasion de l&#8217;acquisition par le mus\u00e9e du pays d&#8217;Ussel des \u0153uvres de saint Justin traduites par Jean de Maumont avec le concours de la Soci\u00e9t\u00e9 des archives historiques &amp; du mus\u00e9e du pays d&#8217;Ussel.<\/p>\n","protected":false},"featured_media":43003,"template":"","meta":{"_acf_changed":false,"_genesis_hide_title":false,"_genesis_hide_breadcrumbs":false,"_genesis_hide_singular_image":false,"_genesis_hide_footer_widgets":false,"_genesis_custom_body_class":"","_genesis_custom_post_class":"","_genesis_layout":""},"product_brand":[],"product_cat":[7132,7148,7158],"product_tag":[],"class_list":{"0":"post-43008","1":"product","2":"type-product","3":"status-publish","4":"has-post-thumbnail","6":"product_cat-books","7":"product_cat-history-geography-en","8":"product_cat-modern-and-contemporary-history-en","9":"pa_auteur-lemaitre-jean-loup-en","10":"pa_auteur-lemaitre-nicole-en","11":"pa_editeur-musee-du-pays-dussel-en","12":"pa_langue-francais-en","13":"entry","15":"first","16":"instock","17":"shipping-taxable","18":"purchasable","19":"product-type-simple"},"acf":[],"_links":{"self":[{"href":"https:\/\/www.libraria-occitana.org\/en\/wp-json\/wp\/v2\/product\/43008","targetHints":{"allow":["GET"]}}],"collection":[{"href":"https:\/\/www.libraria-occitana.org\/en\/wp-json\/wp\/v2\/product"}],"about":[{"href":"https:\/\/www.libraria-occitana.org\/en\/wp-json\/wp\/v2\/types\/product"}],"wp:featuredmedia":[{"embeddable":true,"href":"https:\/\/www.libraria-occitana.org\/en\/wp-json\/wp\/v2\/media\/43003"}],"wp:attachment":[{"href":"https:\/\/www.libraria-occitana.org\/en\/wp-json\/wp\/v2\/media?parent=43008"}],"wp:term":[{"taxonomy":"product_brand","embeddable":true,"href":"https:\/\/www.libraria-occitana.org\/en\/wp-json\/wp\/v2\/product_brand?post=43008"},{"taxonomy":"product_cat","embeddable":true,"href":"https:\/\/www.libraria-occitana.org\/en\/wp-json\/wp\/v2\/product_cat?post=43008"},{"taxonomy":"product_tag","embeddable":true,"href":"https:\/\/www.libraria-occitana.org\/en\/wp-json\/wp\/v2\/product_tag?post=43008"}],"curies":[{"name":"wp","href":"https:\/\/api.w.org\/{rel}","templated":true}]}}