{"id":43017,"date":"2018-03-27T15:58:43","date_gmt":"2018-03-27T13:58:43","guid":{"rendered":"http:\/\/www.libraria-occitana.org\/?post_type=product&#038;p=43017"},"modified":"2026-04-03T00:36:24","modified_gmt":"2026-04-02T22:36:24","slug":"se-souvenir-de-la-correze","status":"publish","type":"product","link":"https:\/\/www.libraria-occitana.org\/en\/product\/se-souvenir-de-la-correze\/","title":{"rendered":"Se souvenir de la&#8230; Corr\u00e8ze"},"content":{"rendered":"<p>Plus de quatre cents cartes postales et images anciennes nous montrent le d\u00e9partement de la Corr\u00e8ze tel qu&#8217;il \u00e9tait il y a un si\u00e8cle. Au fil des pr\u00e8s de trois cents communes, villes ou villages pr\u00e9sent\u00e9s, ce livre constitue un t\u00e9moignage unique de la vie d&#8217;autrefois. Commerces, gares, monuments, \u00e9v\u00e9nements : rien n&#8217;a \u00e9t\u00e9 oubli\u00e9. Les images comment\u00e9es permettent de visualiser et de mieux comprendre les principaux chan\u00adgements survenus dans le d\u00e9partement depuis un si\u00e8cle. De la visite pr\u00e9sidentielle aux villages engloutis par le barrage de Bort-les-Orgues, en passant par l&#8217;usine de La Marque ou la Manufacture de Tulle, du plateau de Millevaches aux rives de la Dordogne, revivez la vie quotidienne de nos anc\u00eatres corr\u00e9ziens comme si vous y \u00e9tiez.<\/p>\n","protected":false},"excerpt":{"rendered":"<p>Plus de quatre cents cartes postales et images anciennes nous montrent le d\u00e9partement de la Corr\u00e8ze tel qu&#8217;il \u00e9tait il y a un si\u00e8cle. Au fil des pr\u00e8s de trois cents communes, villes ou villages pr\u00e9sent\u00e9s, ce livre constitue un t\u00e9moignage unique de la vie d&#8217;autrefois. Commerces, gares, monuments, \u00e9v\u00e9nements : rien n&#8217;a \u00e9t\u00e9 oubli\u00e9. [&hellip;]<\/p>\n","protected":false},"featured_media":51820,"template":"","meta":{"_acf_changed":false,"_genesis_hide_title":false,"_genesis_hide_breadcrumbs":false,"_genesis_hide_singular_image":false,"_genesis_hide_footer_widgets":false,"_genesis_custom_body_class":"","_genesis_custom_post_class":"","_genesis_layout":""},"product_brand":[],"product_cat":[7132,7148,7158],"product_tag":[],"class_list":{"0":"post-43017","1":"product","2":"type-product","3":"status-publish","4":"has-post-thumbnail","6":"product_cat-books","7":"product_cat-history-geography-en","8":"product_cat-modern-and-contemporary-history-en","9":"pa_auteur-molleman-rudi-en","10":"pa_editeur-geste-en","11":"pa_langue-francais-en","12":"entry","14":"first","15":"outofstock","16":"shipping-taxable","17":"purchasable","18":"product-type-simple"},"acf":[],"_links":{"self":[{"href":"https:\/\/www.libraria-occitana.org\/en\/wp-json\/wp\/v2\/product\/43017","targetHints":{"allow":["GET"]}}],"collection":[{"href":"https:\/\/www.libraria-occitana.org\/en\/wp-json\/wp\/v2\/product"}],"about":[{"href":"https:\/\/www.libraria-occitana.org\/en\/wp-json\/wp\/v2\/types\/product"}],"wp:featuredmedia":[{"embeddable":true,"href":"https:\/\/www.libraria-occitana.org\/en\/wp-json\/wp\/v2\/media\/51820"}],"wp:attachment":[{"href":"https:\/\/www.libraria-occitana.org\/en\/wp-json\/wp\/v2\/media?parent=43017"}],"wp:term":[{"taxonomy":"product_brand","embeddable":true,"href":"https:\/\/www.libraria-occitana.org\/en\/wp-json\/wp\/v2\/product_brand?post=43017"},{"taxonomy":"product_cat","embeddable":true,"href":"https:\/\/www.libraria-occitana.org\/en\/wp-json\/wp\/v2\/product_cat?post=43017"},{"taxonomy":"product_tag","embeddable":true,"href":"https:\/\/www.libraria-occitana.org\/en\/wp-json\/wp\/v2\/product_tag?post=43017"}],"curies":[{"name":"wp","href":"https:\/\/api.w.org\/{rel}","templated":true}]}}