{"id":43110,"date":"2017-03-22T11:36:35","date_gmt":"2017-03-22T10:36:35","guid":{"rendered":"http:\/\/www.libraria-occitana.org\/product\/le-potager-de-mon-grand-pere\/"},"modified":"2026-04-12T19:51:54","modified_gmt":"2026-04-12T17:51:54","slug":"le-potager-de-mon-grand-pere","status":"publish","type":"product","link":"https:\/\/www.libraria-occitana.org\/en\/product\/le-potager-de-mon-grand-pere\/","title":{"rendered":"Le potager de mon grand-p\u00e8re"},"content":{"rendered":"<p>Chez son grand-p\u00e8re, Martin est venu se ressourcer, aider et partager des moments de vie. L\u2019a\u00efeul lui transmettra son savoir, un peu de ses racines et les secrets de ce potager cultiv\u00e9 par amour pour sa femme disparue.<\/p>\n<p>Issu de cette g\u00e9n\u00e9ration fast-food, Martin prendra conscience de la valeur de ce pr\u00e9cieux h\u00e9ritage.<\/p>\n<p>C\u2019est un hymne \u00e0 la vie et \u00e0 cette nature que nous devons prot\u00e9ger.<\/p>\n","protected":false},"excerpt":{"rendered":"<p>Chez son grand-p\u00e8re, Martin est venu se ressourcer, aider et partager des moments de vie. L\u2019a\u00efeul lui transmettra son savoir, un peu de ses racines et les secrets de ce potager cultiv\u00e9 par amour pour sa femme disparue. Issu de cette g\u00e9n\u00e9ration fast-food, Martin prendra conscience de la valeur de ce pr\u00e9cieux h\u00e9ritage. C\u2019est un [&hellip;]<\/p>\n","protected":false},"featured_media":43108,"template":"","meta":{"_acf_changed":false,"_genesis_hide_title":false,"_genesis_hide_breadcrumbs":false,"_genesis_hide_singular_image":false,"_genesis_hide_footer_widgets":false,"_genesis_custom_body_class":"","_genesis_custom_post_class":"","_genesis_layout":""},"product_brand":[],"product_cat":[7241,7249],"product_tag":[],"class_list":{"0":"post-43110","1":"product","2":"type-product","3":"status-publish","4":"has-post-thumbnail","6":"product_cat-documentary-en","7":"product_cat-videos-3-en","8":"pa_auteur-esposito-martin-en","9":"pa_editeur-jupiter-films-en","10":"pa_langue-francais-en","11":"entry","13":"first","14":"outofstock","15":"shipping-taxable","16":"purchasable","17":"product-type-simple"},"acf":[],"_links":{"self":[{"href":"https:\/\/www.libraria-occitana.org\/en\/wp-json\/wp\/v2\/product\/43110","targetHints":{"allow":["GET"]}}],"collection":[{"href":"https:\/\/www.libraria-occitana.org\/en\/wp-json\/wp\/v2\/product"}],"about":[{"href":"https:\/\/www.libraria-occitana.org\/en\/wp-json\/wp\/v2\/types\/product"}],"wp:featuredmedia":[{"embeddable":true,"href":"https:\/\/www.libraria-occitana.org\/en\/wp-json\/wp\/v2\/media\/43108"}],"wp:attachment":[{"href":"https:\/\/www.libraria-occitana.org\/en\/wp-json\/wp\/v2\/media?parent=43110"}],"wp:term":[{"taxonomy":"product_brand","embeddable":true,"href":"https:\/\/www.libraria-occitana.org\/en\/wp-json\/wp\/v2\/product_brand?post=43110"},{"taxonomy":"product_cat","embeddable":true,"href":"https:\/\/www.libraria-occitana.org\/en\/wp-json\/wp\/v2\/product_cat?post=43110"},{"taxonomy":"product_tag","embeddable":true,"href":"https:\/\/www.libraria-occitana.org\/en\/wp-json\/wp\/v2\/product_tag?post=43110"}],"curies":[{"name":"wp","href":"https:\/\/api.w.org\/{rel}","templated":true}]}}