{"id":43147,"date":"2018-11-22T19:13:39","date_gmt":"2018-11-22T18:13:39","guid":{"rendered":"http:\/\/www.libraria-occitana.org\/product\/las-tres-pomas-dirange-libre-cd\/"},"modified":"2026-04-25T21:31:35","modified_gmt":"2026-04-25T19:31:35","slug":"las-tres-pomas-dirange-libre-cd","status":"publish","type":"product","link":"https:\/\/www.libraria-occitana.org\/en\/product\/las-tres-pomas-dirange-libre-cd\/","title":{"rendered":"Las Tres Pomas d&#8217;Irange (libre + CD)"},"content":{"rendered":"<p><em>Las Tres Pomas d\u2019Irange \/ Les Trois oranges<\/em>, un tr\u00e8s beau conte merveilleux d\u2019Andr\u00e9 Lagarde illustr\u00e9 par Sophie Vissi\u00e8re, avec sa traduction fran\u00e7aise en fin d\u2019ouvrage.<\/p>\n<p>Un jeune prince en tourn\u00e9e dans son royaume croise la route d\u2019une horrible sorci\u00e8re. Poursuivi par sa mal\u00e9diction, il ne retrouvera la paix qu\u2019au prix d\u2019une longue qu\u00eate : la d\u00e9couverte de trois oranges. Surmontant de longues \u00e9preuves, l\u2019amour sera sa d\u00e9livrance.<br \/>\nLa langue limpide d\u2019Andr\u00e9 Lagarde est ici magnifiquement illustr\u00e9e et calligraphi\u00e9e par Sophie Vissi\u00e8re, dans une belle bichromie rouge et noire.<\/p>\n<p>Lecture int\u00e9grale du conte par Serge Carles.<\/p>\n","protected":false},"excerpt":{"rendered":"<p>Las Tres Pomas d\u2019Irange \/ Les Trois oranges, un tr\u00e8s beau conte merveilleux d\u2019Andr\u00e9 Lagarde illustr\u00e9 par Sophie Vissi\u00e8re, avec sa traduction fran\u00e7aise en fin d\u2019ouvrage. Un jeune prince en tourn\u00e9e dans son royaume croise la route d\u2019une horrible sorci\u00e8re. Poursuivi par sa mal\u00e9diction, il ne retrouvera la paix qu\u2019au prix d\u2019une longue qu\u00eate : [&hellip;]<\/p>\n","protected":false},"featured_media":43145,"template":"","meta":{"_acf_changed":false,"_genesis_hide_title":false,"_genesis_hide_breadcrumbs":false,"_genesis_hide_singular_image":false,"_genesis_hide_footer_widgets":false,"_genesis_custom_body_class":"","_genesis_custom_post_class":"","_genesis_layout":""},"product_brand":[],"product_cat":[7132,7170,7164],"product_tag":[],"class_list":{"0":"post-43147","1":"product","2":"type-product","3":"status-publish","4":"has-post-thumbnail","6":"product_cat-books","7":"product_cat-juvenile-en","8":"product_cat-juvenile-and-teen-comics-humour-en","9":"pa_auteur-lagarda-andrieu-en","10":"pa_editeur-letras-doc-en","11":"pa_illustrateur-vissiere-sofia-en","12":"pa_langue-occitan-lengadocian-en","13":"pa_langue-occitan-francais-en","14":"entry","16":"first","17":"instock","18":"shipping-taxable","19":"purchasable","20":"product-type-simple"},"acf":[],"_links":{"self":[{"href":"https:\/\/www.libraria-occitana.org\/en\/wp-json\/wp\/v2\/product\/43147","targetHints":{"allow":["GET"]}}],"collection":[{"href":"https:\/\/www.libraria-occitana.org\/en\/wp-json\/wp\/v2\/product"}],"about":[{"href":"https:\/\/www.libraria-occitana.org\/en\/wp-json\/wp\/v2\/types\/product"}],"wp:featuredmedia":[{"embeddable":true,"href":"https:\/\/www.libraria-occitana.org\/en\/wp-json\/wp\/v2\/media\/43145"}],"wp:attachment":[{"href":"https:\/\/www.libraria-occitana.org\/en\/wp-json\/wp\/v2\/media?parent=43147"}],"wp:term":[{"taxonomy":"product_brand","embeddable":true,"href":"https:\/\/www.libraria-occitana.org\/en\/wp-json\/wp\/v2\/product_brand?post=43147"},{"taxonomy":"product_cat","embeddable":true,"href":"https:\/\/www.libraria-occitana.org\/en\/wp-json\/wp\/v2\/product_cat?post=43147"},{"taxonomy":"product_tag","embeddable":true,"href":"https:\/\/www.libraria-occitana.org\/en\/wp-json\/wp\/v2\/product_tag?post=43147"}],"curies":[{"name":"wp","href":"https:\/\/api.w.org\/{rel}","templated":true}]}}