{"id":43187,"date":"2018-11-26T20:00:38","date_gmt":"2018-11-26T19:00:38","guid":{"rendered":"http:\/\/www.libraria-occitana.org\/product\/arbres-arbrilhons-e-arbricels-salvatges-dels-causses-de-perigord-arbres-arbustes-et-arbrisseaux-sauvages-des-causses-du-perigord\/"},"modified":"2026-04-29T01:11:38","modified_gmt":"2026-04-28T23:11:38","slug":"arbres-arbrilhons-e-arbricels-salvatges-dels-causses-de-perigord-arbres-arbustes-et-arbrisseaux-sauvages-des-causses-du-perigord","status":"publish","type":"product","link":"https:\/\/www.libraria-occitana.org\/en\/product\/arbres-arbrilhons-e-arbricels-salvatges-dels-causses-de-perigord-arbres-arbustes-et-arbrisseaux-sauvages-des-causses-du-perigord\/","title":{"rendered":"Arbres, arbrilhons e arbric\u00e8ls salvatges dels causses de Perig\u00f2rd &#8211; Arbres, arbustes et arbrisseaux sauvages des causses du P\u00e9rigord"},"content":{"rendered":"<p>Les arbres ont une place \u00e0 part dans le monde v\u00e9g\u00e9tal. Indispensables \u00e0 la vie sur terre, l&#8217;homme les a de tout temps utilis\u00e9s et sans eux la soci\u00e9t\u00e9 humaine ne serait pas ce qu&#8217;elle est. L&#8217;arbre est symbole de vie. Ceux qui gardent leurs feuilles en hiver incarnent l&#8217;immortalit\u00e9, ceux qui les perdent symbolisent la r\u00e9g\u00e9n\u00e9ration perp\u00e9tuelle du vivant. D&#8217;autant plus que, comme tous les \u00eatres vivants, l&#8217;arbre se reproduit, respire et mange en s&#8217;adaptant aux lieux o\u00f9 il se d\u00e9veloppe. G\u00e9ant de la nature \u00e0 la frondaison c\u00e9leste sur les terres fertiles des vall\u00e9es, petit \u00eatre rabougri sur le causse aride ou touffe flexible sur les rives de ruisseaux, l&#8217;arbre prend des formes diverses qui nous s\u00e9duisent, mais, surtout, comme tous les v\u00e9g\u00e9taux, il cr\u00e9e la vie \u00e0 partir du min\u00e9ral. Chacun a son histoire, son originalit\u00e9, sa sensibilit\u00e9 ; lien entre la terre et le ciel, l&#8217;arbre continue de nous fasciner et d&#8217;irradier quelque chose qui nous touche, et qui souvent nous apaise.<\/p>\n<p>Dans un <a href=\"http:\/\/www.libraria-occitana.org\/produit\/orquideas-salvatjas-de-perigord-orchidees-sauvages-du-perigord\/\">ouvrage pr\u00e9c\u00e9dent<\/a>, Jean-Louis Orazio avait d\u00e9j\u00e0 choisi la richesse de l&#8217;occitan pour nous mener sur les causses du P\u00e9rigord et nous parler des orchid\u00e9es sauvages ; il nous propose ici d&#8217;aller \u00e0 la rencontre de leurs arbres, arbustes et arbrisseaux, en une promenade de toute beaut\u00e9.<\/p>\n","protected":false},"excerpt":{"rendered":"<p>Les arbres ont une place \u00e0 part dans le monde v\u00e9g\u00e9tal. Indispensables \u00e0 la vie sur terre, l&#8217;homme les a de tout temps utilis\u00e9s et sans eux la soci\u00e9t\u00e9 humaine ne serait pas ce qu&#8217;elle est. L&#8217;arbre est symbole de vie. Ceux qui gardent leurs feuilles en hiver incarnent l&#8217;immortalit\u00e9, ceux qui les perdent symbolisent [&hellip;]<\/p>\n","protected":false},"featured_media":43184,"template":"","meta":{"_acf_changed":false,"_genesis_hide_title":false,"_genesis_hide_breadcrumbs":false,"_genesis_hide_singular_image":false,"_genesis_hide_footer_widgets":false,"_genesis_custom_body_class":"","_genesis_custom_post_class":"","_genesis_layout":""},"product_brand":[],"product_cat":[7132,7200,7196],"product_tag":[],"class_list":{"0":"post-43187","1":"product","2":"type-product","3":"status-publish","4":"has-post-thumbnail","6":"product_cat-books","7":"product_cat-nature-gardening-en","8":"product_cat-nature-tourism-en","9":"pa_auteur-orazio-joan-lois-en","10":"pa_editeur-ieo-perigord-novelum-en","11":"pa_langue-occitan-lengadocian-en","12":"pa_langue-occitan-francais-en","13":"entry","15":"first","16":"instock","17":"shipping-taxable","18":"purchasable","19":"product-type-simple"},"acf":[],"_links":{"self":[{"href":"https:\/\/www.libraria-occitana.org\/en\/wp-json\/wp\/v2\/product\/43187","targetHints":{"allow":["GET"]}}],"collection":[{"href":"https:\/\/www.libraria-occitana.org\/en\/wp-json\/wp\/v2\/product"}],"about":[{"href":"https:\/\/www.libraria-occitana.org\/en\/wp-json\/wp\/v2\/types\/product"}],"wp:featuredmedia":[{"embeddable":true,"href":"https:\/\/www.libraria-occitana.org\/en\/wp-json\/wp\/v2\/media\/43184"}],"wp:attachment":[{"href":"https:\/\/www.libraria-occitana.org\/en\/wp-json\/wp\/v2\/media?parent=43187"}],"wp:term":[{"taxonomy":"product_brand","embeddable":true,"href":"https:\/\/www.libraria-occitana.org\/en\/wp-json\/wp\/v2\/product_brand?post=43187"},{"taxonomy":"product_cat","embeddable":true,"href":"https:\/\/www.libraria-occitana.org\/en\/wp-json\/wp\/v2\/product_cat?post=43187"},{"taxonomy":"product_tag","embeddable":true,"href":"https:\/\/www.libraria-occitana.org\/en\/wp-json\/wp\/v2\/product_tag?post=43187"}],"curies":[{"name":"wp","href":"https:\/\/api.w.org\/{rel}","templated":true}]}}