{"id":43212,"date":"2018-05-27T20:58:50","date_gmt":"2018-05-27T18:58:50","guid":{"rendered":"http:\/\/www.libraria-occitana.org\/product\/vannerie-buissonniere-tressages-simples-des-bords-de-chemins\/"},"modified":"2026-04-11T20:31:47","modified_gmt":"2026-04-11T18:31:47","slug":"vannerie-buissonniere-tressages-simples-des-bords-de-chemins","status":"publish","type":"product","link":"https:\/\/www.libraria-occitana.org\/en\/product\/vannerie-buissonniere-tressages-simples-des-bords-de-chemins\/","title":{"rendered":"Vannerie buissonni\u00e8re : Tressages simples des bords de chemins"},"content":{"rendered":"<p>\u00ab Ce geste que tu fais l\u00e0, celui-l\u00e0 m\u00eame, avec cette ronce, ce saule, ce jonc, ces orties, c&#8217;est le geste m\u00eame que je faisais \u00e0 ton \u00e2ge pour jouer, celui-l\u00e0 que faisait ton arri\u00e8re-grand-m\u00e8re lorsqu&#8217;elle fabriquait ses paniers pour aller ramasser les ch\u00e2taignes.<br \/>\n\u00ab Parcourir les chemins, les bords d&#8217;une mare, glaner une longue feuille de massette, assouplir, plier, tordre, entrelacer, et un canard appara\u00eet ! \u00bb<br \/>\n\u00c0 partir de v\u00e9g\u00e9taux communs facilement reconnaissables, ce guide pratique vous ouvre les portes de la vannerie buissonni\u00e8re. Inspir\u00e9 par une \u00e9ducation populaire tourn\u00e9e vers le dehors, il vous invite \u00e0 d\u00e9couvrir, \u00e0 travers des fiches pratiques, les gestes servant \u00e0 r\u00e9aliser des objets et jouets buissonniers : hochet, chaise, papillon ou libellule, couronne et bracelet, attrape-r\u00eaves, \u00e9toile, nichoir, bo\u00eete \u00e0 secrets&#8230;<br \/>\nCe livre, qui s&#8217;adresse aux enfants, parents et grands-parents, leur permettra de d\u00e9couvrir l&#8217;environnement naturel et d&#8217;\u00eatre autonomes, de la cueillette \u00e0 la r\u00e9alisation. Les professionnels, dans le cadre de la mise en place d&#8217;ateliers tout public, y trouveront de nombreuses fiches p\u00e9dagogiques d\u00e9taill\u00e9es.<\/p>\n","protected":false},"excerpt":{"rendered":"<p>\u00ab Ce geste que tu fais l\u00e0, celui-l\u00e0 m\u00eame, avec cette ronce, ce saule, ce jonc, ces orties, c&#8217;est le geste m\u00eame que je faisais \u00e0 ton \u00e2ge pour jouer, celui-l\u00e0 que faisait ton arri\u00e8re-grand-m\u00e8re lorsqu&#8217;elle fabriquait ses paniers pour aller ramasser les ch\u00e2taignes. \u00ab Parcourir les chemins, les bords d&#8217;une mare, glaner une longue [&hellip;]<\/p>\n","protected":false},"featured_media":43210,"template":"","meta":{"_acf_changed":false,"_genesis_hide_title":false,"_genesis_hide_breadcrumbs":false,"_genesis_hide_singular_image":false,"_genesis_hide_footer_widgets":false,"_genesis_custom_body_class":"","_genesis_custom_post_class":"","_genesis_layout":""},"product_brand":[],"product_cat":[7132,7170,7164,7212,7206],"product_tag":[],"class_list":{"0":"post-43212","1":"product","2":"type-product","3":"status-publish","4":"has-post-thumbnail","6":"product_cat-books","7":"product_cat-juvenile-en","8":"product_cat-juvenile-and-teen-comics-humour-en","9":"product_cat-traditional-skills-savoirs-faire-en","10":"product_cat-traditions-heritage-en","11":"pa_auteur-ollivier-babeth-en","12":"pa_editeur-editions-de-terran-en","13":"pa_langue-francais-en","14":"entry","16":"first","17":"instock","18":"shipping-taxable","19":"purchasable","20":"product-type-simple"},"acf":[],"_links":{"self":[{"href":"https:\/\/www.libraria-occitana.org\/en\/wp-json\/wp\/v2\/product\/43212","targetHints":{"allow":["GET"]}}],"collection":[{"href":"https:\/\/www.libraria-occitana.org\/en\/wp-json\/wp\/v2\/product"}],"about":[{"href":"https:\/\/www.libraria-occitana.org\/en\/wp-json\/wp\/v2\/types\/product"}],"wp:featuredmedia":[{"embeddable":true,"href":"https:\/\/www.libraria-occitana.org\/en\/wp-json\/wp\/v2\/media\/43210"}],"wp:attachment":[{"href":"https:\/\/www.libraria-occitana.org\/en\/wp-json\/wp\/v2\/media?parent=43212"}],"wp:term":[{"taxonomy":"product_brand","embeddable":true,"href":"https:\/\/www.libraria-occitana.org\/en\/wp-json\/wp\/v2\/product_brand?post=43212"},{"taxonomy":"product_cat","embeddable":true,"href":"https:\/\/www.libraria-occitana.org\/en\/wp-json\/wp\/v2\/product_cat?post=43212"},{"taxonomy":"product_tag","embeddable":true,"href":"https:\/\/www.libraria-occitana.org\/en\/wp-json\/wp\/v2\/product_tag?post=43212"}],"curies":[{"name":"wp","href":"https:\/\/api.w.org\/{rel}","templated":true}]}}