{"id":43238,"date":"2018-11-30T18:58:37","date_gmt":"2018-11-30T17:58:37","guid":{"rendered":"http:\/\/www.libraria-occitana.org\/product\/le-monde-sculpte-de-leonard-lissandre\/"},"modified":"2026-04-29T11:11:31","modified_gmt":"2026-04-29T09:11:31","slug":"le-monde-sculpte-de-leonard-lissandre","status":"publish","type":"product","link":"https:\/\/www.libraria-occitana.org\/en\/product\/le-monde-sculpte-de-leonard-lissandre\/","title":{"rendered":"Le monde sculpt\u00e9 de L\u00e9onard Lissandre"},"content":{"rendered":"<p>\u00ab Apr\u00e8s le d\u00e9part de ses parents, elle se glissa dans la forge. J\u00e9r\u00f4me, assis sur un escabeau, avait pos\u00e9 un bloc de bois, mal d\u00e9grossi, en travers de ses genoux. Plant\u00e9e derri\u00e8re lui, \u00c9lisabeth observa son travail avec int\u00e9r\u00eat. \u00c0 chaque coup de maillet, la lame, guid\u00e9e d\u2019une main ferme, mordait dans la b\u00fbche de ch\u00eane et en d\u00e9tachait un copeau. Le morceau d\u2019arbre devenait un visage. Autrefois, J\u00e9r\u00f4me s\u2019occupait encore de ferrer les chevaux, de r\u00e9parer les machines agricoles, mais depuis qu\u2019une forge moderne s\u2019\u00e9tait \u00e9tablie pr\u00e8s de la gare, il avait perdu sa client\u00e8le. Il ne s\u2019en plaignait pas d\u2019ailleurs, trop heureux de pouvoir, sur ses soixante-dix ans, se consacrer \u00e0 la sculpture (\u2026)<br \/>\n&#8211; Sais-tu que tu as beaucoup de talent, grand-p\u00e8re ?<br \/>\n&#8211; Oui, r\u00e9pondit-il avec une majestueuse simplicit\u00e9, je crois que j\u2019ai une bonne main pour le bois. Mais c\u2019est l\u2019instruction qui me manque. Si j\u2019avais lu plus de livres, je ferais mieux encore ! \u00bb<\/p>\n<p>C\u2019est en ces termes qu\u2019Henri Troyat, l\u2019auteur de la c\u00e9l\u00e8bre s\u00e9rie <em>Les semailles et les moissons<\/em>, d\u00e9crit et met en sc\u00e8ne le grand-p\u00e8re de sa femme, L\u00e9onard Lissandre qui, d\u2019un bout de bois, savait tirer un visage. Il deviendra \u00ab J\u00e9r\u00f4me \u00bb.<\/p>\n<p>Et c\u2019est bien ainsi qu\u2019\u00e9tait L\u00e9onard, n\u00e9 en 1865, forgeron puis sculpteur, \u00e0 un moment o\u00f9 le vieux monde rural va s\u2019\u00e9teindre. Son arri\u00e8re-petite-fille, Suzanne Lachaud, vient nous r\u00e9v\u00e9ler ses \u0153uvres, touchantes de simplicit\u00e9, de tendresse et de malice.<\/p>\n","protected":false},"excerpt":{"rendered":"<p>\u00ab Apr\u00e8s le d\u00e9part de ses parents, elle se glissa dans la forge. J\u00e9r\u00f4me, assis sur un escabeau, avait pos\u00e9 un bloc de bois, mal d\u00e9grossi, en travers de ses genoux. Plant\u00e9e derri\u00e8re lui, \u00c9lisabeth observa son travail avec int\u00e9r\u00eat. \u00c0 chaque coup de maillet, la lame, guid\u00e9e d\u2019une main ferme, mordait dans la b\u00fbche [&hellip;]<\/p>\n","protected":false},"featured_media":43236,"template":"","meta":{"_acf_changed":false,"_genesis_hide_title":false,"_genesis_hide_breadcrumbs":false,"_genesis_hide_singular_image":false,"_genesis_hide_footer_widgets":false,"_genesis_custom_body_class":"","_genesis_custom_post_class":"","_genesis_layout":""},"product_brand":[],"product_cat":[7134,7132,7212,7206],"product_tag":[],"class_list":{"0":"post-43238","1":"product","2":"type-product","3":"status-publish","4":"has-post-thumbnail","6":"product_cat-arts-en","7":"product_cat-books","8":"product_cat-traditional-skills-savoirs-faire-en","9":"product_cat-traditions-heritage-en","10":"pa_auteur-lachaud-suzanne-en","11":"pa_editeur-maiade-en","12":"pa_langue-francais-en","13":"entry","15":"first","16":"instock","17":"shipping-taxable","18":"purchasable","19":"product-type-simple"},"acf":[],"_links":{"self":[{"href":"https:\/\/www.libraria-occitana.org\/en\/wp-json\/wp\/v2\/product\/43238","targetHints":{"allow":["GET"]}}],"collection":[{"href":"https:\/\/www.libraria-occitana.org\/en\/wp-json\/wp\/v2\/product"}],"about":[{"href":"https:\/\/www.libraria-occitana.org\/en\/wp-json\/wp\/v2\/types\/product"}],"wp:featuredmedia":[{"embeddable":true,"href":"https:\/\/www.libraria-occitana.org\/en\/wp-json\/wp\/v2\/media\/43236"}],"wp:attachment":[{"href":"https:\/\/www.libraria-occitana.org\/en\/wp-json\/wp\/v2\/media?parent=43238"}],"wp:term":[{"taxonomy":"product_brand","embeddable":true,"href":"https:\/\/www.libraria-occitana.org\/en\/wp-json\/wp\/v2\/product_brand?post=43238"},{"taxonomy":"product_cat","embeddable":true,"href":"https:\/\/www.libraria-occitana.org\/en\/wp-json\/wp\/v2\/product_cat?post=43238"},{"taxonomy":"product_tag","embeddable":true,"href":"https:\/\/www.libraria-occitana.org\/en\/wp-json\/wp\/v2\/product_tag?post=43238"}],"curies":[{"name":"wp","href":"https:\/\/api.w.org\/{rel}","templated":true}]}}