{"id":43309,"date":"2017-11-12T18:19:13","date_gmt":"2017-11-12T17:19:13","guid":{"rendered":"http:\/\/www.libraria-occitana.org\/product\/repertoire-des-conjugaisons-occitanes-de-gascogne\/"},"modified":"2026-04-18T23:11:15","modified_gmt":"2026-04-18T21:11:15","slug":"repertoire-des-conjugaisons-occitanes-de-gascogne","status":"publish","type":"product","link":"https:\/\/www.libraria-occitana.org\/en\/product\/repertoire-des-conjugaisons-occitanes-de-gascogne\/","title":{"rendered":"R\u00e9pertoire des conjugaisons occitanes de Gascogne"},"content":{"rendered":"<p>Est-il possible de ma\u00eetriser parfaitement les conjugaisons des verbes gascons en quelques heures seulement ? Nous avons pari\u00e9 que c&#8217;\u00e9tait possible, et ce pari vous pouvez le gagner avec nous&#8230; Quelques r\u00e8gles simples et le tour est jou\u00e9 !<\/p>\n<p>Mais vous avez peut-\u00eatre envie de retrouver exactement les conjugaisons de votre micro-r\u00e9gion d&#8217;origine. Nous vous en offrons \u00e9galement la possibilit\u00e9. Les deux projets (conjugaisons passe-partout et conjugaisons bien enracin\u00e9es dans un terroir) ne sont pas contradictoires. Tentez l&#8217;exp\u00e9rience.<\/p>\n","protected":false},"excerpt":{"rendered":"<p>Est-il possible de ma\u00eetriser parfaitement les conjugaisons des verbes gascons en quelques heures seulement ? Nous avons pari\u00e9 que c&#8217;\u00e9tait possible, et ce pari vous pouvez le gagner avec nous&#8230; Quelques r\u00e8gles simples et le tour est jou\u00e9 ! Mais vous avez peut-\u00eatre envie de retrouver exactement les conjugaisons de votre micro-r\u00e9gion d&#8217;origine. Nous vous [&hellip;]<\/p>\n","protected":false},"featured_media":43307,"template":"","meta":{"_acf_changed":false,"_genesis_hide_title":false,"_genesis_hide_breadcrumbs":false,"_genesis_hide_singular_image":false,"_genesis_hide_footer_widgets":false,"_genesis_custom_body_class":"","_genesis_custom_post_class":"","_genesis_layout":""},"product_brand":[],"product_cat":[7132,7138,7136],"product_tag":[],"class_list":{"0":"post-43309","1":"product","2":"type-product","3":"status-publish","4":"has-post-thumbnail","6":"product_cat-books","7":"product_cat-dictionaries-grammars-en","8":"product_cat-dictionaries-language-educational-en","9":"pa_auteur-grosclaude-michel-en","10":"pa_auteur-narioo-gilabert-en","11":"pa_editeur-per-noste-en","12":"pa_langue-francais-en","13":"pa_langue-occitan-en","14":"pa_langue-occitan-gascon-en","15":"entry","17":"first","18":"instock","19":"shipping-taxable","20":"purchasable","21":"product-type-simple"},"acf":[],"_links":{"self":[{"href":"https:\/\/www.libraria-occitana.org\/en\/wp-json\/wp\/v2\/product\/43309","targetHints":{"allow":["GET"]}}],"collection":[{"href":"https:\/\/www.libraria-occitana.org\/en\/wp-json\/wp\/v2\/product"}],"about":[{"href":"https:\/\/www.libraria-occitana.org\/en\/wp-json\/wp\/v2\/types\/product"}],"wp:featuredmedia":[{"embeddable":true,"href":"https:\/\/www.libraria-occitana.org\/en\/wp-json\/wp\/v2\/media\/43307"}],"wp:attachment":[{"href":"https:\/\/www.libraria-occitana.org\/en\/wp-json\/wp\/v2\/media?parent=43309"}],"wp:term":[{"taxonomy":"product_brand","embeddable":true,"href":"https:\/\/www.libraria-occitana.org\/en\/wp-json\/wp\/v2\/product_brand?post=43309"},{"taxonomy":"product_cat","embeddable":true,"href":"https:\/\/www.libraria-occitana.org\/en\/wp-json\/wp\/v2\/product_cat?post=43309"},{"taxonomy":"product_tag","embeddable":true,"href":"https:\/\/www.libraria-occitana.org\/en\/wp-json\/wp\/v2\/product_tag?post=43309"}],"curies":[{"name":"wp","href":"https:\/\/api.w.org\/{rel}","templated":true}]}}