{"id":43370,"date":"2012-02-17T16:06:57","date_gmt":"2012-02-17T15:06:57","guid":{"rendered":"http:\/\/www.libraria-occitana.org\/?post_type=product&#038;p=43370"},"modified":"2026-04-07T12:04:13","modified_gmt":"2026-04-07T10:04:13","slug":"la-creuse-les-incontournables-balades-a-pied","status":"publish","type":"product","link":"https:\/\/www.libraria-occitana.org\/en\/product\/la-creuse-les-incontournables-balades-a-pied\/","title":{"rendered":"La Creuse : Les incontournables, Balades \u00e0 pied"},"content":{"rendered":"<p>Pour varier les plaisirs, 20 randonn\u00e9es aux quatre coins du territoire creusois.<\/p>\n<p>Une collection qui porte bien son nom.<br \/>\nLes plus belles randonn\u00e9es, issues d&#8217;une s\u00e9lection rigoureuse, r\u00e9unies en un seul ouvrage avec carnet pratique, pages consacr\u00e9es \u00e0 la d\u00e9couverte patrimoniale, descriptifs d\u00e9taill\u00e9s et cartes faciles \u00e0 lire.<\/p>\n","protected":false},"excerpt":{"rendered":"<p>Pour varier les plaisirs, 20 randonn\u00e9es aux quatre coins du territoire creusois. Une collection qui porte bien son nom. Les plus belles randonn\u00e9es, issues d&#8217;une s\u00e9lection rigoureuse, r\u00e9unies en un seul ouvrage avec carnet pratique, pages consacr\u00e9es \u00e0 la d\u00e9couverte patrimoniale, descriptifs d\u00e9taill\u00e9s et cartes faciles \u00e0 lire.<\/p>\n","protected":false},"featured_media":43368,"template":"","meta":{"_acf_changed":false,"_genesis_hide_title":false,"_genesis_hide_breadcrumbs":false,"_genesis_hide_singular_image":false,"_genesis_hide_footer_widgets":false,"_genesis_custom_body_class":"","_genesis_custom_post_class":"","_genesis_layout":""},"product_brand":[],"product_cat":[7132,7198,7196],"product_tag":[],"class_list":{"0":"post-43370","1":"product","2":"type-product","3":"status-publish","4":"has-post-thumbnail","6":"product_cat-books","7":"product_cat-guides-tourism-en","8":"product_cat-nature-tourism-en","9":"pa_auteur-collectiu-en-2","10":"pa_editeur-chamina-edition-en","11":"pa_langue-francais-en","12":"entry","14":"first","15":"outofstock","16":"shipping-taxable","17":"purchasable","18":"product-type-simple"},"acf":[],"_links":{"self":[{"href":"https:\/\/www.libraria-occitana.org\/en\/wp-json\/wp\/v2\/product\/43370","targetHints":{"allow":["GET"]}}],"collection":[{"href":"https:\/\/www.libraria-occitana.org\/en\/wp-json\/wp\/v2\/product"}],"about":[{"href":"https:\/\/www.libraria-occitana.org\/en\/wp-json\/wp\/v2\/types\/product"}],"wp:featuredmedia":[{"embeddable":true,"href":"https:\/\/www.libraria-occitana.org\/en\/wp-json\/wp\/v2\/media\/43368"}],"wp:attachment":[{"href":"https:\/\/www.libraria-occitana.org\/en\/wp-json\/wp\/v2\/media?parent=43370"}],"wp:term":[{"taxonomy":"product_brand","embeddable":true,"href":"https:\/\/www.libraria-occitana.org\/en\/wp-json\/wp\/v2\/product_brand?post=43370"},{"taxonomy":"product_cat","embeddable":true,"href":"https:\/\/www.libraria-occitana.org\/en\/wp-json\/wp\/v2\/product_cat?post=43370"},{"taxonomy":"product_tag","embeddable":true,"href":"https:\/\/www.libraria-occitana.org\/en\/wp-json\/wp\/v2\/product_tag?post=43370"}],"curies":[{"name":"wp","href":"https:\/\/api.w.org\/{rel}","templated":true}]}}