{"id":43376,"date":"2013-02-17T16:35:19","date_gmt":"2013-02-17T15:35:19","guid":{"rendered":"http:\/\/www.libraria-occitana.org\/?post_type=product&#038;p=43376"},"modified":"2026-04-29T10:35:58","modified_gmt":"2026-04-29T08:35:58","slug":"haute-vienne-les-30-plus-beaux-sentiers-chamina","status":"publish","type":"product","link":"https:\/\/www.libraria-occitana.org\/en\/product\/haute-vienne-les-30-plus-beaux-sentiers-chamina\/","title":{"rendered":"Haute-Vienne : Les 30 plus beaux sentiers Chamina"},"content":{"rendered":"<p>Les plus belles randonn\u00e9es, issues d\u2019une s\u00e9lection rigoureuse, r\u00e9unies en un seul ouvrage avec carnet pratique, pages consacr\u00e9es \u00e0 la d\u00e9couverte patrimoniales, descriptifs d\u00e9taill\u00e9s et cartes faciles \u00e0 lire.<\/p>\n<p>Vous visiterez les quatre grandes entit\u00e9s g\u00e9ographiques et humaines de la Haute-Vienne :<br \/>\n&#8211; La Basse-Marche<br \/>\n&#8211; Les plateaux et monts du Limousin<br \/>\n&#8211; La vall\u00e9e de la Vienne<br \/>\n&#8211; Le plateau de Millevaches<\/p>\n<p>Caract\u00e9ristiques :<br \/>\n&#8211; 30 itin\u00e9raires entre 1h45 et 5h30<br \/>\n&#8211; Cartographie sur fond IGN au 1 : 25 000 pour se rep\u00e9rer facilement<br \/>\n&#8211; D\u00e9tail des centres d&#8217;int\u00e9r\u00eats<br \/>\n&#8211; Renseignements pratiques pour randonner en toute s\u00e9curit\u00e9<br \/>\n&#8211; Adresses utiles<\/p>\n","protected":false},"excerpt":{"rendered":"<p>Les plus belles randonn\u00e9es, issues d\u2019une s\u00e9lection rigoureuse, r\u00e9unies en un seul ouvrage avec carnet pratique, pages consacr\u00e9es \u00e0 la d\u00e9couverte patrimoniales, descriptifs d\u00e9taill\u00e9s et cartes faciles \u00e0 lire. Vous visiterez les quatre grandes entit\u00e9s g\u00e9ographiques et humaines de la Haute-Vienne : &#8211; La Basse-Marche &#8211; Les plateaux et monts du Limousin &#8211; La vall\u00e9e [&hellip;]<\/p>\n","protected":false},"featured_media":43374,"template":"","meta":{"_acf_changed":false,"_genesis_hide_title":false,"_genesis_hide_breadcrumbs":false,"_genesis_hide_singular_image":false,"_genesis_hide_footer_widgets":false,"_genesis_custom_body_class":"","_genesis_custom_post_class":"","_genesis_layout":""},"product_brand":[],"product_cat":[7132,7198,7196],"product_tag":[],"class_list":{"0":"post-43376","1":"product","2":"type-product","3":"status-publish","4":"has-post-thumbnail","6":"product_cat-books","7":"product_cat-guides-tourism-en","8":"product_cat-nature-tourism-en","9":"pa_auteur-collectiu-en-2","10":"pa_editeur-chamina-edition-en","11":"pa_langue-francais-en","12":"entry","14":"first","15":"outofstock","16":"shipping-taxable","17":"purchasable","18":"product-type-simple"},"acf":[],"_links":{"self":[{"href":"https:\/\/www.libraria-occitana.org\/en\/wp-json\/wp\/v2\/product\/43376","targetHints":{"allow":["GET"]}}],"collection":[{"href":"https:\/\/www.libraria-occitana.org\/en\/wp-json\/wp\/v2\/product"}],"about":[{"href":"https:\/\/www.libraria-occitana.org\/en\/wp-json\/wp\/v2\/types\/product"}],"wp:featuredmedia":[{"embeddable":true,"href":"https:\/\/www.libraria-occitana.org\/en\/wp-json\/wp\/v2\/media\/43374"}],"wp:attachment":[{"href":"https:\/\/www.libraria-occitana.org\/en\/wp-json\/wp\/v2\/media?parent=43376"}],"wp:term":[{"taxonomy":"product_brand","embeddable":true,"href":"https:\/\/www.libraria-occitana.org\/en\/wp-json\/wp\/v2\/product_brand?post=43376"},{"taxonomy":"product_cat","embeddable":true,"href":"https:\/\/www.libraria-occitana.org\/en\/wp-json\/wp\/v2\/product_cat?post=43376"},{"taxonomy":"product_tag","embeddable":true,"href":"https:\/\/www.libraria-occitana.org\/en\/wp-json\/wp\/v2\/product_tag?post=43376"}],"curies":[{"name":"wp","href":"https:\/\/api.w.org\/{rel}","templated":true}]}}