{"id":43400,"date":"1991-01-18T09:23:46","date_gmt":"1991-01-18T08:23:46","guid":{"rendered":"http:\/\/www.libraria-occitana.org\/?post_type=product&#038;p=43400"},"modified":"2025-03-09T00:54:12","modified_gmt":"2025-03-08T23:54:12","slug":"la-chaine-dor","status":"publish","type":"product","link":"https:\/\/www.libraria-occitana.org\/en\/product\/la-chaine-dor\/","title":{"rendered":"La cha\u00eene d\u2019or"},"content":{"rendered":"<p>Ce volume fait suite aux <em>Hommes de l&#8217;\u00c9meraude<\/em> et regroupe tout ce que Kjellgren a \u00e9crit se rapportant au sort de l&#8217;\u00e9quipage de ce navire<em>.<\/em> La mort l&#8217;a certes emp\u00each\u00e9 de mener \u00e0 bien son projet dans son int\u00e9gralit\u00e9, mais il nous a tout de m\u00eame l\u00e9gu\u00e9 avec<em> La cha\u00eene d\u2019or<\/em> une grande le\u00e7on de morale sociale et de d\u00e9mocratie centr\u00e9e sur une op\u00e9ration survie faisant appel, sur le plan litt\u00e9raire, \u00e0 une technique dans laquelle l\u2019onirisme vient enrichir le r\u00e9alisme naturel \u00e0 l\u2019auteur. <em>Des hommes, des camarades<\/em> est pour sa part porteur de tout son internationalisme, tandis que <em>Et maintenant, \u00e0 la mer <\/em>le montre abordant l\u2019autre grand th\u00e8me de sa vie et de son \u0153uvre\u00a0: la maladie, qui lui permet d\u2019esquisser ici un roman collectif de l\u2019h\u00f4pital. Au total\u00a0: ce que peut \u00e9crire un homme du peuple poss\u00e9dant autant de c\u0153ur que de talent.<\/p>\n","protected":false},"excerpt":{"rendered":"<p>Ce volume fait suite aux Hommes de l&#8217;\u00c9meraude et regroupe tout ce que Kjellgren a \u00e9crit se rapportant au sort de l&#8217;\u00e9quipage de ce navire. La mort l&#8217;a certes emp\u00each\u00e9 de mener \u00e0 bien son projet dans son int\u00e9gralit\u00e9, mais il nous a tout de m\u00eame l\u00e9gu\u00e9 avec La cha\u00eene d\u2019or une grande le\u00e7on de [&hellip;]<\/p>\n","protected":false},"featured_media":43398,"template":"","meta":{"_acf_changed":false,"_genesis_hide_title":false,"_genesis_hide_breadcrumbs":false,"_genesis_hide_singular_image":false,"_genesis_hide_footer_widgets":false,"_genesis_custom_body_class":"","_genesis_custom_post_class":"","_genesis_layout":""},"product_brand":[],"product_cat":[7132,7174,7182],"product_tag":[],"class_list":{"0":"post-43400","1":"product","2":"type-product","3":"status-publish","4":"has-post-thumbnail","6":"product_cat-books","7":"product_cat-literature-en","8":"product_cat-novels-short-stories-en","9":"pa_auteur-kjellgren-josef-en","10":"pa_editeur-plein-chant-en","11":"pa_illustrateur-bouquet-philippe-en","12":"pa_langue-francais-en","13":"entry","15":"first","16":"outofstock","17":"shipping-taxable","18":"purchasable","19":"product-type-simple"},"acf":[],"_links":{"self":[{"href":"https:\/\/www.libraria-occitana.org\/en\/wp-json\/wp\/v2\/product\/43400","targetHints":{"allow":["GET"]}}],"collection":[{"href":"https:\/\/www.libraria-occitana.org\/en\/wp-json\/wp\/v2\/product"}],"about":[{"href":"https:\/\/www.libraria-occitana.org\/en\/wp-json\/wp\/v2\/types\/product"}],"wp:featuredmedia":[{"embeddable":true,"href":"https:\/\/www.libraria-occitana.org\/en\/wp-json\/wp\/v2\/media\/43398"}],"wp:attachment":[{"href":"https:\/\/www.libraria-occitana.org\/en\/wp-json\/wp\/v2\/media?parent=43400"}],"wp:term":[{"taxonomy":"product_brand","embeddable":true,"href":"https:\/\/www.libraria-occitana.org\/en\/wp-json\/wp\/v2\/product_brand?post=43400"},{"taxonomy":"product_cat","embeddable":true,"href":"https:\/\/www.libraria-occitana.org\/en\/wp-json\/wp\/v2\/product_cat?post=43400"},{"taxonomy":"product_tag","embeddable":true,"href":"https:\/\/www.libraria-occitana.org\/en\/wp-json\/wp\/v2\/product_tag?post=43400"}],"curies":[{"name":"wp","href":"https:\/\/api.w.org\/{rel}","templated":true}]}}