{"id":43429,"date":"1997-07-18T10:30:12","date_gmt":"1997-07-18T08:30:12","guid":{"rendered":"http:\/\/www.libraria-occitana.org\/?post_type=product&#038;p=43429"},"modified":"2025-03-09T00:26:08","modified_gmt":"2025-03-08T23:26:08","slug":"dans-la-petite-ville","status":"publish","type":"product","link":"https:\/\/www.libraria-occitana.org\/en\/product\/dans-la-petite-ville\/","title":{"rendered":"Dans la petite ville"},"content":{"rendered":"<p>\u00ab\u00a0Toutes les qualit\u00e9s des romans se trouvent condens\u00e9es dans le court espace d\u2019un r\u00e9cit de quelques pages. La m\u00eame sympathie, la m\u00eame tendresse s\u2019y font jour, avec une pointe d\u2019humour plus vive, surtout dans les nouvelles qui se passent \u00e0 C\u00e9rilly. La plupart sont des croquis vifs et alertes, peut-\u00eatre inspir\u00e9s des histoires que le sabotier racontait \u00e0 son fils pour le mettre au courant des derniers potins lorsque celui-ci revenait \u00e0 la maison\u00a0 familiale pour les vacances\u00a0\u00bb.<\/p>\n<p>\u00ab\u00a0Les nouvelles sont regroup\u00e9es par th\u00e8me\u00a0: le couple, l\u2019enfant dans la famille, la mort, la vie quotidienne\u2026 le tout forme un ensemble coh\u00e9rent, qui pr\u00e9sente les facettes gaies ou tristes de la vie de tous les jours\u00a0\u00bb, \u00e9crit Francine Masson.<\/p>\n<p>Philippe eut tout juste le temps de corriger les \u00e9preuves de ce recueil avant de mourir. <em>Dans la petite ville<\/em> est donc la derni\u00e8re \u0153uvre achev\u00e9e de ce grand qui disparut, en pleine possession de ses qualit\u00e9s, \u00e0 l\u2019\u00e2ge de trente-cinq ans.<\/p>\n<p>Pr\u00e9face de Francine Masson.<br \/>\nPortrait de Ch.-L. Philippe par Jean L\u00e9b\u00e9deff.<\/p>\n","protected":false},"excerpt":{"rendered":"<p>\u00ab\u00a0Toutes les qualit\u00e9s des romans se trouvent condens\u00e9es dans le court espace d\u2019un r\u00e9cit de quelques pages. La m\u00eame sympathie, la m\u00eame tendresse s\u2019y font jour, avec une pointe d\u2019humour plus vive, surtout dans les nouvelles qui se passent \u00e0 C\u00e9rilly. La plupart sont des croquis vifs et alertes, peut-\u00eatre inspir\u00e9s des histoires que le [&hellip;]<\/p>\n","protected":false},"featured_media":43427,"template":"","meta":{"_acf_changed":false,"_genesis_hide_title":false,"_genesis_hide_breadcrumbs":false,"_genesis_hide_singular_image":false,"_genesis_hide_footer_widgets":false,"_genesis_custom_body_class":"","_genesis_custom_post_class":"","_genesis_layout":""},"product_brand":[],"product_cat":[7132,7174,7182],"product_tag":[],"class_list":{"0":"post-43429","1":"product","2":"type-product","3":"status-publish","4":"has-post-thumbnail","6":"product_cat-books","7":"product_cat-literature-en","8":"product_cat-novels-short-stories-en","9":"pa_auteur-philippe-charles-louis-en","10":"pa_editeur-plein-chant-en","11":"pa_langue-francais-en","12":"entry","14":"first","15":"instock","16":"shipping-taxable","17":"purchasable","18":"product-type-simple"},"acf":[],"_links":{"self":[{"href":"https:\/\/www.libraria-occitana.org\/en\/wp-json\/wp\/v2\/product\/43429","targetHints":{"allow":["GET"]}}],"collection":[{"href":"https:\/\/www.libraria-occitana.org\/en\/wp-json\/wp\/v2\/product"}],"about":[{"href":"https:\/\/www.libraria-occitana.org\/en\/wp-json\/wp\/v2\/types\/product"}],"wp:featuredmedia":[{"embeddable":true,"href":"https:\/\/www.libraria-occitana.org\/en\/wp-json\/wp\/v2\/media\/43427"}],"wp:attachment":[{"href":"https:\/\/www.libraria-occitana.org\/en\/wp-json\/wp\/v2\/media?parent=43429"}],"wp:term":[{"taxonomy":"product_brand","embeddable":true,"href":"https:\/\/www.libraria-occitana.org\/en\/wp-json\/wp\/v2\/product_brand?post=43429"},{"taxonomy":"product_cat","embeddable":true,"href":"https:\/\/www.libraria-occitana.org\/en\/wp-json\/wp\/v2\/product_cat?post=43429"},{"taxonomy":"product_tag","embeddable":true,"href":"https:\/\/www.libraria-occitana.org\/en\/wp-json\/wp\/v2\/product_tag?post=43429"}],"curies":[{"name":"wp","href":"https:\/\/api.w.org\/{rel}","templated":true}]}}