{"id":43441,"date":"1990-07-18T10:49:42","date_gmt":"1990-07-18T08:49:42","guid":{"rendered":"http:\/\/www.libraria-occitana.org\/?post_type=product&#038;p=43441"},"modified":"2025-03-09T01:42:40","modified_gmt":"2025-03-09T00:42:40","slug":"petite-chronique-de-la-boue","status":"publish","type":"product","link":"https:\/\/www.libraria-occitana.org\/en\/product\/petite-chronique-de-la-boue\/","title":{"rendered":"Petite chronique de la boue"},"content":{"rendered":"<p>Fils, petits-fils et arri\u00e8re-petit-fils de paysans, Marius Nogu\u00e8s, n\u00e9 en 1919, a toujours v\u00e9cu dans le m\u00eame petit village gascon, Haget, entre Bigorre et Armagnac. Tout en travaillant la terre, il \u00e9crivit d\u2019abord des po\u00e8mes. C\u2019est en 1957, avec son premier livre en prose\u00a0: <em>Petite chronique de la boue<\/em>, qu\u2019il se fait conna\u00eetre sur le plan national.<\/p>\n<p>Des <em>Tableaux champ\u00eatres<\/em> de Guillaumin (1900) \u00e0 la <em>Petite chronique de la boue<\/em>, ce n\u2019est plus le m\u00eame paysan. Guillaumin esquissait cette r\u00e9volution agricole qu\u2019il souhaitait, comme devant all\u00e9ger le travail du paysan. L\u2019\u0153uvre de Nogu\u00e8s est l\u2019expression d\u2019un petit paysan d\u2019aujourd\u2019hui qui refuse la d\u00e9mission paysanne entra\u00een\u00e9e par tous les progressismes\u00a0: m\u00e9canisation, pesticides, rendement acc\u00e9l\u00e9r\u00e9, monoculture\u00a0; un petit paysan attach\u00e9 aux valeurs traditionnelles de la terre et qui t\u00e9moigne du bouleversement actuel du monde rural, du changement fondamental des techniques agricoles, voire du paysage et de la vie familiale.<\/p>\n<p>Pr\u00e9sentation de Michel Ragon.<\/p>\n","protected":false},"excerpt":{"rendered":"<p>Fils, petits-fils et arri\u00e8re-petit-fils de paysans, Marius Nogu\u00e8s, n\u00e9 en 1919, a toujours v\u00e9cu dans le m\u00eame petit village gascon, Haget, entre Bigorre et Armagnac. Tout en travaillant la terre, il \u00e9crivit d\u2019abord des po\u00e8mes. C\u2019est en 1957, avec son premier livre en prose\u00a0: Petite chronique de la boue, qu\u2019il se fait conna\u00eetre sur le [&hellip;]<\/p>\n","protected":false},"featured_media":43439,"template":"","meta":{"_acf_changed":false,"_genesis_hide_title":false,"_genesis_hide_breadcrumbs":false,"_genesis_hide_singular_image":false,"_genesis_hide_footer_widgets":false,"_genesis_custom_body_class":"","_genesis_custom_post_class":"","_genesis_layout":""},"product_brand":[],"product_cat":[7132,7174,7182],"product_tag":[],"class_list":{"0":"post-43441","1":"product","2":"type-product","3":"status-publish","4":"has-post-thumbnail","6":"product_cat-books","7":"product_cat-literature-en","8":"product_cat-novels-short-stories-en","9":"pa_auteur-nogues-marius-en","10":"pa_editeur-plein-chant-en","11":"pa_illustrateur-pertuze-en","12":"pa_langue-francais-en","13":"entry","15":"first","16":"instock","17":"shipping-taxable","18":"purchasable","19":"product-type-simple"},"acf":[],"_links":{"self":[{"href":"https:\/\/www.libraria-occitana.org\/en\/wp-json\/wp\/v2\/product\/43441","targetHints":{"allow":["GET"]}}],"collection":[{"href":"https:\/\/www.libraria-occitana.org\/en\/wp-json\/wp\/v2\/product"}],"about":[{"href":"https:\/\/www.libraria-occitana.org\/en\/wp-json\/wp\/v2\/types\/product"}],"wp:featuredmedia":[{"embeddable":true,"href":"https:\/\/www.libraria-occitana.org\/en\/wp-json\/wp\/v2\/media\/43439"}],"wp:attachment":[{"href":"https:\/\/www.libraria-occitana.org\/en\/wp-json\/wp\/v2\/media?parent=43441"}],"wp:term":[{"taxonomy":"product_brand","embeddable":true,"href":"https:\/\/www.libraria-occitana.org\/en\/wp-json\/wp\/v2\/product_brand?post=43441"},{"taxonomy":"product_cat","embeddable":true,"href":"https:\/\/www.libraria-occitana.org\/en\/wp-json\/wp\/v2\/product_cat?post=43441"},{"taxonomy":"product_tag","embeddable":true,"href":"https:\/\/www.libraria-occitana.org\/en\/wp-json\/wp\/v2\/product_tag?post=43441"}],"curies":[{"name":"wp","href":"https:\/\/api.w.org\/{rel}","templated":true}]}}