{"id":43458,"date":"1985-10-18T11:17:21","date_gmt":"1985-10-18T10:17:21","guid":{"rendered":"http:\/\/www.libraria-occitana.org\/?post_type=product&#038;p=43458"},"modified":"2025-03-09T00:16:17","modified_gmt":"2025-03-08T23:16:17","slug":"choses-et-gens-de-la-bure-et-du-borinage","status":"publish","type":"product","link":"https:\/\/www.libraria-occitana.org\/en\/product\/choses-et-gens-de-la-bure-et-du-borinage\/","title":{"rendered":"Choses et gens de la bure et du Borinage"},"content":{"rendered":"<p>On d\u00e9couvrira ou red\u00e9couvrira ici celui que Jacques Cordier appelle \u00ab\u00a0un autre Malva\u00a0\u00bb\u00a0: le conteur. C\u2019est en effet dans le genre bref du conte que ce dernier s\u2019est le plus souvent exprim\u00e9. C\u2019est que, \u00ab\u00a0plus observateur qu\u2019imaginatif\u00a0\u00bb, il puise son inspiration dans la r\u00e9alit\u00e9. Ne disait-il pas lui-m\u00eame que son seul souci \u00e9tait de rendre t\u00e9moignage\u00a0? On mesurera \u00e0 la lecture du pr\u00e9sent volume combien son \u0153uvre a toujours r\u00e9pondu \u00e0 ce souci et combien elle l\u2019a fait de fa\u00e7on poignante sans fioritures ni morale, et sans mis\u00e9rabilisme, dans un domaine qui pourtant s\u2019y pr\u00eaterait ais\u00e9ment. S\u2019il s\u2019agit de l\u2019univers de la mine (la bure), il nous est restitu\u00e9 dans toute sa tr\u00e9pidation et son tragique banalis\u00e9\u00a0; s\u2019il s\u2019agit de la vie de la surface, du Borinage, l\u2019observation de Malva nous la rend avec la nettet\u00e9 et la pr\u00e9cision d\u2019une ethnographie d\u2019o\u00f9 les sentiments vrais ne seraient pas absents.<br \/>\n\u00c0 l\u2019exception de quelques textes secondaires qui en d\u00e9passaient le cadre, le pr\u00e9sent recueil rassemble tous les r\u00e9cits dispers\u00e9s de Malva, introuvables ou in\u00e9dits. Avec la r\u00e9\u00e9dition conjointe de <em>Un mineur vous parle<\/em>, son \u0153uvre se trouve disponible dans sa quasi-totalit\u00e9. Puisse-t-on ainsi mieux red\u00e9couvrir ce t\u00e9moin exceptionnel, cet \u00e9crivain \u00ab\u00a0\u00e0 la voix unique et localement universelle\u00a0\u00bb.<\/p>\n","protected":false},"excerpt":{"rendered":"<p>On d\u00e9couvrira ou red\u00e9couvrira ici celui que Jacques Cordier appelle \u00ab\u00a0un autre Malva\u00a0\u00bb\u00a0: le conteur. C\u2019est en effet dans le genre bref du conte que ce dernier s\u2019est le plus souvent exprim\u00e9. C\u2019est que, \u00ab\u00a0plus observateur qu\u2019imaginatif\u00a0\u00bb, il puise son inspiration dans la r\u00e9alit\u00e9. Ne disait-il pas lui-m\u00eame que son seul souci \u00e9tait de rendre [&hellip;]<\/p>\n","protected":false},"featured_media":43456,"template":"","meta":{"_acf_changed":false,"_genesis_hide_title":false,"_genesis_hide_breadcrumbs":false,"_genesis_hide_singular_image":false,"_genesis_hide_footer_widgets":false,"_genesis_custom_body_class":"","_genesis_custom_post_class":"","_genesis_layout":""},"product_brand":[],"product_cat":[7132,7174,7182],"product_tag":[],"class_list":{"0":"post-43458","1":"product","2":"type-product","3":"status-publish","4":"has-post-thumbnail","6":"product_cat-books","7":"product_cat-literature-en","8":"product_cat-novels-short-stories-en","9":"pa_auteur-malva-constant-en","10":"pa_editeur-plein-chant-en","11":"pa_langue-francais-en","12":"entry","14":"first","15":"instock","16":"shipping-taxable","17":"purchasable","18":"product-type-simple"},"acf":[],"_links":{"self":[{"href":"https:\/\/www.libraria-occitana.org\/en\/wp-json\/wp\/v2\/product\/43458","targetHints":{"allow":["GET"]}}],"collection":[{"href":"https:\/\/www.libraria-occitana.org\/en\/wp-json\/wp\/v2\/product"}],"about":[{"href":"https:\/\/www.libraria-occitana.org\/en\/wp-json\/wp\/v2\/types\/product"}],"wp:featuredmedia":[{"embeddable":true,"href":"https:\/\/www.libraria-occitana.org\/en\/wp-json\/wp\/v2\/media\/43456"}],"wp:attachment":[{"href":"https:\/\/www.libraria-occitana.org\/en\/wp-json\/wp\/v2\/media?parent=43458"}],"wp:term":[{"taxonomy":"product_brand","embeddable":true,"href":"https:\/\/www.libraria-occitana.org\/en\/wp-json\/wp\/v2\/product_brand?post=43458"},{"taxonomy":"product_cat","embeddable":true,"href":"https:\/\/www.libraria-occitana.org\/en\/wp-json\/wp\/v2\/product_cat?post=43458"},{"taxonomy":"product_tag","embeddable":true,"href":"https:\/\/www.libraria-occitana.org\/en\/wp-json\/wp\/v2\/product_tag?post=43458"}],"curies":[{"name":"wp","href":"https:\/\/api.w.org\/{rel}","templated":true}]}}