{"id":43464,"date":"1985-11-18T11:24:30","date_gmt":"1985-11-18T10:24:30","guid":{"rendered":"http:\/\/www.libraria-occitana.org\/?post_type=product&#038;p=43464"},"modified":"2025-03-09T00:42:18","modified_gmt":"2025-03-08T23:42:18","slug":"grand-guignol-a-la-campagne","status":"publish","type":"product","link":"https:\/\/www.libraria-occitana.org\/en\/product\/grand-guignol-a-la-campagne\/","title":{"rendered":"Grand guignol \u00e0 la campagne"},"content":{"rendered":"<p>\u00ab Nogu\u00e8s a \u00e9t\u00e9 toute sa vie un petit paysan pauvre. Mais c\u2019est un paysan du soleil. Ce soleil donne \u00e0 son style sensualit\u00e9, humour, bonne humeur. Sa langue est drue, truculente. C\u2019est un conteur rustique, vif et concis. Pas de verbiage. Pas de mis\u00e9rabilisme. Il a m\u00eame le go\u00fbt de la farce. Son rire est brutal comme celui des contes m\u00e9di\u00e9vaux et comme nos vieux prosateurs, il excelle dans le burlesque, la parodie, la satire\u2026<br \/>\nL\u2019\u0153uvre de Nogu\u00e8s est l\u2019expression d\u2019un petit paysan d\u2019aujourd\u2019hui qui refuse la d\u00e9mission paysanne entra\u00een\u00e9e par tous les progressismes\u00a0: m\u00e9canisation, pesticides, rendement acc\u00e9l\u00e9r\u00e9, monoculture\u00a0; un petit paysan attach\u00e9 aux valeurs traditionnelles de la terre, qui refuse de couper ses haies et a longtemps h\u00e9sit\u00e9 \u00e0 acqu\u00e9rir un tracteur. Un \u00e9crivain qui t\u00e9moigne du bouleversement actuel du monde rural, du changement fondamental des techniques agricoles, voire du paysage. Un \u00e9crivain \u00e0 lire de toute urgence et que je vous souhaite d&#8217;aimer.\u00a0\u00bb \u2013 Michel Ragon.<\/p>\n<p>Nouvelle \u00e9dition revue et corrig\u00e9e.<br \/>\nPr\u00e9sentation d&#8217;Edmond Thomas.<\/p>\n","protected":false},"excerpt":{"rendered":"<p>\u00ab Nogu\u00e8s a \u00e9t\u00e9 toute sa vie un petit paysan pauvre. Mais c\u2019est un paysan du soleil. Ce soleil donne \u00e0 son style sensualit\u00e9, humour, bonne humeur. Sa langue est drue, truculente. C\u2019est un conteur rustique, vif et concis. Pas de verbiage. Pas de mis\u00e9rabilisme. Il a m\u00eame le go\u00fbt de la farce. Son rire [&hellip;]<\/p>\n","protected":false},"featured_media":43462,"template":"","meta":{"_acf_changed":false,"_genesis_hide_title":false,"_genesis_hide_breadcrumbs":false,"_genesis_hide_singular_image":false,"_genesis_hide_footer_widgets":false,"_genesis_custom_body_class":"","_genesis_custom_post_class":"","_genesis_layout":""},"product_brand":[],"product_cat":[7132,7174,7182],"product_tag":[],"class_list":{"0":"post-43464","1":"product","2":"type-product","3":"status-publish","4":"has-post-thumbnail","6":"product_cat-books","7":"product_cat-literature-en","8":"product_cat-novels-short-stories-en","9":"pa_auteur-nogues-marius-en","10":"pa_editeur-plein-chant-en","11":"pa_langue-francais-en","12":"entry","14":"first","15":"instock","16":"shipping-taxable","17":"purchasable","18":"product-type-simple"},"acf":[],"_links":{"self":[{"href":"https:\/\/www.libraria-occitana.org\/en\/wp-json\/wp\/v2\/product\/43464","targetHints":{"allow":["GET"]}}],"collection":[{"href":"https:\/\/www.libraria-occitana.org\/en\/wp-json\/wp\/v2\/product"}],"about":[{"href":"https:\/\/www.libraria-occitana.org\/en\/wp-json\/wp\/v2\/types\/product"}],"wp:featuredmedia":[{"embeddable":true,"href":"https:\/\/www.libraria-occitana.org\/en\/wp-json\/wp\/v2\/media\/43462"}],"wp:attachment":[{"href":"https:\/\/www.libraria-occitana.org\/en\/wp-json\/wp\/v2\/media?parent=43464"}],"wp:term":[{"taxonomy":"product_brand","embeddable":true,"href":"https:\/\/www.libraria-occitana.org\/en\/wp-json\/wp\/v2\/product_brand?post=43464"},{"taxonomy":"product_cat","embeddable":true,"href":"https:\/\/www.libraria-occitana.org\/en\/wp-json\/wp\/v2\/product_cat?post=43464"},{"taxonomy":"product_tag","embeddable":true,"href":"https:\/\/www.libraria-occitana.org\/en\/wp-json\/wp\/v2\/product_tag?post=43464"}],"curies":[{"name":"wp","href":"https:\/\/api.w.org\/{rel}","templated":true}]}}