{"id":43482,"date":"2017-10-18T11:49:56","date_gmt":"2017-10-18T09:49:56","guid":{"rendered":"http:\/\/www.libraria-occitana.org\/?post_type=product&#038;p=43482"},"modified":"2026-04-03T05:31:08","modified_gmt":"2026-04-03T03:31:08","slug":"e-los-leons-et-les-lions","status":"publish","type":"product","link":"https:\/\/www.libraria-occitana.org\/en\/product\/e-los-leons-et-les-lions\/","title":{"rendered":"&#8230; e los leons &#8211; \u2026 et les lions"},"content":{"rendered":"<p>Ce po\u00e8me est une libre adaptation de <em>Diotime et les lions<\/em> de Henry Bauchau.<\/p>\n<blockquote>\n<p>Avec mon grand-p\u00e8re, jusqu&#8217;\u00e0 la nuit,<br \/>\nnous traquerons la b\u00eate sauvage,<br \/>\net m\u00eame, nous la ferons sortir de sa tani\u00e8re,<br \/>\net nous d\u00e9busquerons le gibier<br \/>\net se tapir, et flairer&#8230;<br \/>\nEt de nouveau, galoper !<\/p>\n<\/blockquote>\n","protected":false},"excerpt":{"rendered":"<p>Ce po\u00e8me est une libre adaptation de Diotime et les lions de Henry Bauchau. Avec mon grand-p\u00e8re, jusqu&#8217;\u00e0 la nuit, nous traquerons la b\u00eate sauvage, et m\u00eame, nous la ferons sortir de sa tani\u00e8re, et nous d\u00e9busquerons le gibier et se tapir, et flairer&#8230; Et de nouveau, galoper !<\/p>\n","protected":false},"featured_media":43480,"template":"","meta":{"_acf_changed":false,"_genesis_hide_title":false,"_genesis_hide_breadcrumbs":false,"_genesis_hide_singular_image":false,"_genesis_hide_footer_widgets":false,"_genesis_custom_body_class":"","_genesis_custom_post_class":"","_genesis_layout":""},"product_brand":[],"product_cat":[7132,7174,7180],"product_tag":[],"class_list":{"0":"post-43482","1":"product","2":"type-product","3":"status-publish","4":"has-post-thumbnail","6":"product_cat-books","7":"product_cat-literature-en","8":"product_cat-poetry-en","9":"pa_auteur-cavalie-laurent-en","10":"pa_editeur-lauceu-libre-en","11":"pa_langue-occitan-lengadocian-en","12":"pa_langue-occitan-francais-en","13":"entry","15":"first","16":"instock","17":"shipping-taxable","18":"purchasable","19":"product-type-simple"},"acf":[],"_links":{"self":[{"href":"https:\/\/www.libraria-occitana.org\/en\/wp-json\/wp\/v2\/product\/43482","targetHints":{"allow":["GET"]}}],"collection":[{"href":"https:\/\/www.libraria-occitana.org\/en\/wp-json\/wp\/v2\/product"}],"about":[{"href":"https:\/\/www.libraria-occitana.org\/en\/wp-json\/wp\/v2\/types\/product"}],"wp:featuredmedia":[{"embeddable":true,"href":"https:\/\/www.libraria-occitana.org\/en\/wp-json\/wp\/v2\/media\/43480"}],"wp:attachment":[{"href":"https:\/\/www.libraria-occitana.org\/en\/wp-json\/wp\/v2\/media?parent=43482"}],"wp:term":[{"taxonomy":"product_brand","embeddable":true,"href":"https:\/\/www.libraria-occitana.org\/en\/wp-json\/wp\/v2\/product_brand?post=43482"},{"taxonomy":"product_cat","embeddable":true,"href":"https:\/\/www.libraria-occitana.org\/en\/wp-json\/wp\/v2\/product_cat?post=43482"},{"taxonomy":"product_tag","embeddable":true,"href":"https:\/\/www.libraria-occitana.org\/en\/wp-json\/wp\/v2\/product_tag?post=43482"}],"curies":[{"name":"wp","href":"https:\/\/api.w.org\/{rel}","templated":true}]}}