{"id":43494,"date":"2014-05-18T13:40:37","date_gmt":"2014-05-18T11:40:37","guid":{"rendered":"http:\/\/www.libraria-occitana.org\/?post_type=product&#038;p=43494"},"modified":"2026-04-29T06:46:31","modified_gmt":"2026-04-29T04:46:31","slug":"raconte-de-prouvenco-contes-et-recits-de-provence","status":"publish","type":"product","link":"https:\/\/www.libraria-occitana.org\/en\/product\/raconte-de-prouvenco-contes-et-recits-de-provence\/","title":{"rendered":"Raconte de Prouv\u00e8n\u00e7o &#8211; Contes et r\u00e9cits de Provence"},"content":{"rendered":"<p>En occitan proven\u00e7al graphie mistralienne accompagn\u00e9 d&#8217;une traduction fran\u00e7aise en suivant.<\/p>\n<p>Un seul coup d\u2019\u0153il \u00e0 ce sommaire suffira \u00e0 relever le triple m\u00e9rite du recueil de Mireille Couston et Jean-Michel Jausseran\u00a0: il pr\u00e9sente un panel repr\u00e9sentatif du genre concern\u00e9, il est une mise en bouche cuisin\u00e9e avec art et dont les morceaux ont \u00e9t\u00e9 savamment choisis, mais aussi et surtout il est la preuve irr\u00e9futable qu\u2019il existe bel et bien dans son \u00eatre, \u00e0 sa fa\u00e7on, avec ses sp\u00e9cificit\u00e9s, avec ses joies irrempla\u00e7ables, et sans toujours porter le poids d\u2019une comparaison h\u00e9las trop syst\u00e9matique avec la litt\u00e9rature fran\u00e7aise, une prose proven\u00e7ale !<\/p>\n<p style=\"text-align: right;\">Emmanuel Desiles<\/p>\n<p>Avec des textes de Joseph d&#8217;Arbaud, Andr\u00e9 Aries, Folco de Baroncelli-Javon, Louis Bayle, L\u00e9on de Berluc-P\u00e9russis, Val\u00e8re Bernard, Jean Bessat, Philippe Blanchet, Baptiste Bonnet, Henri Canetto, Michel Courty, Andr\u00e9 Degioanni, Max-Philippe Delavouet, Henriette Dibon, Marc Dumas, Bruno Durand, Charles Galtier, Bernard Giely, F\u00e9lix Gras, Yves Humann, Fran\u00e7ois Jouve, Elz\u00e9ar Jouveau, Marius Jouveau, Ren\u00e9 Jouveau, \u00c9douard Marrel, Fr\u00e9d\u00e9ric Mistral, Charles Rieu, Joseph Roumanille, Raymond Tallet, Jean-Pierre Tennevin.<\/p>\n<p><a href=\"http:\/\/www.libraria-occitana.org\/produit\/raconte-meravihous-de-prouvenco-contes-merveilleux-de-provence\/\"><em>Raconte meravihous de Prouv\u00e8n\u00e7o &#8211; Contes merveilleux de Provence<\/em><\/a><\/p>\n","protected":false},"excerpt":{"rendered":"<p>En occitan proven\u00e7al graphie mistralienne accompagn\u00e9 d&#8217;une traduction fran\u00e7aise en suivant. Un seul coup d\u2019\u0153il \u00e0 ce sommaire suffira \u00e0 relever le triple m\u00e9rite du recueil de Mireille Couston et Jean-Michel Jausseran\u00a0: il pr\u00e9sente un panel repr\u00e9sentatif du genre concern\u00e9, il est une mise en bouche cuisin\u00e9e avec art et dont les morceaux ont \u00e9t\u00e9 [&hellip;]<\/p>\n","protected":false},"featured_media":43492,"template":"","meta":{"_acf_changed":false,"_genesis_hide_title":false,"_genesis_hide_breadcrumbs":false,"_genesis_hide_singular_image":false,"_genesis_hide_footer_widgets":false,"_genesis_custom_body_class":"","_genesis_custom_post_class":"","_genesis_layout":""},"product_brand":[],"product_cat":[7132,7174,7182,7176],"product_tag":[],"class_list":{"0":"post-43494","1":"product","2":"type-product","3":"status-publish","4":"has-post-thumbnail","6":"product_cat-books","7":"product_cat-literature-en","8":"product_cat-novels-short-stories-en","9":"product_cat-tales-fables-en","10":"pa_auteur-couston-mireille-en","11":"pa_auteur-jausseran-jean-michel-en","12":"pa_editeur-lauceu-libre-en","13":"pa_illustrateur-braun-mina-en","14":"pa_langue-occitan-provencau-en","15":"pa_langue-occitan-francais-en","16":"entry","18":"first","19":"outofstock","20":"shipping-taxable","21":"purchasable","22":"product-type-simple"},"acf":[],"_links":{"self":[{"href":"https:\/\/www.libraria-occitana.org\/en\/wp-json\/wp\/v2\/product\/43494","targetHints":{"allow":["GET"]}}],"collection":[{"href":"https:\/\/www.libraria-occitana.org\/en\/wp-json\/wp\/v2\/product"}],"about":[{"href":"https:\/\/www.libraria-occitana.org\/en\/wp-json\/wp\/v2\/types\/product"}],"wp:featuredmedia":[{"embeddable":true,"href":"https:\/\/www.libraria-occitana.org\/en\/wp-json\/wp\/v2\/media\/43492"}],"wp:attachment":[{"href":"https:\/\/www.libraria-occitana.org\/en\/wp-json\/wp\/v2\/media?parent=43494"}],"wp:term":[{"taxonomy":"product_brand","embeddable":true,"href":"https:\/\/www.libraria-occitana.org\/en\/wp-json\/wp\/v2\/product_brand?post=43494"},{"taxonomy":"product_cat","embeddable":true,"href":"https:\/\/www.libraria-occitana.org\/en\/wp-json\/wp\/v2\/product_cat?post=43494"},{"taxonomy":"product_tag","embeddable":true,"href":"https:\/\/www.libraria-occitana.org\/en\/wp-json\/wp\/v2\/product_tag?post=43494"}],"curies":[{"name":"wp","href":"https:\/\/api.w.org\/{rel}","templated":true}]}}