{"id":43523,"date":"2018-05-18T14:41:24","date_gmt":"2018-05-18T12:41:24","guid":{"rendered":"http:\/\/www.libraria-occitana.org\/?post_type=product&#038;p=43523"},"modified":"2026-04-09T00:36:06","modified_gmt":"2026-04-08T22:36:06","slug":"li-piado-dou-matin-les-traces-du-matin","status":"publish","type":"product","link":"https:\/\/www.libraria-occitana.org\/en\/product\/li-piado-dou-matin-les-traces-du-matin\/","title":{"rendered":"Li piado d\u00f3u matin &#8211; Les traces du matin"},"content":{"rendered":"<p>En proven\u00e7al graphie mistralienne avec la traduction fran\u00e7aise en dessous.<\/p>\n<p>Si \u00e9crire, c\u2019est aussi, et sans doute d\u2019abord, d\u00e9couvrir (ou red\u00e9couvrir) une langue, en tout cas une parole, cette exp\u00e9rience, \u00e0 la fois rare et quotidienne, ne laisse rien, ou presque rien, dans l\u2019\u00e9tat o\u00f9 on l\u2019avait trouv\u00e9. Les choses, les \u00eatres et le monde tout entier en ressortent boulevers\u00e9s. Et les mots d\u2019avant, pass\u00e9s au tamis si redoutable des jours et des nuits, en deviennent diff\u00e9rents, plus lumineux, plus sombres aussi parfois.<\/p>\n<p style=\"text-align: right;\">Philippe Gardy<\/p>\n","protected":false},"excerpt":{"rendered":"<p>En proven\u00e7al graphie mistralienne avec la traduction fran\u00e7aise en dessous. Si \u00e9crire, c\u2019est aussi, et sans doute d\u2019abord, d\u00e9couvrir (ou red\u00e9couvrir) une langue, en tout cas une parole, cette exp\u00e9rience, \u00e0 la fois rare et quotidienne, ne laisse rien, ou presque rien, dans l\u2019\u00e9tat o\u00f9 on l\u2019avait trouv\u00e9. Les choses, les \u00eatres et le monde [&hellip;]<\/p>\n","protected":false},"featured_media":52389,"template":"","meta":{"_acf_changed":false,"_genesis_hide_title":false,"_genesis_hide_breadcrumbs":false,"_genesis_hide_singular_image":false,"_genesis_hide_footer_widgets":false,"_genesis_custom_body_class":"","_genesis_custom_post_class":"","_genesis_layout":""},"product_brand":[],"product_cat":[7132,7174,7180],"product_tag":[],"class_list":{"0":"post-43523","1":"product","2":"type-product","3":"status-publish","4":"has-post-thumbnail","6":"product_cat-books","7":"product_cat-literature-en","8":"product_cat-poetry-en","9":"pa_auteur-ceccarini-estelle-en","10":"pa_editeur-lauceu-libre-en","11":"pa_illustrateur-lacovo-ludovic-en","12":"pa_langue-occitan-provencau-en","13":"pa_langue-occitan-francais-en","14":"entry","16":"first","17":"instock","18":"shipping-taxable","19":"purchasable","20":"product-type-simple"},"acf":[],"_links":{"self":[{"href":"https:\/\/www.libraria-occitana.org\/en\/wp-json\/wp\/v2\/product\/43523","targetHints":{"allow":["GET"]}}],"collection":[{"href":"https:\/\/www.libraria-occitana.org\/en\/wp-json\/wp\/v2\/product"}],"about":[{"href":"https:\/\/www.libraria-occitana.org\/en\/wp-json\/wp\/v2\/types\/product"}],"wp:featuredmedia":[{"embeddable":true,"href":"https:\/\/www.libraria-occitana.org\/en\/wp-json\/wp\/v2\/media\/52389"}],"wp:attachment":[{"href":"https:\/\/www.libraria-occitana.org\/en\/wp-json\/wp\/v2\/media?parent=43523"}],"wp:term":[{"taxonomy":"product_brand","embeddable":true,"href":"https:\/\/www.libraria-occitana.org\/en\/wp-json\/wp\/v2\/product_brand?post=43523"},{"taxonomy":"product_cat","embeddable":true,"href":"https:\/\/www.libraria-occitana.org\/en\/wp-json\/wp\/v2\/product_cat?post=43523"},{"taxonomy":"product_tag","embeddable":true,"href":"https:\/\/www.libraria-occitana.org\/en\/wp-json\/wp\/v2\/product_tag?post=43523"}],"curies":[{"name":"wp","href":"https:\/\/api.w.org\/{rel}","templated":true}]}}