{"id":43553,"date":"2015-01-18T15:31:07","date_gmt":"2015-01-18T14:31:07","guid":{"rendered":"http:\/\/www.libraria-occitana.org\/?post_type=product&#038;p=43553"},"modified":"2026-04-29T01:01:24","modified_gmt":"2026-04-28T23:01:24","slug":"nimesencas-de-nimes","status":"publish","type":"product","link":"https:\/\/www.libraria-occitana.org\/en\/product\/nimesencas-de-nimes\/","title":{"rendered":"Nimesencas &#8211; De N\u00eemes"},"content":{"rendered":"<p>Voil\u00e0 N\u00eemes. Quelques images qui sont \u00e0 la fois des instantan\u00e9s, de menues choses arrach\u00e9es \u00e0 la fuite du temps et des sc\u00e8nes de l&#8217;int\u00e9rieur le plus profond, longuement et patiemment caress\u00e9es et m\u00fbries, dans le silence effrayant des jours et des ann\u00e9es, et remont\u00e9es comme des cadavres ou des cr\u00e9atures \u00e9blouissantes de leur beaut\u00e9 presque intemporelle, hors de cette eau \u00e0 la fois toujours mouvante et \u00e0 jamais immobile qu&#8217;est notre vie.<\/p>\n","protected":false},"excerpt":{"rendered":"<p>Voil\u00e0 N\u00eemes. Quelques images qui sont \u00e0 la fois des instantan\u00e9s, de menues choses arrach\u00e9es \u00e0 la fuite du temps et des sc\u00e8nes de l&#8217;int\u00e9rieur le plus profond, longuement et patiemment caress\u00e9es et m\u00fbries, dans le silence effrayant des jours et des ann\u00e9es, et remont\u00e9es comme des cadavres ou des cr\u00e9atures \u00e9blouissantes de leur beaut\u00e9 [&hellip;]<\/p>\n","protected":false},"featured_media":43551,"template":"","meta":{"_acf_changed":false,"_genesis_hide_title":false,"_genesis_hide_breadcrumbs":false,"_genesis_hide_singular_image":false,"_genesis_hide_footer_widgets":false,"_genesis_custom_body_class":"","_genesis_custom_post_class":"","_genesis_layout":""},"product_brand":[],"product_cat":[7132,7174,7180],"product_tag":[],"class_list":{"0":"post-43553","1":"product","2":"type-product","3":"status-publish","4":"has-post-thumbnail","6":"product_cat-books","7":"product_cat-literature-en","8":"product_cat-poetry-en","9":"pa_auteur-gardy-philippe-en","10":"pa_editeur-lauceu-libre-en","11":"pa_illustrateur-foret-jean-claude-en","12":"pa_langue-occitan-provencau-en","13":"pa_langue-occitan-francais-en","14":"entry","16":"first","17":"outofstock","18":"shipping-taxable","19":"purchasable","20":"product-type-simple"},"acf":[],"_links":{"self":[{"href":"https:\/\/www.libraria-occitana.org\/en\/wp-json\/wp\/v2\/product\/43553","targetHints":{"allow":["GET"]}}],"collection":[{"href":"https:\/\/www.libraria-occitana.org\/en\/wp-json\/wp\/v2\/product"}],"about":[{"href":"https:\/\/www.libraria-occitana.org\/en\/wp-json\/wp\/v2\/types\/product"}],"wp:featuredmedia":[{"embeddable":true,"href":"https:\/\/www.libraria-occitana.org\/en\/wp-json\/wp\/v2\/media\/43551"}],"wp:attachment":[{"href":"https:\/\/www.libraria-occitana.org\/en\/wp-json\/wp\/v2\/media?parent=43553"}],"wp:term":[{"taxonomy":"product_brand","embeddable":true,"href":"https:\/\/www.libraria-occitana.org\/en\/wp-json\/wp\/v2\/product_brand?post=43553"},{"taxonomy":"product_cat","embeddable":true,"href":"https:\/\/www.libraria-occitana.org\/en\/wp-json\/wp\/v2\/product_cat?post=43553"},{"taxonomy":"product_tag","embeddable":true,"href":"https:\/\/www.libraria-occitana.org\/en\/wp-json\/wp\/v2\/product_tag?post=43553"}],"curies":[{"name":"wp","href":"https:\/\/api.w.org\/{rel}","templated":true}]}}