{"id":43565,"date":"2016-06-18T16:03:43","date_gmt":"2016-06-18T14:03:43","guid":{"rendered":"http:\/\/www.libraria-occitana.org\/?post_type=product&#038;p=43565"},"modified":"2025-03-09T00:18:15","modified_gmt":"2025-03-08T23:18:15","slug":"contes-farouches","status":"publish","type":"product","link":"https:\/\/www.libraria-occitana.org\/en\/product\/contes-farouches\/","title":{"rendered":"Contes farouches"},"content":{"rendered":"<p>Personne n\u2019a parl\u00e9 de la mis\u00e8re comme Neel Doff\u00a0: ce livre la fera d\u00e9couvrir dans les diff\u00e9rents registres qu\u2019elle utilisa \u00e0 travers toute son \u0153uvre pour exorciser son insoutenable enfance\u00a0: on y trouvera des \u00e9chos et des prolongements \u00e0 ses r\u00e9cits autobiographiques dans <em>Le Grelotteux<\/em>, <em>J\u2019entre en condition, Un lapin<\/em>\u00a0; on aura de tr\u00e8s beaux exemples de son talent de romanci\u00e8re avec <em>Stientje<\/em> et <em>Abn\u00e9gation<\/em>, longues nouvelles o\u00f9 le tragique de l\u2019intrigue a pour d\u00e9cor un quotidien rude et \u00e2pre restitu\u00e9 avec une minutie d\u2019ethnographe\u00a0; <em>Le lupanar<\/em> r\u00e9v\u00e9lera une fulgurante conteuse\u00a0; <em>Un soir Mina m\u2019emmena<\/em>, l\u2019observatrice amus\u00e9e des \u00ab mauvais lieux \u00bb ; Maria, pr\u00e9sentera au lecteur la \u00ab bonne dame \u00bb que fut Neel Doff dans la partie heureuse de sa vie. Enfin, <em>Lyse d\u2019Adelmond<\/em>, conte \u00e9nigmatique tr\u00e8s diff\u00e9rent des autres, d\u00e9voilera en filigrane ce qui, malgr\u00e9 l\u2019acquisition d\u2019une certaine aisance, la hantera tout au long de son existence\u00a0: la mis\u00e8re, mais aussi la puissance de l\u2019argent, la domination masculine, la force des sentiments. Ce livre fut le second qu\u2019elle publia\u00a0: on remarquera combien son style est \u00e9tonnamment libre et direct et combien il continue \u00e0 nous toucher profond\u00e9ment, plus d\u2019un si\u00e8cle apr\u00e8s la parution de l\u2019ouvrage.<\/p>\n","protected":false},"excerpt":{"rendered":"<p>Personne n\u2019a parl\u00e9 de la mis\u00e8re comme Neel Doff\u00a0: ce livre la fera d\u00e9couvrir dans les diff\u00e9rents registres qu\u2019elle utilisa \u00e0 travers toute son \u0153uvre pour exorciser son insoutenable enfance\u00a0: on y trouvera des \u00e9chos et des prolongements \u00e0 ses r\u00e9cits autobiographiques dans Le Grelotteux, J\u2019entre en condition, Un lapin\u00a0; on aura de tr\u00e8s beaux [&hellip;]<\/p>\n","protected":false},"featured_media":43563,"template":"","meta":{"_acf_changed":false,"_genesis_hide_title":false,"_genesis_hide_breadcrumbs":false,"_genesis_hide_singular_image":false,"_genesis_hide_footer_widgets":false,"_genesis_custom_body_class":"","_genesis_custom_post_class":"","_genesis_layout":""},"product_brand":[],"product_cat":[7132,7174,7176],"product_tag":[],"class_list":{"0":"post-43565","1":"product","2":"type-product","3":"status-publish","4":"has-post-thumbnail","6":"product_cat-books","7":"product_cat-literature-en","8":"product_cat-tales-fables-en","9":"pa_auteur-doff-neel-en","10":"pa_editeur-plein-chant-en","11":"pa_langue-francais-en","12":"entry","14":"first","15":"outofstock","16":"shipping-taxable","17":"purchasable","18":"product-type-simple"},"acf":[],"_links":{"self":[{"href":"https:\/\/www.libraria-occitana.org\/en\/wp-json\/wp\/v2\/product\/43565","targetHints":{"allow":["GET"]}}],"collection":[{"href":"https:\/\/www.libraria-occitana.org\/en\/wp-json\/wp\/v2\/product"}],"about":[{"href":"https:\/\/www.libraria-occitana.org\/en\/wp-json\/wp\/v2\/types\/product"}],"wp:featuredmedia":[{"embeddable":true,"href":"https:\/\/www.libraria-occitana.org\/en\/wp-json\/wp\/v2\/media\/43563"}],"wp:attachment":[{"href":"https:\/\/www.libraria-occitana.org\/en\/wp-json\/wp\/v2\/media?parent=43565"}],"wp:term":[{"taxonomy":"product_brand","embeddable":true,"href":"https:\/\/www.libraria-occitana.org\/en\/wp-json\/wp\/v2\/product_brand?post=43565"},{"taxonomy":"product_cat","embeddable":true,"href":"https:\/\/www.libraria-occitana.org\/en\/wp-json\/wp\/v2\/product_cat?post=43565"},{"taxonomy":"product_tag","embeddable":true,"href":"https:\/\/www.libraria-occitana.org\/en\/wp-json\/wp\/v2\/product_tag?post=43565"}],"curies":[{"name":"wp","href":"https:\/\/api.w.org\/{rel}","templated":true}]}}