{"id":43571,"date":"1987-07-18T16:11:13","date_gmt":"1987-07-18T14:11:13","guid":{"rendered":"http:\/\/www.libraria-occitana.org\/?post_type=product&#038;p=43571"},"modified":"2025-03-09T01:16:42","modified_gmt":"2025-03-09T00:16:42","slug":"les-grottes","status":"publish","type":"product","link":"https:\/\/www.libraria-occitana.org\/en\/product\/les-grottes\/","title":{"rendered":"Les Grottes"},"content":{"rendered":"<p>Une mine de fer sous le soleil de minuit \u2013 et la canicule \u2013 tel est le milieu un peu inattendu de ce roman qui fuit tous les poncifs, y compris celui d\u2019une intrigue tr\u00e8s nettement d\u00e9finie. L\u2019arriv\u00e9e d\u2019un \u00e9tranger sert de moyen d\u2019exploration d\u2019une r\u00e9alit\u00e9 sociale et humaine assez surprenante pour les lecteurs fran\u00e7ais nourris de clich\u00e9s sur \u00ab la Su\u00e8de ripolin\u00e9e \u00bb. Bon nombre de mythes \u2013 \u00e0 commencer par celui de la solidarit\u00e9 ouvri\u00e8re \u2013 sont balay\u00e9s par un regard impitoyable. Mais l\u2019\u00eatre humain retrouve, lui, toute son \u00e9paisseur et toute son ambigu\u00eft\u00e9 \u2013 m\u00eame dans sa mis\u00e8re physique ou morale. De ce livre des refus se d\u00e9gage donc une seule exigence, mais d\u2019autant plus br\u00fblante : celle de la dignit\u00e9 humaine.<\/p>\n","protected":false},"excerpt":{"rendered":"<p>Une mine de fer sous le soleil de minuit \u2013 et la canicule \u2013 tel est le milieu un peu inattendu de ce roman qui fuit tous les poncifs, y compris celui d\u2019une intrigue tr\u00e8s nettement d\u00e9finie. L\u2019arriv\u00e9e d\u2019un \u00e9tranger sert de moyen d\u2019exploration d\u2019une r\u00e9alit\u00e9 sociale et humaine assez surprenante pour les lecteurs fran\u00e7ais [&hellip;]<\/p>\n","protected":false},"featured_media":43569,"template":"","meta":{"_acf_changed":false,"_genesis_hide_title":false,"_genesis_hide_breadcrumbs":false,"_genesis_hide_singular_image":false,"_genesis_hide_footer_widgets":false,"_genesis_custom_body_class":"","_genesis_custom_post_class":"","_genesis_layout":""},"product_brand":[],"product_cat":[7132,7174,7182],"product_tag":[],"class_list":{"0":"post-43571","1":"product","2":"type-product","3":"status-publish","4":"has-post-thumbnail","6":"product_cat-books","7":"product_cat-literature-en","8":"product_cat-novels-short-stories-en","9":"pa_auteur-salomonson-kurt-en","10":"pa_editeur-plein-chant-en","11":"pa_illustrateur-bouquet-philippe-en","12":"pa_langue-francais-en","13":"entry","15":"first","16":"instock","17":"shipping-taxable","18":"purchasable","19":"product-type-simple"},"acf":[],"_links":{"self":[{"href":"https:\/\/www.libraria-occitana.org\/en\/wp-json\/wp\/v2\/product\/43571","targetHints":{"allow":["GET"]}}],"collection":[{"href":"https:\/\/www.libraria-occitana.org\/en\/wp-json\/wp\/v2\/product"}],"about":[{"href":"https:\/\/www.libraria-occitana.org\/en\/wp-json\/wp\/v2\/types\/product"}],"wp:featuredmedia":[{"embeddable":true,"href":"https:\/\/www.libraria-occitana.org\/en\/wp-json\/wp\/v2\/media\/43569"}],"wp:attachment":[{"href":"https:\/\/www.libraria-occitana.org\/en\/wp-json\/wp\/v2\/media?parent=43571"}],"wp:term":[{"taxonomy":"product_brand","embeddable":true,"href":"https:\/\/www.libraria-occitana.org\/en\/wp-json\/wp\/v2\/product_brand?post=43571"},{"taxonomy":"product_cat","embeddable":true,"href":"https:\/\/www.libraria-occitana.org\/en\/wp-json\/wp\/v2\/product_cat?post=43571"},{"taxonomy":"product_tag","embeddable":true,"href":"https:\/\/www.libraria-occitana.org\/en\/wp-json\/wp\/v2\/product_tag?post=43571"}],"curies":[{"name":"wp","href":"https:\/\/api.w.org\/{rel}","templated":true}]}}