{"id":43577,"date":"1985-10-18T16:17:32","date_gmt":"1985-10-18T15:17:32","guid":{"rendered":"http:\/\/www.libraria-occitana.org\/?post_type=product&#038;p=43577"},"modified":"2025-03-09T01:18:44","modified_gmt":"2025-03-09T00:18:44","slug":"litterature-proletarienne-en-wallonie-chronique-recits","status":"publish","type":"product","link":"https:\/\/www.libraria-occitana.org\/en\/product\/litterature-proletarienne-en-wallonie-chronique-recits\/","title":{"rendered":"Litt\u00e9rature prol\u00e9tarienne en Wallonie : Chronique &#038; r\u00e9cits"},"content":{"rendered":"<p>Ce livre se divise en deux parties : la premi\u00e8re pr\u00e9sente, \u00e0 travers l\u2019exposition de courants de pens\u00e9es, d\u2019activit\u00e9s culturelles (comme le \u00ab th\u00e9\u00e2tre prol\u00e9tarien \u00bb), d\u2019\u00e9v\u00e9nements et de d\u00e9bats politiques, de revues, l\u2019histoire d\u2019un mouvement litt\u00e9raire qui prit naissance dans cette r\u00e9gion de la Belgique voici une soixantaine d\u2019ann\u00e9es. Elle est due \u00e0 Jacques Cordier, et \u00e0 Vital Broutout (pour l\u2019\u00e9vocation du <em>Mus\u00e9e du Soir<\/em> qui devait clore cette histoire dans les ann\u00e9es 60).<\/p>\n<p>La seconde partie recueille les r\u00e9cits de deux travailleurs du fond de la mine : ceux d\u2019Hector Clara mettent en sc\u00e8ne le sort des chevaux de mine autrefois sacrifi\u00e9s \u00e0 la production charbonni\u00e8re ; ceux de Charles Nisolle constituent sans doute l\u2019\u0153uvre compl\u00e8te d\u2019un \u00e9crivain incisif et violent, proche parfois du meilleur Malva \u2013 ce qui constitue sans doute le plus bel \u00e9loge qu\u2019on puisse lui adresser.<\/p>\n<p>Ces r\u00e9cits sont ici r\u00e9unis pour la premi\u00e8re fois en volume.<\/p>\n","protected":false},"excerpt":{"rendered":"<p>Ce livre se divise en deux parties : la premi\u00e8re pr\u00e9sente, \u00e0 travers l\u2019exposition de courants de pens\u00e9es, d\u2019activit\u00e9s culturelles (comme le \u00ab th\u00e9\u00e2tre prol\u00e9tarien \u00bb), d\u2019\u00e9v\u00e9nements et de d\u00e9bats politiques, de revues, l\u2019histoire d\u2019un mouvement litt\u00e9raire qui prit naissance dans cette r\u00e9gion de la Belgique voici une soixantaine d\u2019ann\u00e9es. Elle est due \u00e0 Jacques [&hellip;]<\/p>\n","protected":false},"featured_media":43575,"template":"","meta":{"_acf_changed":false,"_genesis_hide_title":false,"_genesis_hide_breadcrumbs":false,"_genesis_hide_singular_image":false,"_genesis_hide_footer_widgets":false,"_genesis_custom_body_class":"","_genesis_custom_post_class":"","_genesis_layout":""},"product_brand":[],"product_cat":[7188,7132,7174,7186],"product_tag":[],"class_list":{"0":"post-43577","1":"product","2":"type-product","3":"status-publish","4":"has-post-thumbnail","6":"product_cat-arts-studies-en","7":"product_cat-books","8":"product_cat-literature-en","9":"product_cat-personal-narratives-memoirs-en","10":"pa_auteur-broutout-vital-en","11":"pa_auteur-clara-hector-en","12":"pa_auteur-cordier-jacques-en","13":"pa_auteur-nisolle-charles-en","14":"pa_editeur-plein-chant-en","15":"pa_langue-francais-en","16":"entry","18":"first","19":"instock","20":"shipping-taxable","21":"purchasable","22":"product-type-simple"},"acf":[],"_links":{"self":[{"href":"https:\/\/www.libraria-occitana.org\/en\/wp-json\/wp\/v2\/product\/43577","targetHints":{"allow":["GET"]}}],"collection":[{"href":"https:\/\/www.libraria-occitana.org\/en\/wp-json\/wp\/v2\/product"}],"about":[{"href":"https:\/\/www.libraria-occitana.org\/en\/wp-json\/wp\/v2\/types\/product"}],"wp:featuredmedia":[{"embeddable":true,"href":"https:\/\/www.libraria-occitana.org\/en\/wp-json\/wp\/v2\/media\/43575"}],"wp:attachment":[{"href":"https:\/\/www.libraria-occitana.org\/en\/wp-json\/wp\/v2\/media?parent=43577"}],"wp:term":[{"taxonomy":"product_brand","embeddable":true,"href":"https:\/\/www.libraria-occitana.org\/en\/wp-json\/wp\/v2\/product_brand?post=43577"},{"taxonomy":"product_cat","embeddable":true,"href":"https:\/\/www.libraria-occitana.org\/en\/wp-json\/wp\/v2\/product_cat?post=43577"},{"taxonomy":"product_tag","embeddable":true,"href":"https:\/\/www.libraria-occitana.org\/en\/wp-json\/wp\/v2\/product_tag?post=43577"}],"curies":[{"name":"wp","href":"https:\/\/api.w.org\/{rel}","templated":true}]}}