{"id":43595,"date":"2012-09-18T16:46:17","date_gmt":"2012-09-18T14:46:17","guid":{"rendered":"http:\/\/www.libraria-occitana.org\/?post_type=product&#038;p=43595"},"modified":"2026-04-24T23:36:06","modified_gmt":"2026-04-24T21:36:06","slug":"los-tres-gojats-de-bordavielha","status":"publish","type":"product","link":"https:\/\/www.libraria-occitana.org\/en\/product\/los-tres-gojats-de-bordavielha\/","title":{"rendered":"Los tres gojats de b\u00f2rdavielha"},"content":{"rendered":"<p>La vita de cada dia d&#8217;ua familha bearnesa de las capuladas, drin abans la revolucion de 1848. La situacion de l&#8217;ainat e deus capd\u00e8ths a l&#8217;arribada deu dret franc\u00e9s esvalisaire de las tradicions e deus F\u00f2rs de Bearn. Las pelejas enter monarquistas e republicans. Ua sintaxi autentica, ua lenga rica. Tot aquer\u00f2 que h\u00e8 d&#8217;aqueth roman un ut\u00eds e un document de cultura occitana de purm\u00e8ra valor.<\/p>\n","protected":false},"excerpt":{"rendered":"<p>La vita de cada dia d&#8217;ua familha bearnesa de las capuladas, drin abans la revolucion de 1848. La situacion de l&#8217;ainat e deus capd\u00e8ths a l&#8217;arribada deu dret franc\u00e9s esvalisaire de las tradicions e deus F\u00f2rs de Bearn. Las pelejas enter monarquistas e republicans. Ua sintaxi autentica, ua lenga rica. Tot aquer\u00f2 que h\u00e8 d&#8217;aqueth [&hellip;]<\/p>\n","protected":false},"featured_media":46996,"template":"","meta":{"_acf_changed":false,"_genesis_hide_title":false,"_genesis_hide_breadcrumbs":false,"_genesis_hide_singular_image":false,"_genesis_hide_footer_widgets":false,"_genesis_custom_body_class":"","_genesis_custom_post_class":"","_genesis_layout":""},"product_brand":[],"product_cat":[7132,7174,7182],"product_tag":[],"class_list":{"0":"post-43595","1":"product","2":"type-product","3":"status-publish","4":"has-post-thumbnail","6":"product_cat-books","7":"product_cat-literature-en","8":"product_cat-novels-short-stories-en","9":"pa_auteur-palay-simin-en","10":"pa_editeur-per-noste-en","11":"pa_langue-occitan-gascon-en","12":"entry","14":"first","15":"instock","16":"shipping-taxable","17":"purchasable","18":"product-type-simple"},"acf":[],"_links":{"self":[{"href":"https:\/\/www.libraria-occitana.org\/en\/wp-json\/wp\/v2\/product\/43595","targetHints":{"allow":["GET"]}}],"collection":[{"href":"https:\/\/www.libraria-occitana.org\/en\/wp-json\/wp\/v2\/product"}],"about":[{"href":"https:\/\/www.libraria-occitana.org\/en\/wp-json\/wp\/v2\/types\/product"}],"wp:featuredmedia":[{"embeddable":true,"href":"https:\/\/www.libraria-occitana.org\/en\/wp-json\/wp\/v2\/media\/46996"}],"wp:attachment":[{"href":"https:\/\/www.libraria-occitana.org\/en\/wp-json\/wp\/v2\/media?parent=43595"}],"wp:term":[{"taxonomy":"product_brand","embeddable":true,"href":"https:\/\/www.libraria-occitana.org\/en\/wp-json\/wp\/v2\/product_brand?post=43595"},{"taxonomy":"product_cat","embeddable":true,"href":"https:\/\/www.libraria-occitana.org\/en\/wp-json\/wp\/v2\/product_cat?post=43595"},{"taxonomy":"product_tag","embeddable":true,"href":"https:\/\/www.libraria-occitana.org\/en\/wp-json\/wp\/v2\/product_tag?post=43595"}],"curies":[{"name":"wp","href":"https:\/\/api.w.org\/{rel}","templated":true}]}}