{"id":43636,"date":"2018-08-19T10:10:16","date_gmt":"2018-08-19T08:10:16","guid":{"rendered":"http:\/\/www.libraria-occitana.org\/?post_type=product&#038;p=43636"},"modified":"2026-04-16T22:56:52","modified_gmt":"2026-04-16T20:56:52","slug":"la-toponymie-des-voies-romaines-et-medievales","status":"publish","type":"product","link":"https:\/\/www.libraria-occitana.org\/en\/product\/la-toponymie-des-voies-romaines-et-medievales\/","title":{"rendered":"La toponymie des voies romaines et m\u00e9di\u00e9vales"},"content":{"rendered":"<p><strong>Nouvelle \u00c9dition revue et augment\u00e9e<\/strong><\/p>\n<p>Si les Gaulois et leurs pr\u00e9d\u00e9cesseurs avaient \u00e9tabli des axes de communication \u00e0 travers l&#8217;Europe, les Romains furent c\u00e9l\u00e8bres pour l&#8217;implantation syst\u00e9matique de r\u00e9seaux routiers dont h\u00e9ritera le Moyen \u00c2ge. Une route s&#8217;av\u00e8re souvent un monument important aux yeux de la population, plus que les temples ou les th\u00e9\u00e2tres. Elles traversent des territoires, sont utilis\u00e9es pour la vie de tous les jours, comme elles marquent le paysage.<\/p>\n<p>Des constructions humaines, ce sont elles qui ont laiss\u00e9 le plus de mots dans la m\u00e9moire du sol et dans le souvenir des hommes. Des milliers de noms dans les campagnes se rattachent aux voies, aux auberges, aux ponts, aux gu\u00e9s. Suivre une voie ancienne ne correspond pas seulement \u00e0 faire des kilom\u00e8tres ; c&#8217;est aussi une remont\u00e9e dans le temps. Les noms de lieux appartiennent \u00e0 l&#8217;histoire et nous guident dans diff\u00e9rents paysages, de l&#8217;\u00e9poque gauloise \u00e0 la fin du Moyen \u00c2ge.<\/p>\n","protected":false},"excerpt":{"rendered":"<p>Nouvelle \u00c9dition revue et augment\u00e9e Si les Gaulois et leurs pr\u00e9d\u00e9cesseurs avaient \u00e9tabli des axes de communication \u00e0 travers l&#8217;Europe, les Romains furent c\u00e9l\u00e8bres pour l&#8217;implantation syst\u00e9matique de r\u00e9seaux routiers dont h\u00e9ritera le Moyen \u00c2ge. Une route s&#8217;av\u00e8re souvent un monument important aux yeux de la population, plus que les temples ou les th\u00e9\u00e2tres. Elles [&hellip;]<\/p>\n","protected":false},"featured_media":43634,"template":"","meta":{"_acf_changed":false,"_genesis_hide_title":false,"_genesis_hide_breadcrumbs":false,"_genesis_hide_singular_image":false,"_genesis_hide_footer_widgets":false,"_genesis_custom_body_class":"","_genesis_custom_post_class":"","_genesis_layout":""},"product_brand":[],"product_cat":[7132,7148,7162],"product_tag":[],"class_list":{"0":"post-43636","1":"product","2":"type-product","3":"status-publish","4":"has-post-thumbnail","6":"product_cat-books","7":"product_cat-history-geography-en","8":"product_cat-place-names-peoples-names-en","9":"pa_auteur-gendron-stephane-en","10":"pa_editeur-editions-errance-en","11":"pa_langue-francais-en","12":"entry","14":"first","15":"instock","16":"shipping-taxable","17":"purchasable","18":"product-type-simple"},"acf":[],"_links":{"self":[{"href":"https:\/\/www.libraria-occitana.org\/en\/wp-json\/wp\/v2\/product\/43636","targetHints":{"allow":["GET"]}}],"collection":[{"href":"https:\/\/www.libraria-occitana.org\/en\/wp-json\/wp\/v2\/product"}],"about":[{"href":"https:\/\/www.libraria-occitana.org\/en\/wp-json\/wp\/v2\/types\/product"}],"wp:featuredmedia":[{"embeddable":true,"href":"https:\/\/www.libraria-occitana.org\/en\/wp-json\/wp\/v2\/media\/43634"}],"wp:attachment":[{"href":"https:\/\/www.libraria-occitana.org\/en\/wp-json\/wp\/v2\/media?parent=43636"}],"wp:term":[{"taxonomy":"product_brand","embeddable":true,"href":"https:\/\/www.libraria-occitana.org\/en\/wp-json\/wp\/v2\/product_brand?post=43636"},{"taxonomy":"product_cat","embeddable":true,"href":"https:\/\/www.libraria-occitana.org\/en\/wp-json\/wp\/v2\/product_cat?post=43636"},{"taxonomy":"product_tag","embeddable":true,"href":"https:\/\/www.libraria-occitana.org\/en\/wp-json\/wp\/v2\/product_tag?post=43636"}],"curies":[{"name":"wp","href":"https:\/\/api.w.org\/{rel}","templated":true}]}}