{"id":43675,"date":"2003-12-19T11:16:59","date_gmt":"2003-12-19T10:16:59","guid":{"rendered":"http:\/\/www.libraria-occitana.org\/?post_type=product&#038;p=43675"},"modified":"2026-04-29T06:36:10","modified_gmt":"2026-04-29T04:36:10","slug":"figuras-dau-poeta-e-dau-poema-dins-lescritura-occitana-contemporanea-marcela-delpastre-mas-felipe-delavouet-bernat-manciet-renat-nelli","status":"publish","type":"product","link":"https:\/\/www.libraria-occitana.org\/en\/product\/figuras-dau-poeta-e-dau-poema-dins-lescritura-occitana-contemporanea-marcela-delpastre-mas-felipe-delavouet-bernat-manciet-renat-nelli\/","title":{"rendered":"Figuras dau po\u00e8ta e dau po\u00e8ma dins l\u2019escritura occitana contemporan\u00e8a : Marcela Delpastre, Mas-Felipe Delavou\u00ebt, Bernat Manciet, Renat Nelli"},"content":{"rendered":"<p>Dins lo debanar de l&#8217;escritura po\u00ebtica, un moment important es lo que fin\u00eds per s&#8217;inscriure dins lo t\u00e8xt, d&#8217;un biais mai \u00f2 mens vesedor e mai amb d&#8217;insist\u00e9ncias cambiadissas, la figura ela dau po\u00e8ta. L&#8217;escritura po\u00ebtica, ansin, pren sa pla\u00e7a dins touta una tradicion f\u00f2r\u00e7a anciana, que remonta ai figuras de D\u00e0vid, lo saumista, coma a aquela d&#8217;Orf\u00e8u, e mai afort\u00eds sa pr\u00f2pria identitat dins aqueu l\u00f2ng camin seguit a fiu de s\u00e8gles.<br \/>\nTres po\u00e8tas mai que mai, e d\u2019elei pas que tres po\u00e8mas, e mai cortets pusl\u00e8u, son estats causits aic\u00ed coma m\u00f2stras especialament espectaclosas, nos a semblat, d\u2019aquelei moments d\u2019epifania. Aquelei tres po\u00e8mas e seis autors, Marcela Delpastre, Mas-Felipe Delavou\u00ebt e Bernat Manciet, marcan totei d\u2019etapas f\u00f2rtas e ricas dins lo debanar de l\u2019escritura po\u00ebtica en occitan dau s\u00e8gle vint. Aquelei tres po\u00e8tas, d\u2019una soleta generacion, la que nasqu\u00e8t ais entorns deis ans 1920 d\u2019aqueu s\u00e8gle ara finit, son generalament considerats coma d\u2019escrivans que son \u00f2bra fagu\u00e8t e contunha de faire data. Per elei tres, l\u2019escritura po\u00ebtica representa, se p\u00f2t pensar, un cim\u00e8u de son escritura, maugrat l\u2019import\u00e0ncia qu\u2019an pogut acordar a d\u2019autrei biais d\u2019escriure, teatre \u00f2 rac\u00f2nte en pr\u00f2sa, ai limits dau \u00ab roman \u00bb classic, per exemple.<br \/>\nPo\u00e8ta e po\u00ebtician m\u00e0ger de l\u2019escritura occitana dau s\u00e8gle vint, Renat Nelli ajuda a faire lo ligam entre aquelei tres po\u00e8tas e lei singularitats de son identitat imagin\u00e0ria.<\/p>\n","protected":false},"excerpt":{"rendered":"<p>Dins lo debanar de l&#8217;escritura po\u00ebtica, un moment important es lo que fin\u00eds per s&#8217;inscriure dins lo t\u00e8xt, d&#8217;un biais mai \u00f2 mens vesedor e mai amb d&#8217;insist\u00e9ncias cambiadissas, la figura ela dau po\u00e8ta. L&#8217;escritura po\u00ebtica, ansin, pren sa pla\u00e7a dins touta una tradicion f\u00f2r\u00e7a anciana, que remonta ai figuras de D\u00e0vid, lo saumista, coma [&hellip;]<\/p>\n","protected":false},"featured_media":51630,"template":"","meta":{"_acf_changed":false,"_genesis_hide_title":false,"_genesis_hide_breadcrumbs":false,"_genesis_hide_singular_image":false,"_genesis_hide_footer_widgets":false,"_genesis_custom_body_class":"","_genesis_custom_post_class":"","_genesis_layout":""},"product_brand":[],"product_cat":[7188,7132,7174],"product_tag":[],"class_list":{"0":"post-43675","1":"product","2":"type-product","3":"status-publish","4":"has-post-thumbnail","6":"product_cat-arts-studies-en","7":"product_cat-books","8":"product_cat-literature-en","9":"pa_auteur-gardy-philippe-en","10":"pa_editeur-jorn-en","11":"pa_langue-occitan-en","12":"pa_langue-occitan-provencau-en","13":"entry","15":"first","16":"outofstock","17":"shipping-taxable","18":"purchasable","19":"product-type-simple"},"acf":[],"_links":{"self":[{"href":"https:\/\/www.libraria-occitana.org\/en\/wp-json\/wp\/v2\/product\/43675","targetHints":{"allow":["GET"]}}],"collection":[{"href":"https:\/\/www.libraria-occitana.org\/en\/wp-json\/wp\/v2\/product"}],"about":[{"href":"https:\/\/www.libraria-occitana.org\/en\/wp-json\/wp\/v2\/types\/product"}],"wp:featuredmedia":[{"embeddable":true,"href":"https:\/\/www.libraria-occitana.org\/en\/wp-json\/wp\/v2\/media\/51630"}],"wp:attachment":[{"href":"https:\/\/www.libraria-occitana.org\/en\/wp-json\/wp\/v2\/media?parent=43675"}],"wp:term":[{"taxonomy":"product_brand","embeddable":true,"href":"https:\/\/www.libraria-occitana.org\/en\/wp-json\/wp\/v2\/product_brand?post=43675"},{"taxonomy":"product_cat","embeddable":true,"href":"https:\/\/www.libraria-occitana.org\/en\/wp-json\/wp\/v2\/product_cat?post=43675"},{"taxonomy":"product_tag","embeddable":true,"href":"https:\/\/www.libraria-occitana.org\/en\/wp-json\/wp\/v2\/product_tag?post=43675"}],"curies":[{"name":"wp","href":"https:\/\/api.w.org\/{rel}","templated":true}]}}