{"id":43705,"date":"2015-05-19T14:17:01","date_gmt":"2015-05-19T12:17:01","guid":{"rendered":"http:\/\/www.libraria-occitana.org\/?post_type=product&#038;p=43705"},"modified":"2025-03-09T01:16:42","modified_gmt":"2025-03-09T00:16:42","slug":"les-conteurs-ouvriers","status":"publish","type":"product","link":"https:\/\/www.libraria-occitana.org\/en\/product\/les-conteurs-ouvriers\/","title":{"rendered":"Les conteurs ouvriers"},"content":{"rendered":"<p>N\u00e9 en 1815, fils et petit-fils de bergers de la Brie, l\u2019ouvrier serrurier J\u00e9r\u00f4me-Pierre Gilland fut l\u2019un de ces militants h\u00e9ro\u00efques des ann\u00e9es pr\u00e9c\u00e9dant la R\u00e9volution de 1848, qui ont \u0153uvr\u00e9 dans des conditions particuli\u00e8rement difficiles \u00e0 l\u2019affranchissement \u00e9conomique et moral des travailleurs. Collaborateur du journal d\u2019ouvriers l\u2019<em>Atelier<\/em> \u2013 qui milita pendant dix ann\u00e9es, de 1840 \u00e0 1850, en faveur du suffrage universel et de l\u2019association ouvri\u00e8re de production \u2013, Gilland salua le r\u00e9tablissement de la R\u00e9publique en f\u00e9vrier 1848, et brigua (sans succ\u00e8s, mais il faut dire que la propagande contre les socialistes \u00e9tait f\u00e9roce) un mandat de repr\u00e9sentant du peuple \u00e0 l\u2019Assembl\u00e9e constituante. La r\u00e9pression brutale de l\u2019insurrection de juin 1848 lui valut cinq mois de prison, repos forc\u00e9 dans lequel il put \u00e9crire les contes que nous pr\u00e9sentons ici. Apr\u00e8s son acquittement, Gilland sera \u00e9lu repr\u00e9sentant du peuple \u00e0 l\u2019Assembl\u00e9e l\u00e9gislative de 1849, o\u00f9 il si\u00e9gera avec les d\u00e9mocrates socialistes, jusqu\u2019au coup d\u2019\u00c9tat du 2 d\u00e9cembre 1851. Il meurt d\u2019\u00e9puisement en 1854, \u00e0 trente-neuf ans.<\/p>\n<p>La sensibilit\u00e9 romantique des contes ne masquera sans doute pas au lecteur attentif la critique sociale souvent mordante dont ils sont travers\u00e9s, qu\u2019il agisse de d\u00e9voiler les effets pervers de la philanthropie officielle, de d\u00e9noncer le travail des enfants et la situation faite aux apprentis, ou de d\u00e9fendre la voie difficile du \u00ab refus de parvenir \u00bb.<\/p>\n","protected":false},"excerpt":{"rendered":"<p>N\u00e9 en 1815, fils et petit-fils de bergers de la Brie, l\u2019ouvrier serrurier J\u00e9r\u00f4me-Pierre Gilland fut l\u2019un de ces militants h\u00e9ro\u00efques des ann\u00e9es pr\u00e9c\u00e9dant la R\u00e9volution de 1848, qui ont \u0153uvr\u00e9 dans des conditions particuli\u00e8rement difficiles \u00e0 l\u2019affranchissement \u00e9conomique et moral des travailleurs. Collaborateur du journal d\u2019ouvriers l\u2019Atelier \u2013 qui milita pendant dix ann\u00e9es, de [&hellip;]<\/p>\n","protected":false},"featured_media":43703,"template":"","meta":{"_acf_changed":false,"_genesis_hide_title":false,"_genesis_hide_breadcrumbs":false,"_genesis_hide_singular_image":false,"_genesis_hide_footer_widgets":false,"_genesis_custom_body_class":"","_genesis_custom_post_class":"","_genesis_layout":""},"product_brand":[],"product_cat":[7132,7174,7176],"product_tag":[],"class_list":{"0":"post-43705","1":"product","2":"type-product","3":"status-publish","4":"has-post-thumbnail","6":"product_cat-books","7":"product_cat-literature-en","8":"product_cat-tales-fables-en","9":"pa_auteur-gilland-jerome-pierre-en","10":"pa_editeur-plein-chant-en","11":"pa_langue-francais-en","12":"entry","14":"first","15":"outofstock","16":"shipping-taxable","17":"purchasable","18":"product-type-simple"},"acf":[],"_links":{"self":[{"href":"https:\/\/www.libraria-occitana.org\/en\/wp-json\/wp\/v2\/product\/43705","targetHints":{"allow":["GET"]}}],"collection":[{"href":"https:\/\/www.libraria-occitana.org\/en\/wp-json\/wp\/v2\/product"}],"about":[{"href":"https:\/\/www.libraria-occitana.org\/en\/wp-json\/wp\/v2\/types\/product"}],"wp:featuredmedia":[{"embeddable":true,"href":"https:\/\/www.libraria-occitana.org\/en\/wp-json\/wp\/v2\/media\/43703"}],"wp:attachment":[{"href":"https:\/\/www.libraria-occitana.org\/en\/wp-json\/wp\/v2\/media?parent=43705"}],"wp:term":[{"taxonomy":"product_brand","embeddable":true,"href":"https:\/\/www.libraria-occitana.org\/en\/wp-json\/wp\/v2\/product_brand?post=43705"},{"taxonomy":"product_cat","embeddable":true,"href":"https:\/\/www.libraria-occitana.org\/en\/wp-json\/wp\/v2\/product_cat?post=43705"},{"taxonomy":"product_tag","embeddable":true,"href":"https:\/\/www.libraria-occitana.org\/en\/wp-json\/wp\/v2\/product_tag?post=43705"}],"curies":[{"name":"wp","href":"https:\/\/api.w.org\/{rel}","templated":true}]}}